{"id":4003,"date":"2023-01-21T22:39:36","date_gmt":"2023-01-21T20:39:36","guid":{"rendered":"https:\/\/reform.ee\/riigikogu-valimised-2023\/?page_id=4003"},"modified":"2023-01-24T11:44:40","modified_gmt":"2023-01-24T09:44:40","slug":"teleklipid","status":"publish","type":"page","link":"https:\/\/reform.ee\/riigikogu-valimised-2023\/teleklipid\/","title":{"rendered":"Teleklipid"},"content":{"rendered":"\r\n  <div class=\"video-slider\">\r\n\r\n    <div class=\"flex justify-between items-center\">\r\n      <h2 class=\"mb-0\"><\/h2>\r\n\r\n      <div class=\"hidden lg:flex items-center ml-6\" data-glide-el=\"controls\">\r\n        <button data-glide-dir=\"&lt;\" class=\"btn btn--secondary btn--icon-only\">\r\n          <span class=\"custom-icon-i-chevron-l -scale-x-100\"><\/span>\r\n        <\/button>\r\n\r\n        <div class=\"video-slider__data text-primary text-2xl px-4 w-24 text-center\">\r\n          1\/1\r\n        <\/div>\r\n\r\n        <button data-glide-dir=\"&gt;\" class=\"btn btn--secondary btn--icon-only\">\r\n          <span class=\"custom-icon-i-chevron-l\"><\/span>\r\n        <\/button>\r\n      <\/div>\r\n    <\/div>\r\n\r\n    <div class=\"glide__track\" data-glide-el=\"track\">\r\n      <div class=\"glide__slides\">\r\n\r\n        \r\n          <div class=\"glide__slide\">\r\n            <div class=\"video-player\">\r\n              <div\r\n                class=\"video\"\r\n                data-plyr-provider=\"vimeo\"\r\n                data-plyr-embed-id=\"790426888\"\r\n                data-poster=\"https:\/\/reform.ee\/riigikogu-valimised-2023\/wp-content\/uploads\/2023\/01\/Reformierakond-julgeolek-1920x1080.jpg\"\r\n                data-plyr-config='{\r\n                  \"ratio\": \"16:9\"\r\n                }'\r\n              ><\/div>\r\n              <div\r\n                class=\"video-player__thumbnail\"\r\n                style=\"background-image: url(https:\/\/reform.ee\/riigikogu-valimised-2023\/wp-content\/uploads\/2023\/01\/Reformierakond-julgeolek-1920x1080.jpg);\"\r\n              >\r\n                                  <h2 class=\"video-player__title\">Kindlates k\u00e4tes julgeolek!<\/h2>\r\n                              <\/div>\r\n            <\/div>\r\n          <\/div>\r\n        \r\n          <div class=\"glide__slide\">\r\n            <div class=\"video-player\">\r\n              <div\r\n                class=\"video\"\r\n                data-plyr-provider=\"vimeo\"\r\n                data-plyr-embed-id=\"790426805\"\r\n                data-poster=\"https:\/\/reform.ee\/riigikogu-valimised-2023\/wp-content\/uploads\/2023\/01\/Reformierakond-Majandus-1920x1080.jpg\"\r\n                data-plyr-config='{\r\n                  \"ratio\": \"16:9\"\r\n                }'\r\n              ><\/div>\r\n              <div\r\n                class=\"video-player__thumbnail\"\r\n                style=\"background-image: url(https:\/\/reform.ee\/riigikogu-valimised-2023\/wp-content\/uploads\/2023\/01\/Reformierakond-Majandus-1920x1080.jpg);\"\r\n              >\r\n                                  <h2 class=\"video-player__title\">Kindlates k\u00e4tes majandus!<\/h2>\r\n                              <\/div>\r\n            <\/div>\r\n          <\/div>\r\n        \r\n          <div class=\"glide__slide\">\r\n            <div class=\"video-player\">\r\n              <div\r\n                class=\"video\"\r\n                data-plyr-provider=\"vimeo\"\r\n                data-plyr-embed-id=\"790426837\"\r\n                data-poster=\"https:\/\/reform.ee\/riigikogu-valimised-2023\/wp-content\/uploads\/2023\/01\/Reformierakond-pensionid-1920x1080.jpg\"\r\n                data-plyr-config='{\r\n                  \"ratio\": \"16:9\"\r\n                }'\r\n              ><\/div>\r\n              <div\r\n                class=\"video-player__thumbnail\"\r\n                style=\"background-image: url(https:\/\/reform.ee\/riigikogu-valimised-2023\/wp-content\/uploads\/2023\/01\/Reformierakond-pensionid-1920x1080.jpg);\"\r\n              >\r\n                                  <h2 class=\"video-player__title\">Kindlates k\u00e4tes pensionid!<\/h2>\r\n                              <\/div>\r\n            <\/div>\r\n          <\/div>\r\n        \r\n          <div class=\"glide__slide\">\r\n            <div class=\"video-player\">\r\n              <div\r\n                class=\"video\"\r\n                data-plyr-provider=\"vimeo\"\r\n                data-plyr-embed-id=\"760686021\"\r\n                data-poster=\"https:\/\/reform.ee\/riigikogu-valimised-2023\/wp-content\/uploads\/2022\/12\/Kaja-Kallas-kindlates-kates-Eesti-2.jpg\"\r\n                data-plyr-config='{\r\n                  \"ratio\": \"16:9\"\r\n                }'\r\n              ><\/div>\r\n              <div\r\n                class=\"video-player__thumbnail\"\r\n                style=\"background-image: url(https:\/\/reform.ee\/riigikogu-valimised-2023\/wp-content\/uploads\/2022\/12\/Kaja-Kallas-kindlates-kates-Eesti-2.jpg);\"\r\n              >\r\n                                  <h2 class=\"video-player__title\">Kindlates k\u00e4tes Eesti!<\/h2>\r\n                              <\/div>\r\n            <\/div>\r\n          <\/div>\r\n        \r\n      <\/div>\r\n    <\/div>\r\n\r\n    <div class=\"flex lg:hidden items-center justify-end\" data-glide-el=\"controls\">\r\n      <button data-glide-dir=\"&lt;\" class=\"btn btn--secondary btn--icon-only\">\r\n        <span class=\"custom-icon-i-chevron-s -scale-x-100\"><\/span>\r\n      <\/button>\r\n\r\n      <div class=\"video-slider__data text-primary lg:text-2xl px-4 w-16 lg:w-24 text-center\">\r\n        1\/1\r\n      <\/div>\r\n\r\n      <button data-glide-dir=\"&gt;\" class=\"btn btn--secondary btn--icon-only\">\r\n        <span class=\"custom-icon-i-chevron-s\"><\/span>\r\n      <\/button>\r\n    <\/div>\r\n  <\/div>\r\n\r\n","protected":false},"excerpt":{"rendered":"","protected":false},"author":5,"featured_media":3448,"parent":0,"menu_order":0,"comment_status":"closed","ping_status":"closed","template":"","meta":{"_acf_changed":false,"footnotes":""},"class_list":["post-4003","page","type-page","status-publish","has-post-thumbnail","hentry"],"acf":[],"yoast_head":"<!-- This site is optimized with the Yoast SEO plugin v27.4 - https:\/\/yoast.com\/product\/yoast-seo-wordpress\/ -->\n<title>Teleklipid | Reformierakond | Riigikogu valimised 2023<\/title>\n<meta name=\"description\" content=\"Valides Riigikogu valimistel Reformierakonda on Eesti kindlates k\u00e4tes. Kindlates k\u00e4tes Eesti t\u00e4hendab kindlates k\u00e4tes julgeolekut ja liitlassuhteid, toimetulekut, majandust ja ettev\u00f5tlust, v\u00e4lispoliitikat, tervishoidu ja kvaliteetset eestikeelset haridust.\" \/>\n<meta name=\"robots\" content=\"index, follow, max-snippet:-1, max-image-preview:large, max-video-preview:-1\" \/>\n<link rel=\"canonical\" href=\"https:\/\/reform.ee\/riigikogu-valimised-2023\/teleklipid\/\" \/>\n<meta property=\"og:locale\" content=\"en_US\" \/>\n<meta property=\"og:type\" content=\"article\" \/>\n<meta property=\"og:title\" content=\"Teleklipid | Reformierakond | Riigikogu valimised 2023\" \/>\n<meta property=\"og:description\" content=\"Valides Riigikogu valimistel Reformierakonda on Eesti kindlates k\u00e4tes. Kindlates k\u00e4tes Eesti t\u00e4hendab kindlates k\u00e4tes julgeolekut ja liitlassuhteid, toimetulekut, majandust ja ettev\u00f5tlust, v\u00e4lispoliitikat, tervishoidu ja kvaliteetset eestikeelset haridust.\" \/>\n<meta property=\"og:url\" content=\"https:\/\/reform.ee\/riigikogu-valimised-2023\/teleklipid\/\" \/>\n<meta property=\"og:site_name\" content=\"Riigikogu valimised 2023\" \/>\n<meta property=\"article:publisher\" content=\"https:\/\/www.facebook.com\/reformierakond\" \/>\n<meta property=\"article:modified_time\" content=\"2023-01-24T09:44:40+00:00\" \/>\n<meta property=\"og:image\" content=\"https:\/\/reform.ee\/riigikogu-valimised-2023\/wp-content\/uploads\/2023\/01\/Reformierakond-kindlates-kates-julgeolek.jpg\" \/>\n\t<meta property=\"og:image:width\" content=\"1200\" \/>\n\t<meta property=\"og:image:height\" content=\"630\" \/>\n\t<meta property=\"og:image:type\" content=\"image\/jpeg\" \/>\n<meta name=\"twitter:card\" content=\"summary_large_image\" \/>\n<meta name=\"twitter:site\" content=\"@reformikad\" \/>\n<script type=\"application\/ld+json\" class=\"yoast-schema-graph\">{\"@context\":\"https:\\\/\\\/schema.org\",\"@graph\":[{\"@type\":\"WebPage\",\"@id\":\"https:\\\/\\\/reform.ee\\\/riigikogu-valimised-2023\\\/teleklipid\\\/\",\"url\":\"https:\\\/\\\/reform.ee\\\/riigikogu-valimised-2023\\\/teleklipid\\\/\",\"name\":\"Teleklipid | Reformierakond | Riigikogu valimised 2023\",\"isPartOf\":{\"@id\":\"https:\\\/\\\/reform.ee\\\/riigikogu-valimised-2023\\\/#website\"},\"primaryImageOfPage\":{\"@id\":\"https:\\\/\\\/reform.ee\\\/riigikogu-valimised-2023\\\/teleklipid\\\/#primaryimage\"},\"image\":{\"@id\":\"https:\\\/\\\/reform.ee\\\/riigikogu-valimised-2023\\\/teleklipid\\\/#primaryimage\"},\"thumbnailUrl\":\"https:\\\/\\\/reform.ee\\\/riigikogu-valimised-2023\\\/wp-content\\\/uploads\\\/2023\\\/01\\\/Reformierakond-kindlates-kates-julgeolek.jpg\",\"datePublished\":\"2023-01-21T20:39:36+00:00\",\"dateModified\":\"2023-01-24T09:44:40+00:00\",\"description\":\"Valides Riigikogu valimistel Reformierakonda on Eesti kindlates k\u00e4tes. Kindlates k\u00e4tes Eesti t\u00e4hendab kindlates k\u00e4tes julgeolekut ja liitlassuhteid, toimetulekut, majandust ja ettev\u00f5tlust, v\u00e4lispoliitikat, tervishoidu ja kvaliteetset eestikeelset haridust.\",\"breadcrumb\":{\"@id\":\"https:\\\/\\\/reform.ee\\\/riigikogu-valimised-2023\\\/teleklipid\\\/#breadcrumb\"},\"inLanguage\":\"en\",\"potentialAction\":[{\"@type\":\"ReadAction\",\"target\":[\"https:\\\/\\\/reform.ee\\\/riigikogu-valimised-2023\\\/teleklipid\\\/\"]}]},{\"@type\":\"ImageObject\",\"inLanguage\":\"en\",\"@id\":\"https:\\\/\\\/reform.ee\\\/riigikogu-valimised-2023\\\/teleklipid\\\/#primaryimage\",\"url\":\"https:\\\/\\\/reform.ee\\\/riigikogu-valimised-2023\\\/wp-content\\\/uploads\\\/2023\\\/01\\\/Reformierakond-kindlates-kates-julgeolek.jpg\",\"contentUrl\":\"https:\\\/\\\/reform.ee\\\/riigikogu-valimised-2023\\\/wp-content\\\/uploads\\\/2023\\\/01\\\/Reformierakond-kindlates-kates-julgeolek.jpg\",\"width\":1200,\"height\":630,\"caption\":\"Reformierakond kindlates ka\u0308tes julgeolek\"},{\"@type\":\"BreadcrumbList\",\"@id\":\"https:\\\/\\\/reform.ee\\\/riigikogu-valimised-2023\\\/teleklipid\\\/#breadcrumb\",\"itemListElement\":[{\"@type\":\"ListItem\",\"position\":1,\"name\":\"Home\",\"item\":\"https:\\\/\\\/reform.ee\\\/riigikogu-valimised-2023\\\/\"},{\"@type\":\"ListItem\",\"position\":2,\"name\":\"Teleklipid\"}]},{\"@type\":\"WebSite\",\"@id\":\"https:\\\/\\\/reform.ee\\\/riigikogu-valimised-2023\\\/#website\",\"url\":\"https:\\\/\\\/reform.ee\\\/riigikogu-valimised-2023\\\/\",\"name\":\"Riigikogu valimised 2023\",\"description\":\"Reformierakond\",\"potentialAction\":[{\"@type\":\"SearchAction\",\"target\":{\"@type\":\"EntryPoint\",\"urlTemplate\":\"https:\\\/\\\/reform.ee\\\/riigikogu-valimised-2023\\\/?s={search_term_string}\"},\"query-input\":{\"@type\":\"PropertyValueSpecification\",\"valueRequired\":true,\"valueName\":\"search_term_string\"}}],\"inLanguage\":\"en\"}]}<\/script>\n<!-- \/ Yoast SEO plugin. -->","yoast_head_json":{"title":"Teleklipid | Reformierakond | Riigikogu valimised 2023","description":"Valides Riigikogu valimistel Reformierakonda on Eesti kindlates k\u00e4tes. Kindlates k\u00e4tes Eesti t\u00e4hendab kindlates k\u00e4tes julgeolekut ja liitlassuhteid, toimetulekut, majandust ja ettev\u00f5tlust, v\u00e4lispoliitikat, tervishoidu ja kvaliteetset eestikeelset haridust.","robots":{"index":"index","follow":"follow","max-snippet":"max-snippet:-1","max-image-preview":"max-image-preview:large","max-video-preview":"max-video-preview:-1"},"canonical":"https:\/\/reform.ee\/riigikogu-valimised-2023\/teleklipid\/","og_locale":"en_US","og_type":"article","og_title":"Teleklipid | Reformierakond | Riigikogu valimised 2023","og_description":"Valides Riigikogu valimistel Reformierakonda on Eesti kindlates k\u00e4tes. Kindlates k\u00e4tes Eesti t\u00e4hendab kindlates k\u00e4tes julgeolekut ja liitlassuhteid, toimetulekut, majandust ja ettev\u00f5tlust, v\u00e4lispoliitikat, tervishoidu ja kvaliteetset eestikeelset haridust.","og_url":"https:\/\/reform.ee\/riigikogu-valimised-2023\/teleklipid\/","og_site_name":"Riigikogu valimised 2023","article_publisher":"https:\/\/www.facebook.com\/reformierakond","article_modified_time":"2023-01-24T09:44:40+00:00","og_image":[{"width":1200,"height":630,"url":"https:\/\/reform.ee\/riigikogu-valimised-2023\/wp-content\/uploads\/2023\/01\/Reformierakond-kindlates-kates-julgeolek.jpg","type":"image\/jpeg"}],"twitter_card":"summary_large_image","twitter_site":"@reformikad","schema":{"@context":"https:\/\/schema.org","@graph":[{"@type":"WebPage","@id":"https:\/\/reform.ee\/riigikogu-valimised-2023\/teleklipid\/","url":"https:\/\/reform.ee\/riigikogu-valimised-2023\/teleklipid\/","name":"Teleklipid | Reformierakond | Riigikogu valimised 2023","isPartOf":{"@id":"https:\/\/reform.ee\/riigikogu-valimised-2023\/#website"},"primaryImageOfPage":{"@id":"https:\/\/reform.ee\/riigikogu-valimised-2023\/teleklipid\/#primaryimage"},"image":{"@id":"https:\/\/reform.ee\/riigikogu-valimised-2023\/teleklipid\/#primaryimage"},"thumbnailUrl":"https:\/\/reform.ee\/riigikogu-valimised-2023\/wp-content\/uploads\/2023\/01\/Reformierakond-kindlates-kates-julgeolek.jpg","datePublished":"2023-01-21T20:39:36+00:00","dateModified":"2023-01-24T09:44:40+00:00","description":"Valides Riigikogu valimistel Reformierakonda on Eesti kindlates k\u00e4tes. Kindlates k\u00e4tes Eesti t\u00e4hendab kindlates k\u00e4tes julgeolekut ja liitlassuhteid, toimetulekut, majandust ja ettev\u00f5tlust, v\u00e4lispoliitikat, tervishoidu ja kvaliteetset eestikeelset haridust.","breadcrumb":{"@id":"https:\/\/reform.ee\/riigikogu-valimised-2023\/teleklipid\/#breadcrumb"},"inLanguage":"en","potentialAction":[{"@type":"ReadAction","target":["https:\/\/reform.ee\/riigikogu-valimised-2023\/teleklipid\/"]}]},{"@type":"ImageObject","inLanguage":"en","@id":"https:\/\/reform.ee\/riigikogu-valimised-2023\/teleklipid\/#primaryimage","url":"https:\/\/reform.ee\/riigikogu-valimised-2023\/wp-content\/uploads\/2023\/01\/Reformierakond-kindlates-kates-julgeolek.jpg","contentUrl":"https:\/\/reform.ee\/riigikogu-valimised-2023\/wp-content\/uploads\/2023\/01\/Reformierakond-kindlates-kates-julgeolek.jpg","width":1200,"height":630,"caption":"Reformierakond kindlates ka\u0308tes julgeolek"},{"@type":"BreadcrumbList","@id":"https:\/\/reform.ee\/riigikogu-valimised-2023\/teleklipid\/#breadcrumb","itemListElement":[{"@type":"ListItem","position":1,"name":"Home","item":"https:\/\/reform.ee\/riigikogu-valimised-2023\/"},{"@type":"ListItem","position":2,"name":"Teleklipid"}]},{"@type":"WebSite","@id":"https:\/\/reform.ee\/riigikogu-valimised-2023\/#website","url":"https:\/\/reform.ee\/riigikogu-valimised-2023\/","name":"Riigikogu valimised 2023","description":"Reformierakond","potentialAction":[{"@type":"SearchAction","target":{"@type":"EntryPoint","urlTemplate":"https:\/\/reform.ee\/riigikogu-valimised-2023\/?s={search_term_string}"},"query-input":{"@type":"PropertyValueSpecification","valueRequired":true,"valueName":"search_term_string"}}],"inLanguage":"en"}]}},"_links":{"self":[{"href":"https:\/\/reform.ee\/riigikogu-valimised-2023\/wp-json\/wp\/v2\/pages\/4003","targetHints":{"allow":["GET"]}}],"collection":[{"href":"https:\/\/reform.ee\/riigikogu-valimised-2023\/wp-json\/wp\/v2\/pages"}],"about":[{"href":"https:\/\/reform.ee\/riigikogu-valimised-2023\/wp-json\/wp\/v2\/types\/page"}],"author":[{"embeddable":true,"href":"https:\/\/reform.ee\/riigikogu-valimised-2023\/wp-json\/wp\/v2\/users\/5"}],"replies":[{"embeddable":true,"href":"https:\/\/reform.ee\/riigikogu-valimised-2023\/wp-json\/wp\/v2\/comments?post=4003"}],"version-history":[{"count":7,"href":"https:\/\/reform.ee\/riigikogu-valimised-2023\/wp-json\/wp\/v2\/pages\/4003\/revisions"}],"predecessor-version":[{"id":4100,"href":"https:\/\/reform.ee\/riigikogu-valimised-2023\/wp-json\/wp\/v2\/pages\/4003\/revisions\/4100"}],"wp:featuredmedia":[{"embeddable":true,"href":"https:\/\/reform.ee\/riigikogu-valimised-2023\/wp-json\/wp\/v2\/media\/3448"}],"wp:attachment":[{"href":"https:\/\/reform.ee\/riigikogu-valimised-2023\/wp-json\/wp\/v2\/media?parent=4003"}],"curies":[{"name":"wp","href":"https:\/\/api.w.org\/{rel}","templated":true}]}}