{"id":3669,"date":"2023-01-12T12:36:59","date_gmt":"2023-01-12T10:36:59","guid":{"rendered":"https:\/\/reform.ee\/riigikogu-valimised-2023\/?page_id=3669"},"modified":"2023-01-12T12:43:19","modified_gmt":"2023-01-12T10:43:19","slug":"kampaania","status":"publish","type":"page","link":"https:\/\/reform.ee\/riigikogu-valimised-2023\/kampaania\/","title":{"rendered":"Kampaania"},"content":{"rendered":"\n<p>Reformierakonna 2023.a Riigikogu valimiskampaania s\u00f5numiks on Kindlates k\u00e4tes Eesti. <\/p>\n\n\n\n<figure class=\"wp-block-image size-large\"><img loading=\"lazy\" decoding=\"async\" width=\"1024\" height=\"538\" src=\"https:\/\/reform.ee\/riigikogu-valimised-2023\/wp-content\/uploads\/2022\/12\/Kindlates-kates-Eesti-Riigikogu-valimised-2023-1024x538.jpg\" alt=\"Kindlates k\u00e4tes Eesti Riigikogu valimised 2023\" class=\"wp-image-1827\" srcset=\"https:\/\/reform.ee\/riigikogu-valimised-2023\/wp-content\/uploads\/2022\/12\/Kindlates-kates-Eesti-Riigikogu-valimised-2023-1024x538.jpg 1024w, https:\/\/reform.ee\/riigikogu-valimised-2023\/wp-content\/uploads\/2022\/12\/Kindlates-kates-Eesti-Riigikogu-valimised-2023-300x158.jpg 300w, https:\/\/reform.ee\/riigikogu-valimised-2023\/wp-content\/uploads\/2022\/12\/Kindlates-kates-Eesti-Riigikogu-valimised-2023-768x403.jpg 768w, https:\/\/reform.ee\/riigikogu-valimised-2023\/wp-content\/uploads\/2022\/12\/Kindlates-kates-Eesti-Riigikogu-valimised-2023-512x269.jpg 512w, https:\/\/reform.ee\/riigikogu-valimised-2023\/wp-content\/uploads\/2022\/12\/Kindlates-kates-Eesti-Riigikogu-valimised-2023.jpg 1200w\" sizes=\"auto, (max-width: 1024px) 100vw, 1024px\" \/><\/figure>\n\n\n\n<p>Reformierakond on peaminister Kaja Kallase juhtimisel t\u00f5estanud, et Eesti on kindlates k\u00e4tes. Kindlates k\u00e4tes Eesti t\u00e4hendab kindlates k\u00e4tes julgeolekut ja liitlassuhteid, toimetulekut, majandust ja ettev\u00f5tlust, v\u00e4lispoliitikat, tervishoidu ja kindlates k\u00e4tes kvaliteetset eestikeelset haridust. Kindlak\u00e4eliselt juhitud riiki.<\/p>\n\n\n\n<p><a href=\"https:\/\/reform.ee\/riigikogu-valimised-2023\/kampaania-lugu\">Loe Kindlates k\u00e4tes Eesti lugu >><\/a><\/p>\n\n\n\n<p>Kampaania logo saad alla\u00a0<a href=\"https:\/\/reform.ee\/riigikogu-valimised-2023\/wp-content\/uploads\/2023\/01\/Kindlates_kates_Eesti_sinine_RGB.png\" target=\"_blank\" rel=\"noreferrer noopener\">laadida siit >><\/a><\/p>\n","protected":false},"excerpt":{"rendered":"<p>Reformierakonna 2023.a Riigikogu valimiskampaania s\u00f5numiks on Kindlates k\u00e4tes Eesti. Reformierakond on peaminister Kaja Kallase juhtimisel t\u00f5estanud, et Eesti on kindlates k\u00e4tes. Kindlates k\u00e4tes Eesti t\u00e4hendab kindlates k\u00e4tes julgeolekut ja liitlassuhteid, toimetulekut, majandust ja ettev\u00f5tlust, v\u00e4lispoliitikat, tervishoidu ja kindlates k\u00e4tes kvaliteetset eestikeelset haridust. Kindlak\u00e4eliselt juhitud riiki. Loe Kindlates k\u00e4tes Eesti lugu >> Kampaania logo saad alla\u00a0laadida [&hellip;]<\/p>\n","protected":false},"author":5,"featured_media":0,"parent":0,"menu_order":0,"comment_status":"closed","ping_status":"closed","template":"","meta":{"_acf_changed":false,"footnotes":""},"class_list":["post-3669","page","type-page","status-publish","hentry"],"acf":[],"yoast_head":"<!-- This site is optimized with the Yoast SEO plugin v27.4 - https:\/\/yoast.com\/product\/yoast-seo-wordpress\/ -->\n<title>Kampaania | Reformierakond | Riigikogu valimised 2023<\/title>\n<meta name=\"description\" content=\"Valides Riigikogu valimistel Reformierakonda on Eesti kindlates k\u00e4tes. Kindlates k\u00e4tes Eesti t\u00e4hendab kindlates k\u00e4tes julgeolekut ja liitlassuhteid, toimetulekut, majandust ja ettev\u00f5tlust, v\u00e4lispoliitikat, tervishoidu ja kvaliteetset eestikeelset haridust.\" \/>\n<meta name=\"robots\" content=\"index, follow, max-snippet:-1, max-image-preview:large, max-video-preview:-1\" \/>\n<link rel=\"canonical\" href=\"https:\/\/reform.ee\/riigikogu-valimised-2023\/kampaania\/\" \/>\n<meta property=\"og:locale\" content=\"en_US\" \/>\n<meta property=\"og:type\" content=\"article\" \/>\n<meta property=\"og:title\" content=\"Kampaania | Reformierakond | Riigikogu valimised 2023\" \/>\n<meta property=\"og:description\" content=\"Valides Riigikogu valimistel Reformierakonda on Eesti kindlates k\u00e4tes. Kindlates k\u00e4tes Eesti t\u00e4hendab kindlates k\u00e4tes julgeolekut ja liitlassuhteid, toimetulekut, majandust ja ettev\u00f5tlust, v\u00e4lispoliitikat, tervishoidu ja kvaliteetset eestikeelset haridust.\" \/>\n<meta property=\"og:url\" content=\"https:\/\/reform.ee\/riigikogu-valimised-2023\/kampaania\/\" \/>\n<meta property=\"og:site_name\" content=\"Riigikogu valimised 2023\" \/>\n<meta property=\"article:publisher\" content=\"https:\/\/www.facebook.com\/reformierakond\" \/>\n<meta property=\"article:modified_time\" content=\"2023-01-12T10:43:19+00:00\" \/>\n<meta property=\"og:image\" content=\"https:\/\/reform.ee\/riigikogu-valimised-2023\/wp-content\/uploads\/2022\/12\/Kindlates-kates-Eesti-Riigikogu-valimised-2023.jpg\" \/>\n\t<meta property=\"og:image:width\" content=\"1200\" \/>\n\t<meta property=\"og:image:height\" content=\"630\" \/>\n\t<meta property=\"og:image:type\" content=\"image\/jpeg\" \/>\n<meta name=\"twitter:card\" content=\"summary_large_image\" \/>\n<meta name=\"twitter:description\" content=\"Valides Riigikogu valimistel Reformierakonda on Eesti kindlates k\u00e4tes. Kindlates k\u00e4tes Eesti t\u00e4hendab kindlates k\u00e4tes julgeolekut ja liitlassuhteid, toimetulekut, majandust ja ettev\u00f5tlust, v\u00e4lispoliitikat, tervishoidu ja kvaliteetset eestikeelset haridust.\" \/>\n<meta name=\"twitter:image\" content=\"https:\/\/reform.ee\/riigikogu-valimised-2023\/wp-content\/uploads\/2022\/12\/Kindlates-kates-Eesti-Riigikogu-valimised-2023.jpg\" \/>\n<meta name=\"twitter:site\" content=\"@reformikad\" \/>\n<meta name=\"twitter:label1\" content=\"Est. reading time\" \/>\n\t<meta name=\"twitter:data1\" content=\"1 minute\" \/>\n<script type=\"application\/ld+json\" class=\"yoast-schema-graph\">{\"@context\":\"https:\\\/\\\/schema.org\",\"@graph\":[{\"@type\":\"WebPage\",\"@id\":\"https:\\\/\\\/reform.ee\\\/riigikogu-valimised-2023\\\/kampaania\\\/\",\"url\":\"https:\\\/\\\/reform.ee\\\/riigikogu-valimised-2023\\\/kampaania\\\/\",\"name\":\"Kampaania | Reformierakond | Riigikogu valimised 2023\",\"isPartOf\":{\"@id\":\"https:\\\/\\\/reform.ee\\\/riigikogu-valimised-2023\\\/#website\"},\"primaryImageOfPage\":{\"@id\":\"https:\\\/\\\/reform.ee\\\/riigikogu-valimised-2023\\\/kampaania\\\/#primaryimage\"},\"image\":{\"@id\":\"https:\\\/\\\/reform.ee\\\/riigikogu-valimised-2023\\\/kampaania\\\/#primaryimage\"},\"thumbnailUrl\":\"https:\\\/\\\/reform.ee\\\/riigikogu-valimised-2023\\\/wp-content\\\/uploads\\\/2022\\\/12\\\/Kindlates-kates-Eesti-Riigikogu-valimised-2023-1024x538.jpg\",\"datePublished\":\"2023-01-12T10:36:59+00:00\",\"dateModified\":\"2023-01-12T10:43:19+00:00\",\"description\":\"Valides Riigikogu valimistel Reformierakonda on Eesti kindlates k\u00e4tes. Kindlates k\u00e4tes Eesti t\u00e4hendab kindlates k\u00e4tes julgeolekut ja liitlassuhteid, toimetulekut, majandust ja ettev\u00f5tlust, v\u00e4lispoliitikat, tervishoidu ja kvaliteetset eestikeelset haridust.\",\"breadcrumb\":{\"@id\":\"https:\\\/\\\/reform.ee\\\/riigikogu-valimised-2023\\\/kampaania\\\/#breadcrumb\"},\"inLanguage\":\"en\",\"potentialAction\":[{\"@type\":\"ReadAction\",\"target\":[\"https:\\\/\\\/reform.ee\\\/riigikogu-valimised-2023\\\/kampaania\\\/\"]}]},{\"@type\":\"ImageObject\",\"inLanguage\":\"en\",\"@id\":\"https:\\\/\\\/reform.ee\\\/riigikogu-valimised-2023\\\/kampaania\\\/#primaryimage\",\"url\":\"https:\\\/\\\/reform.ee\\\/riigikogu-valimised-2023\\\/wp-content\\\/uploads\\\/2022\\\/12\\\/Kindlates-kates-Eesti-Riigikogu-valimised-2023.jpg\",\"contentUrl\":\"https:\\\/\\\/reform.ee\\\/riigikogu-valimised-2023\\\/wp-content\\\/uploads\\\/2022\\\/12\\\/Kindlates-kates-Eesti-Riigikogu-valimised-2023.jpg\",\"width\":1200,\"height\":630,\"caption\":\"Kindlates k\u00e4tes Eesti Riigikogu valimised 2023\"},{\"@type\":\"BreadcrumbList\",\"@id\":\"https:\\\/\\\/reform.ee\\\/riigikogu-valimised-2023\\\/kampaania\\\/#breadcrumb\",\"itemListElement\":[{\"@type\":\"ListItem\",\"position\":1,\"name\":\"Home\",\"item\":\"https:\\\/\\\/reform.ee\\\/riigikogu-valimised-2023\\\/\"},{\"@type\":\"ListItem\",\"position\":2,\"name\":\"Kampaania\"}]},{\"@type\":\"WebSite\",\"@id\":\"https:\\\/\\\/reform.ee\\\/riigikogu-valimised-2023\\\/#website\",\"url\":\"https:\\\/\\\/reform.ee\\\/riigikogu-valimised-2023\\\/\",\"name\":\"Riigikogu valimised 2023\",\"description\":\"Reformierakond\",\"potentialAction\":[{\"@type\":\"SearchAction\",\"target\":{\"@type\":\"EntryPoint\",\"urlTemplate\":\"https:\\\/\\\/reform.ee\\\/riigikogu-valimised-2023\\\/?s={search_term_string}\"},\"query-input\":{\"@type\":\"PropertyValueSpecification\",\"valueRequired\":true,\"valueName\":\"search_term_string\"}}],\"inLanguage\":\"en\"}]}<\/script>\n<!-- \/ Yoast SEO plugin. -->","yoast_head_json":{"title":"Kampaania | Reformierakond | Riigikogu valimised 2023","description":"Valides Riigikogu valimistel Reformierakonda on Eesti kindlates k\u00e4tes. Kindlates k\u00e4tes Eesti t\u00e4hendab kindlates k\u00e4tes julgeolekut ja liitlassuhteid, toimetulekut, majandust ja ettev\u00f5tlust, v\u00e4lispoliitikat, tervishoidu ja kvaliteetset eestikeelset haridust.","robots":{"index":"index","follow":"follow","max-snippet":"max-snippet:-1","max-image-preview":"max-image-preview:large","max-video-preview":"max-video-preview:-1"},"canonical":"https:\/\/reform.ee\/riigikogu-valimised-2023\/kampaania\/","og_locale":"en_US","og_type":"article","og_title":"Kampaania | Reformierakond | Riigikogu valimised 2023","og_description":"Valides Riigikogu valimistel Reformierakonda on Eesti kindlates k\u00e4tes. Kindlates k\u00e4tes Eesti t\u00e4hendab kindlates k\u00e4tes julgeolekut ja liitlassuhteid, toimetulekut, majandust ja ettev\u00f5tlust, v\u00e4lispoliitikat, tervishoidu ja kvaliteetset eestikeelset haridust.","og_url":"https:\/\/reform.ee\/riigikogu-valimised-2023\/kampaania\/","og_site_name":"Riigikogu valimised 2023","article_publisher":"https:\/\/www.facebook.com\/reformierakond","article_modified_time":"2023-01-12T10:43:19+00:00","og_image":[{"width":1200,"height":630,"url":"https:\/\/reform.ee\/riigikogu-valimised-2023\/wp-content\/uploads\/2022\/12\/Kindlates-kates-Eesti-Riigikogu-valimised-2023.jpg","type":"image\/jpeg"}],"twitter_card":"summary_large_image","twitter_description":"Valides Riigikogu valimistel Reformierakonda on Eesti kindlates k\u00e4tes. Kindlates k\u00e4tes Eesti t\u00e4hendab kindlates k\u00e4tes julgeolekut ja liitlassuhteid, toimetulekut, majandust ja ettev\u00f5tlust, v\u00e4lispoliitikat, tervishoidu ja kvaliteetset eestikeelset haridust.","twitter_image":"https:\/\/reform.ee\/riigikogu-valimised-2023\/wp-content\/uploads\/2022\/12\/Kindlates-kates-Eesti-Riigikogu-valimised-2023.jpg","twitter_site":"@reformikad","twitter_misc":{"Est. reading time":"1 minute"},"schema":{"@context":"https:\/\/schema.org","@graph":[{"@type":"WebPage","@id":"https:\/\/reform.ee\/riigikogu-valimised-2023\/kampaania\/","url":"https:\/\/reform.ee\/riigikogu-valimised-2023\/kampaania\/","name":"Kampaania | Reformierakond | Riigikogu valimised 2023","isPartOf":{"@id":"https:\/\/reform.ee\/riigikogu-valimised-2023\/#website"},"primaryImageOfPage":{"@id":"https:\/\/reform.ee\/riigikogu-valimised-2023\/kampaania\/#primaryimage"},"image":{"@id":"https:\/\/reform.ee\/riigikogu-valimised-2023\/kampaania\/#primaryimage"},"thumbnailUrl":"https:\/\/reform.ee\/riigikogu-valimised-2023\/wp-content\/uploads\/2022\/12\/Kindlates-kates-Eesti-Riigikogu-valimised-2023-1024x538.jpg","datePublished":"2023-01-12T10:36:59+00:00","dateModified":"2023-01-12T10:43:19+00:00","description":"Valides Riigikogu valimistel Reformierakonda on Eesti kindlates k\u00e4tes. Kindlates k\u00e4tes Eesti t\u00e4hendab kindlates k\u00e4tes julgeolekut ja liitlassuhteid, toimetulekut, majandust ja ettev\u00f5tlust, v\u00e4lispoliitikat, tervishoidu ja kvaliteetset eestikeelset haridust.","breadcrumb":{"@id":"https:\/\/reform.ee\/riigikogu-valimised-2023\/kampaania\/#breadcrumb"},"inLanguage":"en","potentialAction":[{"@type":"ReadAction","target":["https:\/\/reform.ee\/riigikogu-valimised-2023\/kampaania\/"]}]},{"@type":"ImageObject","inLanguage":"en","@id":"https:\/\/reform.ee\/riigikogu-valimised-2023\/kampaania\/#primaryimage","url":"https:\/\/reform.ee\/riigikogu-valimised-2023\/wp-content\/uploads\/2022\/12\/Kindlates-kates-Eesti-Riigikogu-valimised-2023.jpg","contentUrl":"https:\/\/reform.ee\/riigikogu-valimised-2023\/wp-content\/uploads\/2022\/12\/Kindlates-kates-Eesti-Riigikogu-valimised-2023.jpg","width":1200,"height":630,"caption":"Kindlates k\u00e4tes Eesti Riigikogu valimised 2023"},{"@type":"BreadcrumbList","@id":"https:\/\/reform.ee\/riigikogu-valimised-2023\/kampaania\/#breadcrumb","itemListElement":[{"@type":"ListItem","position":1,"name":"Home","item":"https:\/\/reform.ee\/riigikogu-valimised-2023\/"},{"@type":"ListItem","position":2,"name":"Kampaania"}]},{"@type":"WebSite","@id":"https:\/\/reform.ee\/riigikogu-valimised-2023\/#website","url":"https:\/\/reform.ee\/riigikogu-valimised-2023\/","name":"Riigikogu valimised 2023","description":"Reformierakond","potentialAction":[{"@type":"SearchAction","target":{"@type":"EntryPoint","urlTemplate":"https:\/\/reform.ee\/riigikogu-valimised-2023\/?s={search_term_string}"},"query-input":{"@type":"PropertyValueSpecification","valueRequired":true,"valueName":"search_term_string"}}],"inLanguage":"en"}]}},"_links":{"self":[{"href":"https:\/\/reform.ee\/riigikogu-valimised-2023\/wp-json\/wp\/v2\/pages\/3669","targetHints":{"allow":["GET"]}}],"collection":[{"href":"https:\/\/reform.ee\/riigikogu-valimised-2023\/wp-json\/wp\/v2\/pages"}],"about":[{"href":"https:\/\/reform.ee\/riigikogu-valimised-2023\/wp-json\/wp\/v2\/types\/page"}],"author":[{"embeddable":true,"href":"https:\/\/reform.ee\/riigikogu-valimised-2023\/wp-json\/wp\/v2\/users\/5"}],"replies":[{"embeddable":true,"href":"https:\/\/reform.ee\/riigikogu-valimised-2023\/wp-json\/wp\/v2\/comments?post=3669"}],"version-history":[{"count":6,"href":"https:\/\/reform.ee\/riigikogu-valimised-2023\/wp-json\/wp\/v2\/pages\/3669\/revisions"}],"predecessor-version":[{"id":3676,"href":"https:\/\/reform.ee\/riigikogu-valimised-2023\/wp-json\/wp\/v2\/pages\/3669\/revisions\/3676"}],"wp:attachment":[{"href":"https:\/\/reform.ee\/riigikogu-valimised-2023\/wp-json\/wp\/v2\/media?parent=3669"}],"curies":[{"name":"wp","href":"https:\/\/api.w.org\/{rel}","templated":true}]}}