{"id":3536,"date":"2023-01-11T15:57:27","date_gmt":"2023-01-11T13:57:27","guid":{"rendered":"https:\/\/reform.ee\/riigikogu-valimised-2023\/?page_id=3536"},"modified":"2023-02-07T12:28:59","modified_gmt":"2023-02-07T10:28:59","slug":"bussituur","status":"publish","type":"page","link":"https:\/\/reform.ee\/riigikogu-valimised-2023\/bussituur\/","title":{"rendered":"Bussituur"},"content":{"rendered":"<section class=\"text\">\r\n                <div class=\"text__content\"><h2>&#8220;Vahva tuuribuss s\u00f5idab n\u00fc\u00fcd maanteel, k\u00fclast k\u00fclla, linnast linna viib ta tee\u2026&#8221;<\/h2>\n<p>&nbsp;<\/p>\n<p><img loading=\"lazy\" decoding=\"async\" class=\"size-medium wp-image-3537 alignleft\" src=\"https:\/\/reform.ee\/riigikogu-valimised-2023\/wp-content\/uploads\/2023\/01\/Bussituuri-1200x1200-1-300x300.jpg\" alt=\"\" width=\"300\" height=\"300\" srcset=\"https:\/\/reform.ee\/riigikogu-valimised-2023\/wp-content\/uploads\/2023\/01\/Bussituuri-1200x1200-1-300x300.jpg 300w, https:\/\/reform.ee\/riigikogu-valimised-2023\/wp-content\/uploads\/2023\/01\/Bussituuri-1200x1200-1-1024x1024.jpg 1024w, https:\/\/reform.ee\/riigikogu-valimised-2023\/wp-content\/uploads\/2023\/01\/Bussituuri-1200x1200-1-150x150.jpg 150w, https:\/\/reform.ee\/riigikogu-valimised-2023\/wp-content\/uploads\/2023\/01\/Bussituuri-1200x1200-1-768x768.jpg 768w, https:\/\/reform.ee\/riigikogu-valimised-2023\/wp-content\/uploads\/2023\/01\/Bussituuri-1200x1200-1-1536x1536.jpg 1536w, https:\/\/reform.ee\/riigikogu-valimised-2023\/wp-content\/uploads\/2023\/01\/Bussituuri-1200x1200-1-2048x2048.jpg 2048w, https:\/\/reform.ee\/riigikogu-valimised-2023\/wp-content\/uploads\/2023\/01\/Bussituuri-1200x1200-1-1080x1080.jpg 1080w, https:\/\/reform.ee\/riigikogu-valimised-2023\/wp-content\/uploads\/2023\/01\/Bussituuri-1200x1200-1-512x512.jpg 512w, https:\/\/reform.ee\/riigikogu-valimised-2023\/wp-content\/uploads\/2023\/01\/Bussituuri-1200x1200-1-50x50.jpg 50w\" sizes=\"auto, (max-width: 300px) 100vw, 300px\" \/>Bussituur \u201cKindlates k\u00e4tes Eesti!\u201d alustab jaanuaris Reformierakonna Riigikogu valimiste kampaaniaperioodi. Jaanuari ja veebruari jooksul teeb kampaaniabuss mitu tiiru Eestimaale peale, et tutvustada meie kandidaate ning valimisprogrammi. Pakume kohapeal sooja jooki ning ka suu saab magusaks.<\/p>\n<p>Tule ja kohtume Sinu kodukohas ning r\u00e4\u00e4gime, kuidas hoida Eestit kindlates k\u00e4tes!<\/p>\n<p>&nbsp;<\/p>\n<p>&nbsp;<\/p>\n<p>&nbsp;<\/p>\n<\/div>\r\n    <\/section>\n\n\r\n  <div class=\"image-slider\">\r\n\r\n    \r\n    <div class=\"slider-wrap\">\r\n      <div class=\"slider-nav\" data-glide-el=\"controls\">\r\n        <button data-glide-dir=\"&lt;\" class=\"btn btn--secondary btn--icon-only slider-nav__btn-left\">\r\n          <span class=\"custom-icon-i-chevron-l -scale-x-100\"><\/span>\r\n        <\/button>\r\n\r\n        <button data-glide-dir=\"&gt;\" class=\"btn btn--secondary btn--icon-only slider-nav__btn-right\">\r\n          <span class=\"custom-icon-i-chevron-l\"><\/span>\r\n        <\/button>\r\n      <\/div>\r\n\r\n      <div class=\"glide__track\" data-glide-el=\"track\">\r\n        <div class=\"glide__slides\">\r\n\r\n                      <div class=\"glide__slide\">\r\n              <div class=\"image-slide\">\r\n                <img decoding=\"async\"\r\n                  src=\"https:\/\/reform.ee\/riigikogu-valimised-2023\/wp-content\/uploads\/2023\/01\/IMG_4035-1-1920x1055.jpg\"\r\n                  alt=\"Bussituur P\u00e4rnus\"\r\n                >\r\n              <\/div>\r\n            <\/div>\r\n                      <div class=\"glide__slide\">\r\n              <div class=\"image-slide\">\r\n                <img decoding=\"async\"\r\n                  src=\"https:\/\/reform.ee\/riigikogu-valimised-2023\/wp-content\/uploads\/2023\/01\/bussituur-laane-virumaal-1920x1055.jpg\"\r\n                  alt=\"bussituur-laane-virumaal\"\r\n                >\r\n              <\/div>\r\n            <\/div>\r\n                      <div class=\"glide__slide\">\r\n              <div class=\"image-slide\">\r\n                <img decoding=\"async\"\r\n                  src=\"https:\/\/reform.ee\/riigikogu-valimised-2023\/wp-content\/uploads\/2023\/01\/Bussituur-Saaremaal-1920x1055.jpg\"\r\n                  alt=\"\"\r\n                >\r\n              <\/div>\r\n            <\/div>\r\n                      <div class=\"glide__slide\">\r\n              <div class=\"image-slide\">\r\n                <img decoding=\"async\"\r\n                  src=\"https:\/\/reform.ee\/riigikogu-valimised-2023\/wp-content\/uploads\/2023\/01\/Bussituur-1920x1055.jpg\"\r\n                  alt=\"\"\r\n                >\r\n              <\/div>\r\n            <\/div>\r\n                      <div class=\"glide__slide\">\r\n              <div class=\"image-slide\">\r\n                <img decoding=\"async\"\r\n                  src=\"https:\/\/reform.ee\/riigikogu-valimised-2023\/wp-content\/uploads\/2023\/01\/Bussituur-Viljandis-1920x1055.jpg\"\r\n                  alt=\"\"\r\n                >\r\n              <\/div>\r\n            <\/div>\r\n                      <div class=\"glide__slide\">\r\n              <div class=\"image-slide\">\r\n                <img decoding=\"async\"\r\n                  src=\"https:\/\/reform.ee\/riigikogu-valimised-2023\/wp-content\/uploads\/2023\/01\/Ida-Virumaa-bussituur-1920x1055.jpg\"\r\n                  alt=\"Ida-Virumaa-bussituur\"\r\n                >\r\n              <\/div>\r\n            <\/div>\r\n          \r\n        <\/div>\r\n      <\/div>\r\n    <\/div>\r\n\r\n    <div class=\"lg:hidden flex items-center justify-center mt-4\" data-glide-el=\"controls\">\r\n      <button data-glide-dir=\"&lt;\" class=\"btn btn--secondary btn--icon-only\">\r\n        <span class=\"custom-icon-i-chevron-s -scale-x-100\"><\/span>\r\n      <\/button>\r\n\r\n      <button data-glide-dir=\"&gt;\" class=\"btn btn--secondary btn--icon-only\">\r\n        <span class=\"custom-icon-i-chevron-s\"><\/span>\r\n      <\/button>\r\n    <\/div>\r\n  <\/div>\r\n\n\n<section class=\"text\">\r\n                <div class=\"text__content\"><h3><\/h3>\n<h3><\/h3>\n<h3>17.01.2023 Harju- ja Raplamaa<\/h3>\n<p>10.00-11.00 Kohila Konsum<br \/>\n11.45-12.45 M\u00e4rjamaa Konsum<br \/>\n13.15-13.45 Kehtna Coop<br \/>\n14.00-15.00 Rapla Rappeli keskus<\/p>\n<h3>19.01.2023 Tallinn<\/h3>\n<p>13.30-14.30 Falgi tee<\/p>\n<h3>20.01.2023 Harju- ja Raplamaa<\/h3>\n<p>10.00-11.00 Paldiski Konsum<br \/>\n11.40-12.30 Muraste Konsum<br \/>\n12.45-13.30 Tabasalu Selver<br \/>\n14.00-15.00 R\u00f5\u00f5mu Kaubamaja<br \/>\n15.00-16.00 Keila rongijaam<\/p>\n<h3>21.01.2023 P\u00e4rnumaa<\/h3>\n<p>12.00-13.15 V\u00e4ndra Grossi pood<br \/>\n13.45-14.00 Sindi Konsum<br \/>\n14.10-14.25 Paikuse pood<br \/>\n14.45-15.00 Uulu pood<\/p>\n<h3>23.01.2023 Saaremaa<\/h3>\n<p>12.00-14.00 Kuressaare keskv\u00e4ljak<\/p>\n<h3>24.01.2023 Hiiumaa ja L\u00e4\u00e4nemaa<\/h3>\n<p>11.00-12.00 K\u00e4ina<br \/>\n12:20-14.00 K\u00e4rdla<br \/>\n17.00-18.00 Haapsalu Teenindusmaja<br \/>\n18.20-18.45 Taebla bussipeatus<\/p>\n<h3>26.01.2023 Viljandimaa<\/h3>\n<p>10.00-12.00 Viljandi turg<br \/>\n13.00-15.00 Karksi-Nuia keskv\u00e4ljak<br \/>\n16.00-16.30 V\u00f5hma<\/p>\n<h3>27.01.2023 L\u00e4\u00e4ne-Virumaa<\/h3>\n<p>10.00-11.00 Kadrina Coop<br \/>\n11.20-12.20 Tapa Grossi pood<br \/>\n14.00-15.00 V\u00e4ike-Maarja Grossi pood<br \/>\n15.30-16.00 Rakvere keskv\u00e4ljak<br \/>\n16.10-18.00 Rakvere P\u00f5hjakeskus<\/p>\n<h3>28.01.2023 Ida-Virumaa<\/h3>\n<p>10.00-11.00 Iisaku Grossi pood<br \/>\n11.30-12.30 Puru Grossi pood<br \/>\n12.40-13.40 J\u00f5hvi Pargi Keskus<br \/>\n14.00-15.00 Voka Grossi poos<br \/>\n15.20-16.20 Kohtla-J\u00e4rve Vironia Keskus<br \/>\n16.45-17.45 Kivi\u00f5li Grossi pood<\/p>\n<h3>30.01.2023 Valgamaa<\/h3>\n<p>10.00-11.15 T\u00f5rva Tikse Coop<br \/>\n11.45-12.15 Valga Selver<br \/>\n12.30-13.00 Valga Siili keskus<br \/>\n14.00-14.30 Otep\u00e4\u00e4 keskv\u00e4ljak<\/p>\n<h3>31.01.2023 V\u00f5rumaa<\/h3>\n<p>09.00-10.30 V\u00f5ru vabaduse plats<br \/>\n10.30-12.00 Kagukeskus<br \/>\n12.00-13.00 V\u00f5ru Maksimarket<br \/>\n13.30-14.00 Vastseliina Coop<br \/>\n15.30-16.00 Anstla Coop<\/p>\n<h3>01.02.2023 P\u00f5lvamaa<\/h3>\n<p>11.00-12.30 Kanepi kiriku ees<br \/>\n13.00-15.00 P\u00f5lva Edu keskus<br \/>\n15.30-17.00 R\u00e4pina Maxima<\/p>\n<h3>03.02.2023 J\u00f5gevamaa<\/h3>\n<p>10.00-11.30 Mustvee Konsumi parkla<br \/>\n12.00-14.00 J\u00f5geva keskv\u00e4ljaku \u00e4\u00e4res<br \/>\n14.30-16.00 P\u00f5ltsamaa Selveri juures<\/p>\n<h3>04.02.2023 Tartu linn<\/h3>\n<p>12.00-15.00 Tartu Kaubamaja ees<br \/>\n15.00-17.00 Tartu L\u00f5unakeskus<\/p>\n<h3>05.02.2023 Tallinn<\/h3>\n<p>12.00-12.40 Rocca al Mare Keskus<br \/>\n13.00-13.40 Lepistiku bussipeatus<br \/>\n14.00-15.00 Linnam\u00e4e Maxima XXX<\/p>\n<h3>07.02.2023 Harju- ja Raplamaa<\/h3>\n<p>11.30-12.15 Maardu Prisma<br \/>\n12.30-13.30 Loo Grossi pood<br \/>\n14.00-15.00 Kuusalu Konsum<br \/>\n15.30-16.30 Loksa Konsum<br \/>\n17.30-18.30 Viimsi<\/p>\n<h3>08.02.2023 L\u00e4\u00e4ne-Virumaa<\/h3>\n<h3>09.02.2023 Ida-Virumaa<\/h3>\n<h3>10.02.2023 Tartumaa ja Tartu linn<\/h3>\n<p>10.00-11.00 R\u00f5ngu Pagari pood<br \/>\n11.30-12.15 Puhja Konsum<br \/>\n12.45-14.15 Elva Keskt\u00e4nav<br \/>\n14.45-16.00 \u00dclenurme Konsum<br \/>\n16.30-18.00 Tartu linn &#8211; Kaubamaja ees<\/p>\n<h3>11.02.2023 J\u00e4rvamaa<\/h3>\n<p>10.00-11.30 Paide muusika- ja teatrimaja parkla<br \/>\n11.45-13.15 T\u00fcri Konsumi vastas parkla<br \/>\n14.00-15.00 Koeru<br \/>\n15.15-16.15 J\u00e4rva-Jaani<\/p>\n<\/div>\r\n    <\/section>","protected":false},"excerpt":{"rendered":"","protected":false},"author":5,"featured_media":0,"parent":0,"menu_order":0,"comment_status":"closed","ping_status":"closed","template":"","meta":{"_acf_changed":false,"footnotes":""},"class_list":["post-3536","page","type-page","status-publish","hentry"],"acf":[],"yoast_head":"<!-- This site is optimized with the Yoast SEO plugin v27.3 - https:\/\/yoast.com\/product\/yoast-seo-wordpress\/ -->\n<title>Bussituur | Reformierakond | Riigikogu valimised 2023<\/title>\n<meta name=\"description\" content=\"Valides Riigikogu valimistel Reformierakonda on Eesti kindlates k\u00e4tes. Kindlates k\u00e4tes Eesti t\u00e4hendab kindlates k\u00e4tes julgeolekut ja liitlassuhteid, toimetulekut, majandust ja ettev\u00f5tlust, v\u00e4lispoliitikat, tervishoidu ja kvaliteetset eestikeelset haridust.\" \/>\n<meta name=\"robots\" content=\"index, follow, max-snippet:-1, max-image-preview:large, max-video-preview:-1\" \/>\n<link rel=\"canonical\" href=\"https:\/\/reform.ee\/riigikogu-valimised-2023\/bussituur\/\" \/>\n<meta property=\"og:locale\" content=\"en_US\" \/>\n<meta property=\"og:type\" content=\"article\" \/>\n<meta property=\"og:title\" content=\"Bussituur | Reformierakond | Riigikogu valimised 2023\" \/>\n<meta property=\"og:description\" content=\"Valides Riigikogu valimistel Reformierakonda on Eesti kindlates k\u00e4tes. Kindlates k\u00e4tes Eesti t\u00e4hendab kindlates k\u00e4tes julgeolekut ja liitlassuhteid, toimetulekut, majandust ja ettev\u00f5tlust, v\u00e4lispoliitikat, tervishoidu ja kvaliteetset eestikeelset haridust.\" \/>\n<meta property=\"og:url\" content=\"https:\/\/reform.ee\/riigikogu-valimised-2023\/bussituur\/\" \/>\n<meta property=\"og:site_name\" content=\"Riigikogu valimised 2023\" \/>\n<meta property=\"article:publisher\" content=\"https:\/\/www.facebook.com\/reformierakond\" \/>\n<meta property=\"article:modified_time\" content=\"2023-02-07T10:28:59+00:00\" \/>\n<meta name=\"twitter:card\" content=\"summary_large_image\" \/>\n<meta name=\"twitter:site\" content=\"@reformikad\" \/>\n<script type=\"application\/ld+json\" class=\"yoast-schema-graph\">{\"@context\":\"https:\\\/\\\/schema.org\",\"@graph\":[{\"@type\":\"WebPage\",\"@id\":\"https:\\\/\\\/reform.ee\\\/riigikogu-valimised-2023\\\/bussituur\\\/\",\"url\":\"https:\\\/\\\/reform.ee\\\/riigikogu-valimised-2023\\\/bussituur\\\/\",\"name\":\"Bussituur | Reformierakond | Riigikogu valimised 2023\",\"isPartOf\":{\"@id\":\"https:\\\/\\\/reform.ee\\\/riigikogu-valimised-2023\\\/#website\"},\"datePublished\":\"2023-01-11T13:57:27+00:00\",\"dateModified\":\"2023-02-07T10:28:59+00:00\",\"description\":\"Valides Riigikogu valimistel Reformierakonda on Eesti kindlates k\u00e4tes. Kindlates k\u00e4tes Eesti t\u00e4hendab kindlates k\u00e4tes julgeolekut ja liitlassuhteid, toimetulekut, majandust ja ettev\u00f5tlust, v\u00e4lispoliitikat, tervishoidu ja kvaliteetset eestikeelset haridust.\",\"breadcrumb\":{\"@id\":\"https:\\\/\\\/reform.ee\\\/riigikogu-valimised-2023\\\/bussituur\\\/#breadcrumb\"},\"inLanguage\":\"en\",\"potentialAction\":[{\"@type\":\"ReadAction\",\"target\":[\"https:\\\/\\\/reform.ee\\\/riigikogu-valimised-2023\\\/bussituur\\\/\"]}]},{\"@type\":\"BreadcrumbList\",\"@id\":\"https:\\\/\\\/reform.ee\\\/riigikogu-valimised-2023\\\/bussituur\\\/#breadcrumb\",\"itemListElement\":[{\"@type\":\"ListItem\",\"position\":1,\"name\":\"Home\",\"item\":\"https:\\\/\\\/reform.ee\\\/riigikogu-valimised-2023\\\/\"},{\"@type\":\"ListItem\",\"position\":2,\"name\":\"Bussituur\"}]},{\"@type\":\"WebSite\",\"@id\":\"https:\\\/\\\/reform.ee\\\/riigikogu-valimised-2023\\\/#website\",\"url\":\"https:\\\/\\\/reform.ee\\\/riigikogu-valimised-2023\\\/\",\"name\":\"Riigikogu valimised 2023\",\"description\":\"Reformierakond\",\"potentialAction\":[{\"@type\":\"SearchAction\",\"target\":{\"@type\":\"EntryPoint\",\"urlTemplate\":\"https:\\\/\\\/reform.ee\\\/riigikogu-valimised-2023\\\/?s={search_term_string}\"},\"query-input\":{\"@type\":\"PropertyValueSpecification\",\"valueRequired\":true,\"valueName\":\"search_term_string\"}}],\"inLanguage\":\"en\"}]}<\/script>\n<!-- \/ Yoast SEO plugin. -->","yoast_head_json":{"title":"Bussituur | Reformierakond | Riigikogu valimised 2023","description":"Valides Riigikogu valimistel Reformierakonda on Eesti kindlates k\u00e4tes. Kindlates k\u00e4tes Eesti t\u00e4hendab kindlates k\u00e4tes julgeolekut ja liitlassuhteid, toimetulekut, majandust ja ettev\u00f5tlust, v\u00e4lispoliitikat, tervishoidu ja kvaliteetset eestikeelset haridust.","robots":{"index":"index","follow":"follow","max-snippet":"max-snippet:-1","max-image-preview":"max-image-preview:large","max-video-preview":"max-video-preview:-1"},"canonical":"https:\/\/reform.ee\/riigikogu-valimised-2023\/bussituur\/","og_locale":"en_US","og_type":"article","og_title":"Bussituur | Reformierakond | Riigikogu valimised 2023","og_description":"Valides Riigikogu valimistel Reformierakonda on Eesti kindlates k\u00e4tes. Kindlates k\u00e4tes Eesti t\u00e4hendab kindlates k\u00e4tes julgeolekut ja liitlassuhteid, toimetulekut, majandust ja ettev\u00f5tlust, v\u00e4lispoliitikat, tervishoidu ja kvaliteetset eestikeelset haridust.","og_url":"https:\/\/reform.ee\/riigikogu-valimised-2023\/bussituur\/","og_site_name":"Riigikogu valimised 2023","article_publisher":"https:\/\/www.facebook.com\/reformierakond","article_modified_time":"2023-02-07T10:28:59+00:00","twitter_card":"summary_large_image","twitter_site":"@reformikad","schema":{"@context":"https:\/\/schema.org","@graph":[{"@type":"WebPage","@id":"https:\/\/reform.ee\/riigikogu-valimised-2023\/bussituur\/","url":"https:\/\/reform.ee\/riigikogu-valimised-2023\/bussituur\/","name":"Bussituur | Reformierakond | Riigikogu valimised 2023","isPartOf":{"@id":"https:\/\/reform.ee\/riigikogu-valimised-2023\/#website"},"datePublished":"2023-01-11T13:57:27+00:00","dateModified":"2023-02-07T10:28:59+00:00","description":"Valides Riigikogu valimistel Reformierakonda on Eesti kindlates k\u00e4tes. Kindlates k\u00e4tes Eesti t\u00e4hendab kindlates k\u00e4tes julgeolekut ja liitlassuhteid, toimetulekut, majandust ja ettev\u00f5tlust, v\u00e4lispoliitikat, tervishoidu ja kvaliteetset eestikeelset haridust.","breadcrumb":{"@id":"https:\/\/reform.ee\/riigikogu-valimised-2023\/bussituur\/#breadcrumb"},"inLanguage":"en","potentialAction":[{"@type":"ReadAction","target":["https:\/\/reform.ee\/riigikogu-valimised-2023\/bussituur\/"]}]},{"@type":"BreadcrumbList","@id":"https:\/\/reform.ee\/riigikogu-valimised-2023\/bussituur\/#breadcrumb","itemListElement":[{"@type":"ListItem","position":1,"name":"Home","item":"https:\/\/reform.ee\/riigikogu-valimised-2023\/"},{"@type":"ListItem","position":2,"name":"Bussituur"}]},{"@type":"WebSite","@id":"https:\/\/reform.ee\/riigikogu-valimised-2023\/#website","url":"https:\/\/reform.ee\/riigikogu-valimised-2023\/","name":"Riigikogu valimised 2023","description":"Reformierakond","potentialAction":[{"@type":"SearchAction","target":{"@type":"EntryPoint","urlTemplate":"https:\/\/reform.ee\/riigikogu-valimised-2023\/?s={search_term_string}"},"query-input":{"@type":"PropertyValueSpecification","valueRequired":true,"valueName":"search_term_string"}}],"inLanguage":"en"}]}},"_links":{"self":[{"href":"https:\/\/reform.ee\/riigikogu-valimised-2023\/wp-json\/wp\/v2\/pages\/3536","targetHints":{"allow":["GET"]}}],"collection":[{"href":"https:\/\/reform.ee\/riigikogu-valimised-2023\/wp-json\/wp\/v2\/pages"}],"about":[{"href":"https:\/\/reform.ee\/riigikogu-valimised-2023\/wp-json\/wp\/v2\/types\/page"}],"author":[{"embeddable":true,"href":"https:\/\/reform.ee\/riigikogu-valimised-2023\/wp-json\/wp\/v2\/users\/5"}],"replies":[{"embeddable":true,"href":"https:\/\/reform.ee\/riigikogu-valimised-2023\/wp-json\/wp\/v2\/comments?post=3536"}],"version-history":[{"count":97,"href":"https:\/\/reform.ee\/riigikogu-valimised-2023\/wp-json\/wp\/v2\/pages\/3536\/revisions"}],"predecessor-version":[{"id":4910,"href":"https:\/\/reform.ee\/riigikogu-valimised-2023\/wp-json\/wp\/v2\/pages\/3536\/revisions\/4910"}],"wp:attachment":[{"href":"https:\/\/reform.ee\/riigikogu-valimised-2023\/wp-json\/wp\/v2\/media?parent=3536"}],"curies":[{"name":"wp","href":"https:\/\/api.w.org\/{rel}","templated":true}]}}