{"id":3419,"date":"2023-01-10T21:31:40","date_gmt":"2023-01-10T19:31:40","guid":{"rendered":"https:\/\/reform.ee\/riigikogu-valimised-2023\/?page_id=3419"},"modified":"2023-01-23T17:32:47","modified_gmt":"2023-01-23T15:32:47","slug":"reformierakonnaga-pusib-vanaduspolv-kindlates-kates","status":"publish","type":"page","link":"https:\/\/reform.ee\/riigikogu-valimised-2023\/pohilubadused\/reformierakonnaga-pusib-vanaduspolv-kindlates-kates\/","title":{"rendered":"Reformierakonnaga p\u00fcsib vanadusp\u00f5lv kindlates k\u00e4tes!"},"content":{"rendered":"\n<figure class=\"wp-block-image size-full\"><img loading=\"lazy\" decoding=\"async\" width=\"1024\" height=\"461\" src=\"https:\/\/reform.ee\/riigikogu-valimised-2023\/wp-content\/uploads\/2023\/01\/reformierakond-kindlates-kates-vanaduspolv.png\" alt=\"Reformierakond Kindlates k\u00e4tes vanadusp\u00f5lv\" class=\"wp-image-3474\" srcset=\"https:\/\/reform.ee\/riigikogu-valimised-2023\/wp-content\/uploads\/2023\/01\/reformierakond-kindlates-kates-vanaduspolv.png 1024w, https:\/\/reform.ee\/riigikogu-valimised-2023\/wp-content\/uploads\/2023\/01\/reformierakond-kindlates-kates-vanaduspolv-300x135.png 300w, https:\/\/reform.ee\/riigikogu-valimised-2023\/wp-content\/uploads\/2023\/01\/reformierakond-kindlates-kates-vanaduspolv-768x346.png 768w, https:\/\/reform.ee\/riigikogu-valimised-2023\/wp-content\/uploads\/2023\/01\/reformierakond-kindlates-kates-vanaduspolv-512x231.png 512w\" sizes=\"auto, (max-width: 1024px) 100vw, 1024px\" \/><\/figure>\n\n\n\n<p><\/p>\n\n\n\n<p>Meie inimesed ei pea mitte kunagi tundma, et nad on j\u00e4etud raskes olukorras \u00fcksi. Enim vajavad kindlustunnet tuleviku ees eakad. Aasta algusest muutus keskmine vanaduspension tulumaksuvabaks, mille toel j\u00e4\u00e4b eakatele, eriti t\u00f6\u00f6tavatele pension\u00e4ridele, aastas kuni 490 eurot rohkem k\u00e4tte. Keskmine vanaduspension t\u00f5useb 704 euroni kuus, kuid kasv peab j\u00e4tkuma ka edaspidi. Seep\u00e4rast toetame pensionide t\u00f5stmist v\u00e4hemalt 1000 euroni kuus.<\/p>\n\n\n\n<p>Vali kindlates k\u00e4tes vanadusp\u00f5lv, vali Reformierakond!<\/p>\n\n\n<section class=\"text\">\r\n            <h2 class=\"text__title\">Kindlates k\u00e4tes vanadusp\u00f5lv!<\/h2>\r\n                <div class=\"text__content\"><ul>\n<li><a href=\"https:\/\/reform.ee\/riigikogu-valimised-2023\/valimisprogramm\/sotsiaalpoliitika-ja-tervishoid\/#pension\">Keskmine vanaduspension 1000 eurot<\/a>!<\/li>\n<li><a href=\"https:\/\/reform.ee\/riigikogu-valimised-2023\/valimisprogramm\/sotsiaalpoliitika-ja-tervishoid\/#pension\">T\u00f5stame pensioni nelja aastaga 400 eurot<\/a>.<\/li>\n<li>Hoiame keskmise pensioni <a href=\"https:\/\/reform.ee\/riigikogu-valimised-2023\/valimisprogramm\/sotsiaalpoliitika-ja-tervishoid\/#pension\">tulumaksuvaba<\/a>.<\/li>\n<li>Rakendame hooldereformi ja <a href=\"https:\/\/reform.ee\/riigikogu-valimised-2023\/valimisprogramm\/sotsiaalpoliitika-ja-tervishoid\/#hooldereform\">toetame koduteenuse suurendamist<\/a>.<\/li>\n<li><a href=\"https:\/\/reform.ee\/riigikogu-valimised-2023\/valimisprogramm\/sotsiaalpoliitika-ja-tervishoid\/#hooldereform\">Hooldekodukoht<\/a> pensioni eest!<\/li>\n<\/ul>\n<p>Tutvu valimisprogrammiga:\u00a0<a href=\"https:\/\/reform.ee\/riigikogu-valimised-2023\/valimisprogramm\/sotsiaalpoliitika-ja-tervishoid\/\">Kindlates k\u00e4tes\u00a0sotsiaalpoliitika ja tervishoid.<\/a><\/p>\n<\/div>\r\n    <\/section>\n\n\r\n<div class=\"video-player\">\r\n  <div\r\n    class=\"video\"\r\n    data-plyr-provider=\"youtube\"\r\n    data-plyr-embed-id=\"udTvOLwddFg\"\r\n    data-poster=\"<br \/>\n<b>Warning<\/b>:  Trying to access array offset on false in <b>\/data01\/virt62617\/domeenid\/www.reform.ee\/htdocs2\/web\/riigikogu-valimised-2023\/wp-content\/themes\/reformierakond\/acf_blocks\/video.php<\/b> on line <b>15<\/b><br \/>\n<br \/>\n<b>Warning<\/b>:  Trying to access array offset on null in <b>\/data01\/virt62617\/domeenid\/www.reform.ee\/htdocs2\/web\/riigikogu-valimised-2023\/wp-content\/themes\/reformierakond\/acf_blocks\/video.php<\/b> on line <b>15<\/b><br \/>\n&#8221;\r\n    data-plyr-config='{\r\n        &#8220;ratio&#8221;: &#8220;&#8221;\r\n      }&#8217;\r\n  ><\/div>\r\n  <div\r\n    class=\"video-player__thumbnail\"\r\n    style=\"background-image: url(<br \/>\n<b>Warning<\/b>:  Trying to access array offset on false in <b>\/data01\/virt62617\/domeenid\/www.reform.ee\/htdocs2\/web\/riigikogu-valimised-2023\/wp-content\/themes\/reformierakond\/acf_blocks\/video.php<\/b> on line <b>22<\/b><br \/>\n<br \/>\n<b>Warning<\/b>:  Trying to access array offset on null in <b>\/data01\/virt62617\/domeenid\/www.reform.ee\/htdocs2\/web\/riigikogu-valimised-2023\/wp-content\/themes\/reformierakond\/acf_blocks\/video.php<\/b> on line <b>22<\/b><br \/>\n);&#8221;\r\n  >\r\n          <h2 class=\"video-player__title\">Reformierakonna pensioniplaan<\/h2>\r\n      <\/div>\r\n<\/div>\r\n","protected":false},"excerpt":{"rendered":"<p>Meie inimesed ei pea mitte kunagi tundma, et nad on j\u00e4etud raskes olukorras \u00fcksi. Enim vajavad kindlustunnet tuleviku ees eakad. Aasta algusest muutus keskmine vanaduspension tulumaksuvabaks, mille toel j\u00e4\u00e4b eakatele, eriti t\u00f6\u00f6tavatele pension\u00e4ridele, aastas kuni 490 eurot rohkem k\u00e4tte. Keskmine vanaduspension t\u00f5useb 704 euroni kuus, kuid kasv peab j\u00e4tkuma ka edaspidi. Seep\u00e4rast toetame pensionide t\u00f5stmist [&hellip;]<\/p>\n","protected":false},"author":5,"featured_media":0,"parent":3371,"menu_order":4,"comment_status":"closed","ping_status":"closed","template":"","meta":{"_acf_changed":false,"footnotes":""},"class_list":["post-3419","page","type-page","status-publish","hentry"],"acf":[],"yoast_head":"<!-- This site is optimized with the Yoast SEO plugin v27.3 - https:\/\/yoast.com\/product\/yoast-seo-wordpress\/ -->\n<title>Reformierakonnaga p\u00fcsib vanadusp\u00f5lv kindlates k\u00e4tes! | Reformierakond | Riigikogu valimised 2023<\/title>\n<meta name=\"description\" content=\"Meie inimesed ei pea mitte kunagi tundma, et nad on j\u00e4etud raskes olukorras \u00fcksi. Enim vajavad kindlustunnet tuleviku ees eakad.\" \/>\n<meta name=\"robots\" content=\"index, follow, max-snippet:-1, max-image-preview:large, max-video-preview:-1\" \/>\n<link rel=\"canonical\" href=\"https:\/\/reform.ee\/riigikogu-valimised-2023\/pohilubadused\/reformierakonnaga-pusib-vanaduspolv-kindlates-kates\/\" \/>\n<meta property=\"og:locale\" content=\"en_US\" \/>\n<meta property=\"og:type\" content=\"article\" \/>\n<meta property=\"og:title\" content=\"Reformierakonnaga p\u00fcsib vanadusp\u00f5lv kindlates k\u00e4tes! | Reformierakond | Riigikogu valimised 2023\" \/>\n<meta property=\"og:description\" content=\"Meie inimesed ei pea mitte kunagi tundma, et nad on j\u00e4etud raskes olukorras \u00fcksi. Enim vajavad kindlustunnet tuleviku ees eakad.\" \/>\n<meta property=\"og:url\" content=\"https:\/\/reform.ee\/riigikogu-valimised-2023\/pohilubadused\/reformierakonnaga-pusib-vanaduspolv-kindlates-kates\/\" \/>\n<meta property=\"og:site_name\" content=\"Riigikogu valimised 2023\" \/>\n<meta property=\"article:publisher\" content=\"https:\/\/www.facebook.com\/reformierakond\" \/>\n<meta property=\"article:modified_time\" content=\"2023-01-23T15:32:47+00:00\" \/>\n<meta property=\"og:image\" content=\"https:\/\/reform.ee\/riigikogu-valimised-2023\/wp-content\/uploads\/2023\/01\/Reformierakond-kindlates-kates-vanaduspolv.jpg\" \/>\n\t<meta property=\"og:image:width\" content=\"1200\" \/>\n\t<meta property=\"og:image:height\" content=\"630\" \/>\n\t<meta property=\"og:image:type\" content=\"image\/jpeg\" \/>\n<meta name=\"twitter:card\" content=\"summary_large_image\" \/>\n<meta name=\"twitter:description\" content=\"Meie inimesed ei pea mitte kunagi tundma, et nad on j\u00e4etud raskes olukorras \u00fcksi. Enim vajavad kindlustunnet tuleviku ees eakad.\" \/>\n<meta name=\"twitter:image\" content=\"https:\/\/reform.ee\/riigikogu-valimised-2023\/wp-content\/uploads\/2023\/01\/Reformierakond-kindlates-kates-vanaduspolv.jpg\" \/>\n<meta name=\"twitter:site\" content=\"@reformikad\" \/>\n<meta name=\"twitter:label1\" content=\"Est. reading time\" \/>\n\t<meta name=\"twitter:data1\" content=\"1 minute\" \/>\n<script type=\"application\/ld+json\" class=\"yoast-schema-graph\">{\"@context\":\"https:\\\/\\\/schema.org\",\"@graph\":[{\"@type\":\"WebPage\",\"@id\":\"https:\\\/\\\/reform.ee\\\/riigikogu-valimised-2023\\\/pohilubadused\\\/reformierakonnaga-pusib-vanaduspolv-kindlates-kates\\\/\",\"url\":\"https:\\\/\\\/reform.ee\\\/riigikogu-valimised-2023\\\/pohilubadused\\\/reformierakonnaga-pusib-vanaduspolv-kindlates-kates\\\/\",\"name\":\"Reformierakonnaga p\u00fcsib vanadusp\u00f5lv kindlates k\u00e4tes! | Reformierakond | Riigikogu valimised 2023\",\"isPartOf\":{\"@id\":\"https:\\\/\\\/reform.ee\\\/riigikogu-valimised-2023\\\/#website\"},\"primaryImageOfPage\":{\"@id\":\"https:\\\/\\\/reform.ee\\\/riigikogu-valimised-2023\\\/pohilubadused\\\/reformierakonnaga-pusib-vanaduspolv-kindlates-kates\\\/#primaryimage\"},\"image\":{\"@id\":\"https:\\\/\\\/reform.ee\\\/riigikogu-valimised-2023\\\/pohilubadused\\\/reformierakonnaga-pusib-vanaduspolv-kindlates-kates\\\/#primaryimage\"},\"thumbnailUrl\":\"https:\\\/\\\/reform.ee\\\/riigikogu-valimised-2023\\\/wp-content\\\/uploads\\\/2023\\\/01\\\/reformierakond-kindlates-kates-vanaduspolv.png\",\"datePublished\":\"2023-01-10T19:31:40+00:00\",\"dateModified\":\"2023-01-23T15:32:47+00:00\",\"description\":\"Meie inimesed ei pea mitte kunagi tundma, et nad on j\u00e4etud raskes olukorras \u00fcksi. Enim vajavad kindlustunnet tuleviku ees eakad.\",\"breadcrumb\":{\"@id\":\"https:\\\/\\\/reform.ee\\\/riigikogu-valimised-2023\\\/pohilubadused\\\/reformierakonnaga-pusib-vanaduspolv-kindlates-kates\\\/#breadcrumb\"},\"inLanguage\":\"en\",\"potentialAction\":[{\"@type\":\"ReadAction\",\"target\":[\"https:\\\/\\\/reform.ee\\\/riigikogu-valimised-2023\\\/pohilubadused\\\/reformierakonnaga-pusib-vanaduspolv-kindlates-kates\\\/\"]}]},{\"@type\":\"ImageObject\",\"inLanguage\":\"en\",\"@id\":\"https:\\\/\\\/reform.ee\\\/riigikogu-valimised-2023\\\/pohilubadused\\\/reformierakonnaga-pusib-vanaduspolv-kindlates-kates\\\/#primaryimage\",\"url\":\"https:\\\/\\\/reform.ee\\\/riigikogu-valimised-2023\\\/wp-content\\\/uploads\\\/2023\\\/01\\\/reformierakond-kindlates-kates-vanaduspolv.png\",\"contentUrl\":\"https:\\\/\\\/reform.ee\\\/riigikogu-valimised-2023\\\/wp-content\\\/uploads\\\/2023\\\/01\\\/reformierakond-kindlates-kates-vanaduspolv.png\",\"width\":1024,\"height\":461},{\"@type\":\"BreadcrumbList\",\"@id\":\"https:\\\/\\\/reform.ee\\\/riigikogu-valimised-2023\\\/pohilubadused\\\/reformierakonnaga-pusib-vanaduspolv-kindlates-kates\\\/#breadcrumb\",\"itemListElement\":[{\"@type\":\"ListItem\",\"position\":1,\"name\":\"Home\",\"item\":\"https:\\\/\\\/reform.ee\\\/riigikogu-valimised-2023\\\/\"},{\"@type\":\"ListItem\",\"position\":2,\"name\":\"P\u00f5hilubadused\",\"item\":\"https:\\\/\\\/reform.ee\\\/riigikogu-valimised-2023\\\/pohilubadused\\\/\"},{\"@type\":\"ListItem\",\"position\":3,\"name\":\"Reformierakonnaga p\u00fcsib vanadusp\u00f5lv kindlates k\u00e4tes!\"}]},{\"@type\":\"WebSite\",\"@id\":\"https:\\\/\\\/reform.ee\\\/riigikogu-valimised-2023\\\/#website\",\"url\":\"https:\\\/\\\/reform.ee\\\/riigikogu-valimised-2023\\\/\",\"name\":\"Riigikogu valimised 2023\",\"description\":\"Reformierakond\",\"potentialAction\":[{\"@type\":\"SearchAction\",\"target\":{\"@type\":\"EntryPoint\",\"urlTemplate\":\"https:\\\/\\\/reform.ee\\\/riigikogu-valimised-2023\\\/?s={search_term_string}\"},\"query-input\":{\"@type\":\"PropertyValueSpecification\",\"valueRequired\":true,\"valueName\":\"search_term_string\"}}],\"inLanguage\":\"en\"}]}<\/script>\n<!-- \/ Yoast SEO plugin. -->","yoast_head_json":{"title":"Reformierakonnaga p\u00fcsib vanadusp\u00f5lv kindlates k\u00e4tes! | Reformierakond | Riigikogu valimised 2023","description":"Meie inimesed ei pea mitte kunagi tundma, et nad on j\u00e4etud raskes olukorras \u00fcksi. Enim vajavad kindlustunnet tuleviku ees eakad.","robots":{"index":"index","follow":"follow","max-snippet":"max-snippet:-1","max-image-preview":"max-image-preview:large","max-video-preview":"max-video-preview:-1"},"canonical":"https:\/\/reform.ee\/riigikogu-valimised-2023\/pohilubadused\/reformierakonnaga-pusib-vanaduspolv-kindlates-kates\/","og_locale":"en_US","og_type":"article","og_title":"Reformierakonnaga p\u00fcsib vanadusp\u00f5lv kindlates k\u00e4tes! | Reformierakond | Riigikogu valimised 2023","og_description":"Meie inimesed ei pea mitte kunagi tundma, et nad on j\u00e4etud raskes olukorras \u00fcksi. Enim vajavad kindlustunnet tuleviku ees eakad.","og_url":"https:\/\/reform.ee\/riigikogu-valimised-2023\/pohilubadused\/reformierakonnaga-pusib-vanaduspolv-kindlates-kates\/","og_site_name":"Riigikogu valimised 2023","article_publisher":"https:\/\/www.facebook.com\/reformierakond","article_modified_time":"2023-01-23T15:32:47+00:00","og_image":[{"width":1200,"height":630,"url":"https:\/\/reform.ee\/riigikogu-valimised-2023\/wp-content\/uploads\/2023\/01\/Reformierakond-kindlates-kates-vanaduspolv.jpg","type":"image\/jpeg"}],"twitter_card":"summary_large_image","twitter_description":"Meie inimesed ei pea mitte kunagi tundma, et nad on j\u00e4etud raskes olukorras \u00fcksi. Enim vajavad kindlustunnet tuleviku ees eakad.","twitter_image":"https:\/\/reform.ee\/riigikogu-valimised-2023\/wp-content\/uploads\/2023\/01\/Reformierakond-kindlates-kates-vanaduspolv.jpg","twitter_site":"@reformikad","twitter_misc":{"Est. reading time":"1 minute"},"schema":{"@context":"https:\/\/schema.org","@graph":[{"@type":"WebPage","@id":"https:\/\/reform.ee\/riigikogu-valimised-2023\/pohilubadused\/reformierakonnaga-pusib-vanaduspolv-kindlates-kates\/","url":"https:\/\/reform.ee\/riigikogu-valimised-2023\/pohilubadused\/reformierakonnaga-pusib-vanaduspolv-kindlates-kates\/","name":"Reformierakonnaga p\u00fcsib vanadusp\u00f5lv kindlates k\u00e4tes! | Reformierakond | Riigikogu valimised 2023","isPartOf":{"@id":"https:\/\/reform.ee\/riigikogu-valimised-2023\/#website"},"primaryImageOfPage":{"@id":"https:\/\/reform.ee\/riigikogu-valimised-2023\/pohilubadused\/reformierakonnaga-pusib-vanaduspolv-kindlates-kates\/#primaryimage"},"image":{"@id":"https:\/\/reform.ee\/riigikogu-valimised-2023\/pohilubadused\/reformierakonnaga-pusib-vanaduspolv-kindlates-kates\/#primaryimage"},"thumbnailUrl":"https:\/\/reform.ee\/riigikogu-valimised-2023\/wp-content\/uploads\/2023\/01\/reformierakond-kindlates-kates-vanaduspolv.png","datePublished":"2023-01-10T19:31:40+00:00","dateModified":"2023-01-23T15:32:47+00:00","description":"Meie inimesed ei pea mitte kunagi tundma, et nad on j\u00e4etud raskes olukorras \u00fcksi. Enim vajavad kindlustunnet tuleviku ees eakad.","breadcrumb":{"@id":"https:\/\/reform.ee\/riigikogu-valimised-2023\/pohilubadused\/reformierakonnaga-pusib-vanaduspolv-kindlates-kates\/#breadcrumb"},"inLanguage":"en","potentialAction":[{"@type":"ReadAction","target":["https:\/\/reform.ee\/riigikogu-valimised-2023\/pohilubadused\/reformierakonnaga-pusib-vanaduspolv-kindlates-kates\/"]}]},{"@type":"ImageObject","inLanguage":"en","@id":"https:\/\/reform.ee\/riigikogu-valimised-2023\/pohilubadused\/reformierakonnaga-pusib-vanaduspolv-kindlates-kates\/#primaryimage","url":"https:\/\/reform.ee\/riigikogu-valimised-2023\/wp-content\/uploads\/2023\/01\/reformierakond-kindlates-kates-vanaduspolv.png","contentUrl":"https:\/\/reform.ee\/riigikogu-valimised-2023\/wp-content\/uploads\/2023\/01\/reformierakond-kindlates-kates-vanaduspolv.png","width":1024,"height":461},{"@type":"BreadcrumbList","@id":"https:\/\/reform.ee\/riigikogu-valimised-2023\/pohilubadused\/reformierakonnaga-pusib-vanaduspolv-kindlates-kates\/#breadcrumb","itemListElement":[{"@type":"ListItem","position":1,"name":"Home","item":"https:\/\/reform.ee\/riigikogu-valimised-2023\/"},{"@type":"ListItem","position":2,"name":"P\u00f5hilubadused","item":"https:\/\/reform.ee\/riigikogu-valimised-2023\/pohilubadused\/"},{"@type":"ListItem","position":3,"name":"Reformierakonnaga p\u00fcsib vanadusp\u00f5lv kindlates k\u00e4tes!"}]},{"@type":"WebSite","@id":"https:\/\/reform.ee\/riigikogu-valimised-2023\/#website","url":"https:\/\/reform.ee\/riigikogu-valimised-2023\/","name":"Riigikogu valimised 2023","description":"Reformierakond","potentialAction":[{"@type":"SearchAction","target":{"@type":"EntryPoint","urlTemplate":"https:\/\/reform.ee\/riigikogu-valimised-2023\/?s={search_term_string}"},"query-input":{"@type":"PropertyValueSpecification","valueRequired":true,"valueName":"search_term_string"}}],"inLanguage":"en"}]}},"_links":{"self":[{"href":"https:\/\/reform.ee\/riigikogu-valimised-2023\/wp-json\/wp\/v2\/pages\/3419","targetHints":{"allow":["GET"]}}],"collection":[{"href":"https:\/\/reform.ee\/riigikogu-valimised-2023\/wp-json\/wp\/v2\/pages"}],"about":[{"href":"https:\/\/reform.ee\/riigikogu-valimised-2023\/wp-json\/wp\/v2\/types\/page"}],"author":[{"embeddable":true,"href":"https:\/\/reform.ee\/riigikogu-valimised-2023\/wp-json\/wp\/v2\/users\/5"}],"replies":[{"embeddable":true,"href":"https:\/\/reform.ee\/riigikogu-valimised-2023\/wp-json\/wp\/v2\/comments?post=3419"}],"version-history":[{"count":18,"href":"https:\/\/reform.ee\/riigikogu-valimised-2023\/wp-json\/wp\/v2\/pages\/3419\/revisions"}],"predecessor-version":[{"id":4393,"href":"https:\/\/reform.ee\/riigikogu-valimised-2023\/wp-json\/wp\/v2\/pages\/3419\/revisions\/4393"}],"up":[{"embeddable":true,"href":"https:\/\/reform.ee\/riigikogu-valimised-2023\/wp-json\/wp\/v2\/pages\/3371"}],"wp:attachment":[{"href":"https:\/\/reform.ee\/riigikogu-valimised-2023\/wp-json\/wp\/v2\/media?parent=3419"}],"curies":[{"name":"wp","href":"https:\/\/api.w.org\/{rel}","templated":true}]}}