{"id":3396,"date":"2023-01-10T21:05:07","date_gmt":"2023-01-10T19:05:07","guid":{"rendered":"https:\/\/reform.ee\/riigikogu-valimised-2023\/?page_id=3396"},"modified":"2023-02-06T14:07:29","modified_gmt":"2023-02-06T12:07:29","slug":"reformierakonnaga-pusib-majandus-kindlates-kates","status":"publish","type":"page","link":"https:\/\/reform.ee\/riigikogu-valimised-2023\/pohilubadused\/reformierakonnaga-pusib-majandus-kindlates-kates\/","title":{"rendered":"Reformierakonnaga p\u00fcsib majandus kindlates k\u00e4tes!"},"content":{"rendered":"\n<figure class=\"wp-block-image size-full\"><img loading=\"lazy\" decoding=\"async\" width=\"1024\" height=\"512\" src=\"https:\/\/reform.ee\/riigikogu-valimised-2023\/wp-content\/uploads\/2023\/01\/reformierakond-kindlates-kates-majandus.png\" alt=\"Reformierakond kindlates k\u00e4tes majandus\" class=\"wp-image-3399\" srcset=\"https:\/\/reform.ee\/riigikogu-valimised-2023\/wp-content\/uploads\/2023\/01\/reformierakond-kindlates-kates-majandus.png 1024w, https:\/\/reform.ee\/riigikogu-valimised-2023\/wp-content\/uploads\/2023\/01\/reformierakond-kindlates-kates-majandus-300x150.png 300w, https:\/\/reform.ee\/riigikogu-valimised-2023\/wp-content\/uploads\/2023\/01\/reformierakond-kindlates-kates-majandus-768x384.png 768w, https:\/\/reform.ee\/riigikogu-valimised-2023\/wp-content\/uploads\/2023\/01\/reformierakond-kindlates-kates-majandus-512x256.png 512w\" sizes=\"auto, (max-width: 1024px) 100vw, 1024px\" \/><\/figure>\n\n\n\n<p>Majandus on kindlates k\u00e4tes, kui meil on konkurentsiv\u00f5imeline maksus\u00fcsteem, atraktiivne majanduskeskkond ja tulevikku vaatav energiapoliitika, mis h\u00f5lmaks nii p\u00e4ikese-, tuule-, vesiniku- kui tuumaenergiatehnoloogiaid. Lisaks on meil olemas hinnat\u00f5usudega v\u00f5itlemiseks parempoolne ja liberaalne lahendus: j\u00e4tame inimestele rohkem nende teenitud raha k\u00e4tte, et nad saaksid ise otsustada, kuhu see paigutada.<\/p>\n\n\n\n<p>Vali kindlates k\u00e4tes majandus, vali Reformierakond!<\/p>\n\n\n<section class=\"text\">\r\n            <h2 class=\"text__title\">Kindlates k\u00e4tes majandus!<\/h2>\r\n                <div class=\"text__content\"><ul>\n<li>Kehtestame <a href=\"https:\/\/reform.ee\/riigikogu-valimised-2023\/valimisprogramm\/majandus-ja-rahandus\/#uhetaolisedmaksud\">lihtsa ja \u00fchetaolise maksus\u00fcsteemi<\/a>, <a href=\"https:\/\/reform.ee\/riigikogu-valimised-2023\/tulumaksu-kalkulaator\/\">700 eurot tulumaksuvabaks<\/a> k\u00f5igile.<\/li>\n<li>Loome majandus- ja maksukeskkonna, mis toob Eestisse uusi <a href=\"https:\/\/reform.ee\/riigikogu-valimised-2023\/valimisprogramm\/majandus-ja-rahandus\/#avatudmajandus\">investeeringuid ja k\u00f5rgepalgalised t\u00f6\u00f6kohad<\/a>.<\/li>\n<li>Rajame <a href=\"https:\/\/reform.ee\/riigikogu-valimised-2023\/valimisprogramm\/majandus-ja-rahandus\/#uhendused\">s\u00e4\u00e4stlikke ja turvalisi \u00fchendusi<\/a> \u2013 toome Eestisse uued rongid ja ehitame l\u00f5puni Rail Balticu.<\/li>\n<li>Hoiame <a href=\"https:\/\/reform.ee\/riigikogu-valimised-2023\/valimisprogramm\/majandus-ja-rahandus\/#korrasrahandus\">riigi rahanduse korras<\/a>, p\u00fcsikuludeks laenu ei v\u00f5ta!<\/li>\n<li>Planeerime taastuvenergia v\u00f5imsusi s\u00f5jaaja kiirusega, muutes Eesti <a href=\"https:\/\/reform.ee\/riigikogu-valimised-2023\/valimisprogramm\/majandus-ja-rahandus\/\/#energia\">energias\u00f5ltumatuks<\/a>.<\/li>\n<\/ul>\n<p>Tutvu valimisprogrammiga:\u00a0<a href=\"https:\/\/reform.ee\/riigikogu-valimised-2023\/valimisprogramm\/majandus-ja-rahandus\/\">Kindlates k\u00e4tes majandus ja rahandus.<\/a><\/p>\n<\/div>\r\n    <\/section>\n\n\r\n<div class=\"video-player\">\r\n  <div\r\n    class=\"video\"\r\n    data-plyr-provider=\"youtube\"\r\n    data-plyr-embed-id=\"XoH9YcsO4Ag\"\r\n    data-poster=\"<br \/>\n<b>Warning<\/b>:  Trying to access array offset on false in <b>\/data01\/virt62617\/domeenid\/www.reform.ee\/htdocs2\/web\/riigikogu-valimised-2023\/wp-content\/themes\/reformierakond\/acf_blocks\/video.php<\/b> on line <b>15<\/b><br \/>\n<br \/>\n<b>Warning<\/b>:  Trying to access array offset on null in <b>\/data01\/virt62617\/domeenid\/www.reform.ee\/htdocs2\/web\/riigikogu-valimised-2023\/wp-content\/themes\/reformierakond\/acf_blocks\/video.php<\/b> on line <b>15<\/b><br \/>\n&#8221;\r\n    data-plyr-config='{\r\n        &#8220;ratio&#8221;: &#8220;&#8221;\r\n      }&#8217;\r\n  ><\/div>\r\n  <div\r\n    class=\"video-player__thumbnail\"\r\n    style=\"background-image: url(<br \/>\n<b>Warning<\/b>:  Trying to access array offset on false in <b>\/data01\/virt62617\/domeenid\/www.reform.ee\/htdocs2\/web\/riigikogu-valimised-2023\/wp-content\/themes\/reformierakond\/acf_blocks\/video.php<\/b> on line <b>22<\/b><br \/>\n<br \/>\n<b>Warning<\/b>:  Trying to access array offset on null in <b>\/data01\/virt62617\/domeenid\/www.reform.ee\/htdocs2\/web\/riigikogu-valimised-2023\/wp-content\/themes\/reformierakond\/acf_blocks\/video.php<\/b> on line <b>22<\/b><br \/>\n);&#8221;\r\n  >\r\n          <h2 class=\"video-player__title\">T\u00f5stame tulumaksuvaba miinimumi 700 euroni<\/h2>\r\n      <\/div>\r\n<\/div>\r\n","protected":false},"excerpt":{"rendered":"<p>Majandus on kindlates k\u00e4tes, kui meil on konkurentsiv\u00f5imeline maksus\u00fcsteem, atraktiivne majanduskeskkond ja tulevikku vaatav energiapoliitika, mis h\u00f5lmaks nii p\u00e4ikese-, tuule-, vesiniku- kui tuumaenergiatehnoloogiaid. Lisaks on meil olemas hinnat\u00f5usudega v\u00f5itlemiseks parempoolne ja liberaalne lahendus: j\u00e4tame inimestele rohkem nende teenitud raha k\u00e4tte, et nad saaksid ise otsustada, kuhu see paigutada. Vali kindlates k\u00e4tes majandus, vali Reformierakond!<\/p>\n","protected":false},"author":5,"featured_media":0,"parent":3371,"menu_order":2,"comment_status":"closed","ping_status":"closed","template":"","meta":{"_acf_changed":false,"footnotes":""},"class_list":["post-3396","page","type-page","status-publish","hentry"],"acf":[],"yoast_head":"<!-- This site is optimized with the Yoast SEO plugin v27.3 - https:\/\/yoast.com\/product\/yoast-seo-wordpress\/ -->\n<title>Reformierakonnaga p\u00fcsib majandus kindlates k\u00e4tes! | Reformierakond | Riigikogu valimised 2023<\/title>\n<meta name=\"description\" content=\"Majandus on kindlates k\u00e4tes, kui meil on konkurentsiv\u00f5imeline maksus\u00fcsteem, atraktiivne majanduskeskkond ja tulevikku vaatav energiapoliitika.\" \/>\n<meta name=\"robots\" content=\"index, follow, max-snippet:-1, max-image-preview:large, max-video-preview:-1\" \/>\n<link rel=\"canonical\" href=\"https:\/\/reform.ee\/riigikogu-valimised-2023\/pohilubadused\/reformierakonnaga-pusib-majandus-kindlates-kates\/\" \/>\n<meta property=\"og:locale\" content=\"en_US\" \/>\n<meta property=\"og:type\" content=\"article\" \/>\n<meta property=\"og:title\" content=\"Reformierakonnaga p\u00fcsib majandus kindlates k\u00e4tes! | Reformierakond | Riigikogu valimised 2023\" \/>\n<meta property=\"og:description\" content=\"Majandus on kindlates k\u00e4tes, kui meil on konkurentsiv\u00f5imeline maksus\u00fcsteem, atraktiivne majanduskeskkond ja tulevikku vaatav energiapoliitika.\" \/>\n<meta property=\"og:url\" content=\"https:\/\/reform.ee\/riigikogu-valimised-2023\/pohilubadused\/reformierakonnaga-pusib-majandus-kindlates-kates\/\" \/>\n<meta property=\"og:site_name\" content=\"Riigikogu valimised 2023\" \/>\n<meta property=\"article:publisher\" content=\"https:\/\/www.facebook.com\/reformierakond\" \/>\n<meta property=\"article:modified_time\" content=\"2023-02-06T12:07:29+00:00\" \/>\n<meta property=\"og:image\" content=\"https:\/\/reform.ee\/riigikogu-valimised-2023\/wp-content\/uploads\/2023\/01\/Reformierakond-kindlates-kates-majandus.jpg\" \/>\n\t<meta property=\"og:image:width\" content=\"1200\" \/>\n\t<meta property=\"og:image:height\" content=\"630\" \/>\n\t<meta property=\"og:image:type\" content=\"image\/jpeg\" \/>\n<meta name=\"twitter:card\" content=\"summary_large_image\" \/>\n<meta name=\"twitter:description\" content=\"Majandus on kindlates k\u00e4tes, kui meil on konkurentsiv\u00f5imeline maksus\u00fcsteem, atraktiivne majanduskeskkond ja tulevikku vaatav energiapoliitika.\" \/>\n<meta name=\"twitter:image\" content=\"https:\/\/reform.ee\/riigikogu-valimised-2023\/wp-content\/uploads\/2023\/01\/Reformierakond-kindlates-kates-majandus.jpg\" \/>\n<meta name=\"twitter:site\" content=\"@reformikad\" \/>\n<meta name=\"twitter:label1\" content=\"Est. reading time\" \/>\n\t<meta name=\"twitter:data1\" content=\"1 minute\" \/>\n<script type=\"application\/ld+json\" class=\"yoast-schema-graph\">{\"@context\":\"https:\\\/\\\/schema.org\",\"@graph\":[{\"@type\":\"WebPage\",\"@id\":\"https:\\\/\\\/reform.ee\\\/riigikogu-valimised-2023\\\/pohilubadused\\\/reformierakonnaga-pusib-majandus-kindlates-kates\\\/\",\"url\":\"https:\\\/\\\/reform.ee\\\/riigikogu-valimised-2023\\\/pohilubadused\\\/reformierakonnaga-pusib-majandus-kindlates-kates\\\/\",\"name\":\"Reformierakonnaga p\u00fcsib majandus kindlates k\u00e4tes! | Reformierakond | Riigikogu valimised 2023\",\"isPartOf\":{\"@id\":\"https:\\\/\\\/reform.ee\\\/riigikogu-valimised-2023\\\/#website\"},\"primaryImageOfPage\":{\"@id\":\"https:\\\/\\\/reform.ee\\\/riigikogu-valimised-2023\\\/pohilubadused\\\/reformierakonnaga-pusib-majandus-kindlates-kates\\\/#primaryimage\"},\"image\":{\"@id\":\"https:\\\/\\\/reform.ee\\\/riigikogu-valimised-2023\\\/pohilubadused\\\/reformierakonnaga-pusib-majandus-kindlates-kates\\\/#primaryimage\"},\"thumbnailUrl\":\"https:\\\/\\\/reform.ee\\\/riigikogu-valimised-2023\\\/wp-content\\\/uploads\\\/2023\\\/01\\\/reformierakond-kindlates-kates-majandus.png\",\"datePublished\":\"2023-01-10T19:05:07+00:00\",\"dateModified\":\"2023-02-06T12:07:29+00:00\",\"description\":\"Majandus on kindlates k\u00e4tes, kui meil on konkurentsiv\u00f5imeline maksus\u00fcsteem, atraktiivne majanduskeskkond ja tulevikku vaatav energiapoliitika.\",\"breadcrumb\":{\"@id\":\"https:\\\/\\\/reform.ee\\\/riigikogu-valimised-2023\\\/pohilubadused\\\/reformierakonnaga-pusib-majandus-kindlates-kates\\\/#breadcrumb\"},\"inLanguage\":\"en\",\"potentialAction\":[{\"@type\":\"ReadAction\",\"target\":[\"https:\\\/\\\/reform.ee\\\/riigikogu-valimised-2023\\\/pohilubadused\\\/reformierakonnaga-pusib-majandus-kindlates-kates\\\/\"]}]},{\"@type\":\"ImageObject\",\"inLanguage\":\"en\",\"@id\":\"https:\\\/\\\/reform.ee\\\/riigikogu-valimised-2023\\\/pohilubadused\\\/reformierakonnaga-pusib-majandus-kindlates-kates\\\/#primaryimage\",\"url\":\"https:\\\/\\\/reform.ee\\\/riigikogu-valimised-2023\\\/wp-content\\\/uploads\\\/2023\\\/01\\\/reformierakond-kindlates-kates-majandus.png\",\"contentUrl\":\"https:\\\/\\\/reform.ee\\\/riigikogu-valimised-2023\\\/wp-content\\\/uploads\\\/2023\\\/01\\\/reformierakond-kindlates-kates-majandus.png\",\"width\":1024,\"height\":512},{\"@type\":\"BreadcrumbList\",\"@id\":\"https:\\\/\\\/reform.ee\\\/riigikogu-valimised-2023\\\/pohilubadused\\\/reformierakonnaga-pusib-majandus-kindlates-kates\\\/#breadcrumb\",\"itemListElement\":[{\"@type\":\"ListItem\",\"position\":1,\"name\":\"Home\",\"item\":\"https:\\\/\\\/reform.ee\\\/riigikogu-valimised-2023\\\/\"},{\"@type\":\"ListItem\",\"position\":2,\"name\":\"P\u00f5hilubadused\",\"item\":\"https:\\\/\\\/reform.ee\\\/riigikogu-valimised-2023\\\/pohilubadused\\\/\"},{\"@type\":\"ListItem\",\"position\":3,\"name\":\"Reformierakonnaga p\u00fcsib majandus kindlates k\u00e4tes!\"}]},{\"@type\":\"WebSite\",\"@id\":\"https:\\\/\\\/reform.ee\\\/riigikogu-valimised-2023\\\/#website\",\"url\":\"https:\\\/\\\/reform.ee\\\/riigikogu-valimised-2023\\\/\",\"name\":\"Riigikogu valimised 2023\",\"description\":\"Reformierakond\",\"potentialAction\":[{\"@type\":\"SearchAction\",\"target\":{\"@type\":\"EntryPoint\",\"urlTemplate\":\"https:\\\/\\\/reform.ee\\\/riigikogu-valimised-2023\\\/?s={search_term_string}\"},\"query-input\":{\"@type\":\"PropertyValueSpecification\",\"valueRequired\":true,\"valueName\":\"search_term_string\"}}],\"inLanguage\":\"en\"}]}<\/script>\n<!-- \/ Yoast SEO plugin. -->","yoast_head_json":{"title":"Reformierakonnaga p\u00fcsib majandus kindlates k\u00e4tes! | Reformierakond | Riigikogu valimised 2023","description":"Majandus on kindlates k\u00e4tes, kui meil on konkurentsiv\u00f5imeline maksus\u00fcsteem, atraktiivne majanduskeskkond ja tulevikku vaatav energiapoliitika.","robots":{"index":"index","follow":"follow","max-snippet":"max-snippet:-1","max-image-preview":"max-image-preview:large","max-video-preview":"max-video-preview:-1"},"canonical":"https:\/\/reform.ee\/riigikogu-valimised-2023\/pohilubadused\/reformierakonnaga-pusib-majandus-kindlates-kates\/","og_locale":"en_US","og_type":"article","og_title":"Reformierakonnaga p\u00fcsib majandus kindlates k\u00e4tes! | Reformierakond | Riigikogu valimised 2023","og_description":"Majandus on kindlates k\u00e4tes, kui meil on konkurentsiv\u00f5imeline maksus\u00fcsteem, atraktiivne majanduskeskkond ja tulevikku vaatav energiapoliitika.","og_url":"https:\/\/reform.ee\/riigikogu-valimised-2023\/pohilubadused\/reformierakonnaga-pusib-majandus-kindlates-kates\/","og_site_name":"Riigikogu valimised 2023","article_publisher":"https:\/\/www.facebook.com\/reformierakond","article_modified_time":"2023-02-06T12:07:29+00:00","og_image":[{"width":1200,"height":630,"url":"https:\/\/reform.ee\/riigikogu-valimised-2023\/wp-content\/uploads\/2023\/01\/Reformierakond-kindlates-kates-majandus.jpg","type":"image\/jpeg"}],"twitter_card":"summary_large_image","twitter_description":"Majandus on kindlates k\u00e4tes, kui meil on konkurentsiv\u00f5imeline maksus\u00fcsteem, atraktiivne majanduskeskkond ja tulevikku vaatav energiapoliitika.","twitter_image":"https:\/\/reform.ee\/riigikogu-valimised-2023\/wp-content\/uploads\/2023\/01\/Reformierakond-kindlates-kates-majandus.jpg","twitter_site":"@reformikad","twitter_misc":{"Est. reading time":"1 minute"},"schema":{"@context":"https:\/\/schema.org","@graph":[{"@type":"WebPage","@id":"https:\/\/reform.ee\/riigikogu-valimised-2023\/pohilubadused\/reformierakonnaga-pusib-majandus-kindlates-kates\/","url":"https:\/\/reform.ee\/riigikogu-valimised-2023\/pohilubadused\/reformierakonnaga-pusib-majandus-kindlates-kates\/","name":"Reformierakonnaga p\u00fcsib majandus kindlates k\u00e4tes! | Reformierakond | Riigikogu valimised 2023","isPartOf":{"@id":"https:\/\/reform.ee\/riigikogu-valimised-2023\/#website"},"primaryImageOfPage":{"@id":"https:\/\/reform.ee\/riigikogu-valimised-2023\/pohilubadused\/reformierakonnaga-pusib-majandus-kindlates-kates\/#primaryimage"},"image":{"@id":"https:\/\/reform.ee\/riigikogu-valimised-2023\/pohilubadused\/reformierakonnaga-pusib-majandus-kindlates-kates\/#primaryimage"},"thumbnailUrl":"https:\/\/reform.ee\/riigikogu-valimised-2023\/wp-content\/uploads\/2023\/01\/reformierakond-kindlates-kates-majandus.png","datePublished":"2023-01-10T19:05:07+00:00","dateModified":"2023-02-06T12:07:29+00:00","description":"Majandus on kindlates k\u00e4tes, kui meil on konkurentsiv\u00f5imeline maksus\u00fcsteem, atraktiivne majanduskeskkond ja tulevikku vaatav energiapoliitika.","breadcrumb":{"@id":"https:\/\/reform.ee\/riigikogu-valimised-2023\/pohilubadused\/reformierakonnaga-pusib-majandus-kindlates-kates\/#breadcrumb"},"inLanguage":"en","potentialAction":[{"@type":"ReadAction","target":["https:\/\/reform.ee\/riigikogu-valimised-2023\/pohilubadused\/reformierakonnaga-pusib-majandus-kindlates-kates\/"]}]},{"@type":"ImageObject","inLanguage":"en","@id":"https:\/\/reform.ee\/riigikogu-valimised-2023\/pohilubadused\/reformierakonnaga-pusib-majandus-kindlates-kates\/#primaryimage","url":"https:\/\/reform.ee\/riigikogu-valimised-2023\/wp-content\/uploads\/2023\/01\/reformierakond-kindlates-kates-majandus.png","contentUrl":"https:\/\/reform.ee\/riigikogu-valimised-2023\/wp-content\/uploads\/2023\/01\/reformierakond-kindlates-kates-majandus.png","width":1024,"height":512},{"@type":"BreadcrumbList","@id":"https:\/\/reform.ee\/riigikogu-valimised-2023\/pohilubadused\/reformierakonnaga-pusib-majandus-kindlates-kates\/#breadcrumb","itemListElement":[{"@type":"ListItem","position":1,"name":"Home","item":"https:\/\/reform.ee\/riigikogu-valimised-2023\/"},{"@type":"ListItem","position":2,"name":"P\u00f5hilubadused","item":"https:\/\/reform.ee\/riigikogu-valimised-2023\/pohilubadused\/"},{"@type":"ListItem","position":3,"name":"Reformierakonnaga p\u00fcsib majandus kindlates k\u00e4tes!"}]},{"@type":"WebSite","@id":"https:\/\/reform.ee\/riigikogu-valimised-2023\/#website","url":"https:\/\/reform.ee\/riigikogu-valimised-2023\/","name":"Riigikogu valimised 2023","description":"Reformierakond","potentialAction":[{"@type":"SearchAction","target":{"@type":"EntryPoint","urlTemplate":"https:\/\/reform.ee\/riigikogu-valimised-2023\/?s={search_term_string}"},"query-input":{"@type":"PropertyValueSpecification","valueRequired":true,"valueName":"search_term_string"}}],"inLanguage":"en"}]}},"_links":{"self":[{"href":"https:\/\/reform.ee\/riigikogu-valimised-2023\/wp-json\/wp\/v2\/pages\/3396","targetHints":{"allow":["GET"]}}],"collection":[{"href":"https:\/\/reform.ee\/riigikogu-valimised-2023\/wp-json\/wp\/v2\/pages"}],"about":[{"href":"https:\/\/reform.ee\/riigikogu-valimised-2023\/wp-json\/wp\/v2\/types\/page"}],"author":[{"embeddable":true,"href":"https:\/\/reform.ee\/riigikogu-valimised-2023\/wp-json\/wp\/v2\/users\/5"}],"replies":[{"embeddable":true,"href":"https:\/\/reform.ee\/riigikogu-valimised-2023\/wp-json\/wp\/v2\/comments?post=3396"}],"version-history":[{"count":16,"href":"https:\/\/reform.ee\/riigikogu-valimised-2023\/wp-json\/wp\/v2\/pages\/3396\/revisions"}],"predecessor-version":[{"id":4874,"href":"https:\/\/reform.ee\/riigikogu-valimised-2023\/wp-json\/wp\/v2\/pages\/3396\/revisions\/4874"}],"up":[{"embeddable":true,"href":"https:\/\/reform.ee\/riigikogu-valimised-2023\/wp-json\/wp\/v2\/pages\/3371"}],"wp:attachment":[{"href":"https:\/\/reform.ee\/riigikogu-valimised-2023\/wp-json\/wp\/v2\/media?parent=3396"}],"curies":[{"name":"wp","href":"https:\/\/api.w.org\/{rel}","templated":true}]}}