{"id":3371,"date":"2023-01-10T20:35:43","date_gmt":"2023-01-10T18:35:43","guid":{"rendered":"https:\/\/reform.ee\/riigikogu-valimised-2023\/?page_id=3371"},"modified":"2023-01-19T07:02:01","modified_gmt":"2023-01-19T05:02:01","slug":"pohilubadused","status":"publish","type":"page","link":"https:\/\/reform.ee\/riigikogu-valimised-2023\/pohilubadused\/","title":{"rendered":"P\u00f5hilubadused"},"content":{"rendered":"\n<p>Reformierakond on peaminister Kaja Kallase juhtimisel t\u00f5estanud, et Eesti on kindlates k\u00e4tes. <a href=\"https:\/\/reform.ee\/riigikogu-valimised-2023\/kampaania\/\">Kindlates k\u00e4tes Eesti<\/a> t\u00e4hendab kindlates k\u00e4tes julgeolekut ja liitlassuhteid, toimetulekut, majandust ja ettev\u00f5tlust, v\u00e4lispoliitikat, tervishoidu ja kindlates k\u00e4tes kvaliteetset eestikeelset haridust. Kindlak\u00e4eliselt juhitud riiki.<\/p>\n\n\n<section class=\"text-image left square \">\r\n  <div class=\"text-image__image\">\r\n    <img decoding=\"async\" src=\"https:\/\/reform.ee\/riigikogu-valimised-2023\/wp-content\/uploads\/2022\/12\/Kindlates-Kates_Julgeolek.png\" alt=\"Kindlates K\u00e4tes Julgeolek\" \/>\r\n  <\/div>\r\n  <div class=\"text-image__content\">\r\n    <h2 class=\"text-image__content-title\">Kindlates k\u00e4tes julgeolek!<\/h2>\r\n    <div class=\"text-image__content-text\"><ul>\n<li>T\u00f5stame ja hoiame <a href=\"https:\/\/reform.ee\/riigikogu-valimised-2023\/valimisprogramm\/julgeolek-ja-riigikaitse\/#riigikaitse\">riigikaitsekulud<\/a> \u00fcle 3% SKPst.<\/li>\n<li><a href=\"https:\/\/reform.ee\/riigikogu-valimised-2023\/valimisprogramm\/julgeolek-ja-riigikaitse\/#kaitsev\u00e4gi\">Keskmaa \u00f5hut\u00f5rje<\/a> Eestisse 2025.aastaks!<\/li>\n<li>T\u00f5stame oluliselt <a href=\"https:\/\/reform.ee\/riigikogu-valimised-2023\/valimisprogramm\/julgeolek-ja-riigikaitse\/#kaitseliit\">Kaitseliidu v\u00f5imekust<\/a>, suurendades maakaitse isikkoosseisu kahekordseks ehk 20 000 inimeseni.<\/li>\n<li>Loome <a href=\"https:\/\/reform.ee\/riigikogu-valimised-2023\/valimisprogramm\/julgeolek-ja-riigikaitse\/#kaitsev\u00e4gi\">Eesti kaitsmiseks diviisisuuruse \u00fcksuse<\/a>, kuhu kuulub liitlaste brigaad.<\/li>\n<li>Muudame <a href=\"https:\/\/reform.ee\/riigikogu-valimised-2023\/valimisprogramm\/julgeolek-ja-riigikaitse\/#riigikaitseopetus\">riigikaitse\u00f5ppe<\/a> osaks g\u00fcmnaasiumi \u00f5ppekavast.<\/li>\n<li>Peatame Venemaa kodanike valimis\u00f5iguse KOVi valimistel.<\/li>\n<\/ul>\n<p>Tutvu valimisprogrammiga: <a href=\"https:\/\/reform.ee\/riigikogu-valimised-2023\/valimisprogramm\/julgeolek-ja-riigikaitse\/\">Kindlates k\u00e4tes julgeolek ja riigikaitse<\/a><\/p>\n<\/div>\r\n      <\/div>\r\n<\/section>\r\n\n\n<section class=\"text-image right square \">\r\n  <div class=\"text-image__image\">\r\n    <img decoding=\"async\" src=\"https:\/\/reform.ee\/riigikogu-valimised-2023\/wp-content\/uploads\/2022\/12\/Kindlates-Kates_Majandus.png\" alt=\"Kindlates K\u00e4tes Majandus\" \/>\r\n  <\/div>\r\n  <div class=\"text-image__content\">\r\n    <h2 class=\"text-image__content-title\">Kindlates k\u00e4tes majandus!<\/h2>\r\n    <div class=\"text-image__content-text\"><ul>\n<li>Kehtestame <a href=\"https:\/\/reform.ee\/riigikogu-valimised-2023\/valimisprogramm\/majandus-ja-rahandus\/#uhetaolisedmaksud\">lihtsa ja \u00fchetaolise maksus\u00fcsteemi<\/a>, 700 eurot tulumaksuvabaks k\u00f5igile.<\/li>\n<li>Loome majandus- ja maksukeskkonna, mis toob Eestisse uusi <a href=\"https:\/\/reform.ee\/riigikogu-valimised-2023\/valimisprogramm\/majandus-ja-rahandus\/#avatudmajandus\">investeeringuid ja k\u00f5rgepalgalised t\u00f6\u00f6kohad<\/a>.<\/li>\n<li>Rajame <a href=\"https:\/\/reform.ee\/riigikogu-valimised-2023\/valimisprogramm\/majandus-ja-rahandus\/#uhendused\">s\u00e4\u00e4stlikke ja turvalisi \u00fchendusi<\/a> \u2013 toome Eestisse uued rongid ja ehitame l\u00f5puni Rail Balticu.<\/li>\n<li>Hoiame <a href=\"https:\/\/reform.ee\/riigikogu-valimised-2023\/valimisprogramm\/majandus-ja-rahandus\/#korrasrahandus\">riigi rahanduse korras<\/a>, p\u00fcsikuludeks laenu ei v\u00f5ta!<\/li>\n<li>Planeerime taastuvenergia v\u00f5imsusi s\u00f5jaaja kiirusega, muutes Eesti <a href=\"https:\/\/reform.ee\/riigikogu-valimised-2023\/valimisprogramm\/majandus-ja-rahandus\/\/#energia\">energias\u00f5ltumatuks<\/a>.<\/li>\n<\/ul>\n<p>Tutvu valimisprogrammiga: <a href=\"https:\/\/reform.ee\/riigikogu-valimised-2023\/valimisprogramm\/majandus-ja-rahandus\/\">Kindlates k\u00e4tes majandus ja rahandus.<\/a><\/p>\n<\/div>\r\n      <\/div>\r\n<\/section>\r\n\n\n<section class=\"text-image left square \">\r\n  <div class=\"text-image__image\">\r\n    <img decoding=\"async\" src=\"https:\/\/reform.ee\/riigikogu-valimised-2023\/wp-content\/uploads\/2022\/12\/Kindlates-Kates_Haridus.png\" alt=\"Kindlates K\u00e4tes Haridus\" \/>\r\n  <\/div>\r\n  <div class=\"text-image__content\">\r\n    <h2 class=\"text-image__content-title\">Kindlates k\u00e4tes haridus!<\/h2>\r\n    <div class=\"text-image__content-text\"><ul>\n<li>\u00dcleminek <a href=\"https:\/\/reform.ee\/riigikogu-valimised-2023\/valimisprogramm\/haridus-ja-noored\/#eestikeelneharidus\">\u00fchtsele eestikeelsele haridusele<\/a> algab 2024. aastast.<\/li>\n<li><a href=\"https:\/\/reform.ee\/riigikogu-valimised-2023\/valimisprogramm\/haridus-ja-noored\/#opetajatepalk\">T\u00f5stame \u00f5petaja palga 120% keskmisest palgast<\/a>.<\/li>\n<li>Kasvatame <a href=\"https:\/\/reform.ee\/riigikogu-valimised-2023\/valimisprogramm\/haridus-ja-noored\/#korgharidus\">k\u00f5rghariduse<\/a> rahastamist 15% igal aastal.<\/li>\n<li>Suurendame <a href=\"https:\/\/reform.ee\/riigikogu-valimised-2023\/valimisprogramm\/haridus-ja-noored\/#teadus\">teadus- ja arendustegevuse<\/a> rahastust 1,5% SKPst.<\/li>\n<li>Muudame <a href=\"https:\/\/reform.ee\/riigikogu-valimised-2023\/valimisprogramm\/haridus-ja-noored\/#vaimnetervis\">vaimse tervise<\/a> abi k\u00e4ttesaadavamaks.<\/li>\n<li><a href=\"https:\/\/reform.ee\/riigikogu-valimised-2023\/valimisprogramm\/regionaalpoliitika\/#lasteaiakohatasu\">Kaotame lasteaia kohatasu<\/a>.<\/li>\n<\/ul>\n<p>Tutvu valimisprogrammiga:\u00a0<a href=\"https:\/\/reform.ee\/riigikogu-valimised-2023\/valimisprogramm\/haridus-ja-noored\/\">Kindlates k\u00e4tes haridus ja noored.<\/a><\/p>\n<\/div>\r\n      <\/div>\r\n<\/section>\r\n\n\n<section class=\"text-image right square \">\r\n  <div class=\"text-image__image\">\r\n    <img decoding=\"async\" src=\"https:\/\/reform.ee\/riigikogu-valimised-2023\/wp-content\/uploads\/2022\/12\/Kindlates-Kates_Eakad.png\" alt=\"Kindlates K\u00e4tes Eakad\" \/>\r\n  <\/div>\r\n  <div class=\"text-image__content\">\r\n    <h2 class=\"text-image__content-title\">Kindlates k\u00e4tes vanadusp\u00f5lv!<\/h2>\r\n    <div class=\"text-image__content-text\"><ul>\n<li><a href=\"https:\/\/reform.ee\/riigikogu-valimised-2023\/valimisprogramm\/sotsiaalpoliitika-ja-tervishoid\/#pension\">Keskmine vanaduspension 1000 eurot<\/a>!<\/li>\n<li><a href=\"https:\/\/reform.ee\/riigikogu-valimised-2023\/valimisprogramm\/sotsiaalpoliitika-ja-tervishoid\/#pension\">T\u00f5stame pensioni nelja aastaga 400 eurot<\/a>.<\/li>\n<li>Hoiame keskmise pensioni <a href=\"https:\/\/reform.ee\/riigikogu-valimised-2023\/valimisprogramm\/sotsiaalpoliitika-ja-tervishoid\/#pension\">tulumaksuvaba<\/a>.<\/li>\n<li>Rakendame hooldereformi ja <a href=\"https:\/\/reform.ee\/riigikogu-valimised-2023\/valimisprogramm\/sotsiaalpoliitika-ja-tervishoid\/#hooldereform\">toetame koduteenuse suurendamist<\/a>.<\/li>\n<li><a href=\"https:\/\/reform.ee\/riigikogu-valimised-2023\/valimisprogramm\/sotsiaalpoliitika-ja-tervishoid\/#hooldereform\">Hooldekodukoht<\/a> pensioni eest!<\/li>\n<\/ul>\n<p>Tutvu valimisprogrammiga: <a href=\"https:\/\/reform.ee\/riigikogu-valimised-2023\/valimisprogramm\/sotsiaalpoliitika-ja-tervishoid\/\">Kindlates k\u00e4tes\u00a0sotsiaalpoliitika ja tervishoid.<\/a><\/p>\n<\/div>\r\n      <\/div>\r\n<\/section>\r\n","protected":false},"excerpt":{"rendered":"<p>Reformierakond on peaminister Kaja Kallase juhtimisel t\u00f5estanud, et Eesti on kindlates k\u00e4tes. Kindlates k\u00e4tes Eesti t\u00e4hendab kindlates k\u00e4tes julgeolekut ja liitlassuhteid, toimetulekut, majandust ja ettev\u00f5tlust, v\u00e4lispoliitikat, tervishoidu ja kindlates k\u00e4tes kvaliteetset eestikeelset haridust. Kindlak\u00e4eliselt juhitud riiki.<\/p>\n","protected":false},"author":5,"featured_media":0,"parent":0,"menu_order":0,"comment_status":"closed","ping_status":"closed","template":"","meta":{"_acf_changed":false,"footnotes":""},"class_list":["post-3371","page","type-page","status-publish","hentry"],"acf":[],"yoast_head":"<!-- This site is optimized with the Yoast SEO plugin v27.3 - https:\/\/yoast.com\/product\/yoast-seo-wordpress\/ -->\n<title>P\u00f5hilubadused | Reformierakond | Riigikogu valimised 2023<\/title>\n<meta name=\"description\" content=\"Valides Riigikogu valimistel Reformierakonda on Eesti kindlates k\u00e4tes. Kindlates k\u00e4tes Eesti t\u00e4hendab kindlates k\u00e4tes julgeolekut ja liitlassuhteid, toimetulekut, majandust ja ettev\u00f5tlust, v\u00e4lispoliitikat, tervishoidu ja kvaliteetset eestikeelset haridust.\" \/>\n<meta name=\"robots\" content=\"index, follow, max-snippet:-1, max-image-preview:large, max-video-preview:-1\" \/>\n<link rel=\"canonical\" href=\"https:\/\/reform.ee\/riigikogu-valimised-2023\/pohilubadused\/\" \/>\n<meta property=\"og:locale\" content=\"en_US\" \/>\n<meta property=\"og:type\" content=\"article\" \/>\n<meta property=\"og:title\" content=\"P\u00f5hilubadused | Reformierakond | Riigikogu valimised 2023\" \/>\n<meta property=\"og:description\" content=\"Valides Riigikogu valimistel Reformierakonda on Eesti kindlates k\u00e4tes. Kindlates k\u00e4tes Eesti t\u00e4hendab kindlates k\u00e4tes julgeolekut ja liitlassuhteid, toimetulekut, majandust ja ettev\u00f5tlust, v\u00e4lispoliitikat, tervishoidu ja kvaliteetset eestikeelset haridust.\" \/>\n<meta property=\"og:url\" content=\"https:\/\/reform.ee\/riigikogu-valimised-2023\/pohilubadused\/\" \/>\n<meta property=\"og:site_name\" content=\"Riigikogu valimised 2023\" \/>\n<meta property=\"article:publisher\" content=\"https:\/\/www.facebook.com\/reformierakond\" \/>\n<meta property=\"article:modified_time\" content=\"2023-01-19T05:02:01+00:00\" \/>\n<meta name=\"twitter:card\" content=\"summary_large_image\" \/>\n<meta name=\"twitter:site\" content=\"@reformikad\" \/>\n<meta name=\"twitter:label1\" content=\"Est. reading time\" \/>\n\t<meta name=\"twitter:data1\" content=\"1 minute\" \/>\n<script type=\"application\/ld+json\" class=\"yoast-schema-graph\">{\"@context\":\"https:\\\/\\\/schema.org\",\"@graph\":[{\"@type\":\"WebPage\",\"@id\":\"https:\\\/\\\/reform.ee\\\/riigikogu-valimised-2023\\\/pohilubadused\\\/\",\"url\":\"https:\\\/\\\/reform.ee\\\/riigikogu-valimised-2023\\\/pohilubadused\\\/\",\"name\":\"P\u00f5hilubadused | Reformierakond | Riigikogu valimised 2023\",\"isPartOf\":{\"@id\":\"https:\\\/\\\/reform.ee\\\/riigikogu-valimised-2023\\\/#website\"},\"datePublished\":\"2023-01-10T18:35:43+00:00\",\"dateModified\":\"2023-01-19T05:02:01+00:00\",\"description\":\"Valides Riigikogu valimistel Reformierakonda on Eesti kindlates k\u00e4tes. Kindlates k\u00e4tes Eesti t\u00e4hendab kindlates k\u00e4tes julgeolekut ja liitlassuhteid, toimetulekut, majandust ja ettev\u00f5tlust, v\u00e4lispoliitikat, tervishoidu ja kvaliteetset eestikeelset haridust.\",\"breadcrumb\":{\"@id\":\"https:\\\/\\\/reform.ee\\\/riigikogu-valimised-2023\\\/pohilubadused\\\/#breadcrumb\"},\"inLanguage\":\"en\",\"potentialAction\":[{\"@type\":\"ReadAction\",\"target\":[\"https:\\\/\\\/reform.ee\\\/riigikogu-valimised-2023\\\/pohilubadused\\\/\"]}]},{\"@type\":\"BreadcrumbList\",\"@id\":\"https:\\\/\\\/reform.ee\\\/riigikogu-valimised-2023\\\/pohilubadused\\\/#breadcrumb\",\"itemListElement\":[{\"@type\":\"ListItem\",\"position\":1,\"name\":\"Home\",\"item\":\"https:\\\/\\\/reform.ee\\\/riigikogu-valimised-2023\\\/\"},{\"@type\":\"ListItem\",\"position\":2,\"name\":\"P\u00f5hilubadused\"}]},{\"@type\":\"WebSite\",\"@id\":\"https:\\\/\\\/reform.ee\\\/riigikogu-valimised-2023\\\/#website\",\"url\":\"https:\\\/\\\/reform.ee\\\/riigikogu-valimised-2023\\\/\",\"name\":\"Riigikogu valimised 2023\",\"description\":\"Reformierakond\",\"potentialAction\":[{\"@type\":\"SearchAction\",\"target\":{\"@type\":\"EntryPoint\",\"urlTemplate\":\"https:\\\/\\\/reform.ee\\\/riigikogu-valimised-2023\\\/?s={search_term_string}\"},\"query-input\":{\"@type\":\"PropertyValueSpecification\",\"valueRequired\":true,\"valueName\":\"search_term_string\"}}],\"inLanguage\":\"en\"}]}<\/script>\n<!-- \/ Yoast SEO plugin. -->","yoast_head_json":{"title":"P\u00f5hilubadused | Reformierakond | Riigikogu valimised 2023","description":"Valides Riigikogu valimistel Reformierakonda on Eesti kindlates k\u00e4tes. Kindlates k\u00e4tes Eesti t\u00e4hendab kindlates k\u00e4tes julgeolekut ja liitlassuhteid, toimetulekut, majandust ja ettev\u00f5tlust, v\u00e4lispoliitikat, tervishoidu ja kvaliteetset eestikeelset haridust.","robots":{"index":"index","follow":"follow","max-snippet":"max-snippet:-1","max-image-preview":"max-image-preview:large","max-video-preview":"max-video-preview:-1"},"canonical":"https:\/\/reform.ee\/riigikogu-valimised-2023\/pohilubadused\/","og_locale":"en_US","og_type":"article","og_title":"P\u00f5hilubadused | Reformierakond | Riigikogu valimised 2023","og_description":"Valides Riigikogu valimistel Reformierakonda on Eesti kindlates k\u00e4tes. Kindlates k\u00e4tes Eesti t\u00e4hendab kindlates k\u00e4tes julgeolekut ja liitlassuhteid, toimetulekut, majandust ja ettev\u00f5tlust, v\u00e4lispoliitikat, tervishoidu ja kvaliteetset eestikeelset haridust.","og_url":"https:\/\/reform.ee\/riigikogu-valimised-2023\/pohilubadused\/","og_site_name":"Riigikogu valimised 2023","article_publisher":"https:\/\/www.facebook.com\/reformierakond","article_modified_time":"2023-01-19T05:02:01+00:00","twitter_card":"summary_large_image","twitter_site":"@reformikad","twitter_misc":{"Est. reading time":"1 minute"},"schema":{"@context":"https:\/\/schema.org","@graph":[{"@type":"WebPage","@id":"https:\/\/reform.ee\/riigikogu-valimised-2023\/pohilubadused\/","url":"https:\/\/reform.ee\/riigikogu-valimised-2023\/pohilubadused\/","name":"P\u00f5hilubadused | Reformierakond | Riigikogu valimised 2023","isPartOf":{"@id":"https:\/\/reform.ee\/riigikogu-valimised-2023\/#website"},"datePublished":"2023-01-10T18:35:43+00:00","dateModified":"2023-01-19T05:02:01+00:00","description":"Valides Riigikogu valimistel Reformierakonda on Eesti kindlates k\u00e4tes. Kindlates k\u00e4tes Eesti t\u00e4hendab kindlates k\u00e4tes julgeolekut ja liitlassuhteid, toimetulekut, majandust ja ettev\u00f5tlust, v\u00e4lispoliitikat, tervishoidu ja kvaliteetset eestikeelset haridust.","breadcrumb":{"@id":"https:\/\/reform.ee\/riigikogu-valimised-2023\/pohilubadused\/#breadcrumb"},"inLanguage":"en","potentialAction":[{"@type":"ReadAction","target":["https:\/\/reform.ee\/riigikogu-valimised-2023\/pohilubadused\/"]}]},{"@type":"BreadcrumbList","@id":"https:\/\/reform.ee\/riigikogu-valimised-2023\/pohilubadused\/#breadcrumb","itemListElement":[{"@type":"ListItem","position":1,"name":"Home","item":"https:\/\/reform.ee\/riigikogu-valimised-2023\/"},{"@type":"ListItem","position":2,"name":"P\u00f5hilubadused"}]},{"@type":"WebSite","@id":"https:\/\/reform.ee\/riigikogu-valimised-2023\/#website","url":"https:\/\/reform.ee\/riigikogu-valimised-2023\/","name":"Riigikogu valimised 2023","description":"Reformierakond","potentialAction":[{"@type":"SearchAction","target":{"@type":"EntryPoint","urlTemplate":"https:\/\/reform.ee\/riigikogu-valimised-2023\/?s={search_term_string}"},"query-input":{"@type":"PropertyValueSpecification","valueRequired":true,"valueName":"search_term_string"}}],"inLanguage":"en"}]}},"_links":{"self":[{"href":"https:\/\/reform.ee\/riigikogu-valimised-2023\/wp-json\/wp\/v2\/pages\/3371","targetHints":{"allow":["GET"]}}],"collection":[{"href":"https:\/\/reform.ee\/riigikogu-valimised-2023\/wp-json\/wp\/v2\/pages"}],"about":[{"href":"https:\/\/reform.ee\/riigikogu-valimised-2023\/wp-json\/wp\/v2\/types\/page"}],"author":[{"embeddable":true,"href":"https:\/\/reform.ee\/riigikogu-valimised-2023\/wp-json\/wp\/v2\/users\/5"}],"replies":[{"embeddable":true,"href":"https:\/\/reform.ee\/riigikogu-valimised-2023\/wp-json\/wp\/v2\/comments?post=3371"}],"version-history":[{"count":57,"href":"https:\/\/reform.ee\/riigikogu-valimised-2023\/wp-json\/wp\/v2\/pages\/3371\/revisions"}],"predecessor-version":[{"id":3894,"href":"https:\/\/reform.ee\/riigikogu-valimised-2023\/wp-json\/wp\/v2\/pages\/3371\/revisions\/3894"}],"wp:attachment":[{"href":"https:\/\/reform.ee\/riigikogu-valimised-2023\/wp-json\/wp\/v2\/media?parent=3371"}],"curies":[{"name":"wp","href":"https:\/\/api.w.org\/{rel}","templated":true}]}}