{"id":3346,"date":"2023-01-10T19:01:24","date_gmt":"2023-01-10T17:01:24","guid":{"rendered":"https:\/\/reform.ee\/riigikogu-valimised-2023\/?page_id=3346"},"modified":"2023-01-17T21:49:37","modified_gmt":"2023-01-17T19:49:37","slug":"kultuur-ja-sport","status":"publish","type":"page","link":"https:\/\/reform.ee\/riigikogu-valimised-2023\/valimisprogramm\/kultuur-ja-sport\/","title":{"rendered":"Kultuur ja sport"},"content":{"rendered":"\n<p>Reformierakonna eesm\u00e4rk on selline \u00fchiskonnakorraldus, kus eesti keele ja kultuuri s\u00e4ilimine ja areng oleks tagatud l\u00e4bi aegade. Leiame, et selle tagatiseks on demokraatlik rahvusriik kui \u00fchiskondliku organisatsiooni k\u00f5rgeim vorm.&nbsp;<\/p>\n\n\n\n<p>Eesti keel on kultuuri olulisim osa. Eesti keeles peab olema v\u00f5imalik saada ja edastada teavet k\u00f5igil tehnoloogilistel platvormidel.&nbsp;<\/p>\n\n\n\n<figure class=\"wp-block-image size-full\"><img loading=\"lazy\" decoding=\"async\" width=\"1024\" height=\"461\" src=\"https:\/\/reform.ee\/riigikogu-valimised-2023\/wp-content\/uploads\/2023\/01\/Reformierakond-Kindlates-kates-kultuur-ja-sport.png\" alt=\"Reformierakond Kindlates ka\u0308tes kultuur ja sport\" class=\"wp-image-3637\" srcset=\"https:\/\/reform.ee\/riigikogu-valimised-2023\/wp-content\/uploads\/2023\/01\/Reformierakond-Kindlates-kates-kultuur-ja-sport.png 1024w, https:\/\/reform.ee\/riigikogu-valimised-2023\/wp-content\/uploads\/2023\/01\/Reformierakond-Kindlates-kates-kultuur-ja-sport-300x135.png 300w, https:\/\/reform.ee\/riigikogu-valimised-2023\/wp-content\/uploads\/2023\/01\/Reformierakond-Kindlates-kates-kultuur-ja-sport-768x346.png 768w, https:\/\/reform.ee\/riigikogu-valimised-2023\/wp-content\/uploads\/2023\/01\/Reformierakond-Kindlates-kates-kultuur-ja-sport-512x231.png 512w\" sizes=\"auto, (max-width: 1024px) 100vw, 1024px\" \/><\/figure>\n\n\n\n<p><\/p>\n\n\n\n<h2 class=\"wp-block-heading\">Loomevabadus<\/h2>\n\n\n\n<h4 class=\"wp-block-heading\"><strong>Kunstilisele v\u00e4ljendusvabadusele ei sea riik piire ega raame.<\/strong><\/h4>\n\n\n\n<p>Loomevabadust ei suunata ega raamistata riikliku poliitikaga ega selle rakendamisega. Eestis ei ole kohta riigikunstil.<\/p>\n\n\n\n<h4 class=\"wp-block-heading\"><strong>Riik toetab kultuuriloomet.<\/strong><\/h4>\n\n\n\n<p>Loomevabadus t\u00e4hendab ka v\u00f5imalust kultuuriloomega tegeleda. Vajaduse riikliku toetuse j\u00e4rele tingib eelk\u00f5ige keeleareaali v\u00e4iksus. Kultuuriloomingu toetamine peab toimuma l\u00e4bipaistval ja s\u00fcsteemsel viisil, mille keskmes on Eesti Kultuurkapital, mis tegutseb seaduse alusel iseseisvalt.<\/p>\n\n\n\n<h4 class=\"wp-block-heading\"><strong>Teosed on intellektuaalne omand ja neid tuleb kohelda kui iga teist omandit.<\/strong><\/h4>\n\n\n\n<p>Autoritel on \u00f5igus oma teostele ja nad peavad saama \u00f5iglast tasu oma teoste kasutamise eest, seda ka digiteeritud teoste puhul. Autoritasud peavad olema \u00f5iglased ja piisavad ka juhul, kui riik peab vajalikuks teoste avalikku tasuta k\u00e4ttesaadavust (n\u00e4iteks raamatukogude kaudu).&nbsp;<\/p>\n\n\n\n<h4 class=\"wp-block-heading\"><strong>Kultuuri s\u00e4ilimiseks ja arendamiseks on vajalik optimaalne hulk institutsioone.<\/strong><\/h4>\n\n\n\n<p>Kultuuriinstitutsioonid peavad oma tegevuses olema vabad. Valdavalt peavad nad tegutsema era\u00f5iguslike isikutena, mida riik vajadusel toetab.<\/p>\n\n\n\n<h2 class=\"wp-block-heading\">Kultuurip\u00e4randi hoidmine&nbsp;<\/h2>\n\n\n\n<h4 class=\"wp-block-heading\"><strong>Muinsuskaitse peab muutuma rahvuslikuks v\u00e4\u00e4rtushinnanguks ja liikumiseks, mitte olema \u00fcksnes riigi institutsioon.<\/strong><\/h4>\n\n\n\n<p>Riigi Muinsuskaitseamet peab olema inimtegevust n\u00f5ustav ja abistav ametkond, millel on ka piisav ja efektiivne riikliku j\u00e4relevalve funktsioon. Kodaniku\u00fchendused peavad kultuurip\u00e4randi hoidmisel kandma senisest suuremat rolli ja v\u00f5tma suuremat vastutust. Seda on v\u00f5imalik saavutada riigi poolt s\u00f5lmitavate halduslepingutega.<\/p>\n\n\n\n<h4 class=\"wp-block-heading\"><strong>Kultuuriv\u00e4\u00e4rtused peavad olema inimeste kasutuses.<\/strong><\/h4>\n\n\n\n<p>Ehitiste ja rajatiste kaitse ei saa seisneda nende sihip\u00e4rase kasutamise t\u00f5kestamises. M\u00e4lestisi saab tulevastele p\u00f5lvedele s\u00e4ilitada k\u00f5ige paremini siis, kui nad on inimeste kasutuses, mis eeldab ka m\u00f5istliku tasakaalu leidmist nende s\u00e4ilitamise ja kaasaja vajadustele kohandamise vahel.&nbsp;<\/p>\n\n\n\n<h4 class=\"wp-block-heading\"><strong>Muuseumid peavad olema nii teadusasutused, kultuurip\u00e4randi s\u00e4ilitajad, haridusasutused kui ka elamuskeskused.<\/strong><\/h4>\n\n\n\n<p>Eesti muuseumid on teinud viimase k\u00fcmne aasta jooksul arenguh\u00fcppe. Muuseumide arendamisel peab riik l\u00e4htuma m\u00f5istlikust kogumispoliitikast. Riik peab toetama eramuuseume m\u00f5testatud ja l\u00e4bipaistval moel.<\/p>\n\n\n\n<h4 class=\"wp-block-heading\"><strong>Riik toetab rahvusv\u00e4hemuste kultuuriseltse ja piirkondlikke kultuuriruume.<\/strong><\/h4>\n\n\n\n<p>Eesti piirkondlikud kultuuriruumid ja keelemurded on lahutamatu eesti kultuuri osa ning vajadusel tuleb neid l\u00e4bipaistval moel toetada. Samuti v\u00e4\u00e4rivad toetust rahvusv\u00e4hemuste kultuuri ja keelt s\u00e4ilitada ja arendada p\u00fc\u00fcdvad kodanike\u00fchendused.&nbsp;<\/p>\n\n\n\n<h2 class=\"wp-block-heading\">K\u00e4ttesaadav ja ligip\u00e4\u00e4setav kultuur<\/h2>\n\n\n\n<h4 class=\"wp-block-heading\"><strong>Arendame loomemajandust.<\/strong><\/h4>\n\n\n\n<p>Pelgalt majanduslike v\u00f5imaluste puudumine ei saa olla enesev\u00e4ljenduse ainsaks takistuseks. Loomemajandus peab aitama luua uusi teoseid ja v\u00f5imaldama loojatel kunstilise enesev\u00e4ljenduse abil toime tulla.<\/p>\n\n\n\n<h4 class=\"wp-block-heading\"><strong>Teosed peavad olema k\u00e4ttesaadavad ja ligip\u00e4\u00e4setavad.<\/strong><\/h4>\n\n\n\n<p>K\u00e4ttesaadavus ei pea t\u00e4hendama tasuta kasutusv\u00f5imalusi. Turut\u00f5rgete korral on teoste k\u00e4ttesaadavuse toetamine nii organisatsiooniliste kui ka rahalise toetusega igati \u00f5igustatud. Autorite \u00f5igused peavad sealjuures olema kaitstud. Tasuta kultuuri- ja spordi\u00fcrituste puhul peavad riik ja omavalitsused alati kaaluma ettev\u00f5tjate \u00f5igustatud huve turgu sekkumisel. Juurdep\u00e4\u00e4s peab olema tagatud ka erivajadustega inimestele.<\/p>\n\n\n\n<h4 class=\"wp-block-heading\"><strong>Teoste digiteerimine on h\u00e4davajalik ja seda tuleb arendada.<\/strong><\/h4>\n\n\n\n<p>Nii s\u00e4ilimise kui ka k\u00e4ttesaadavuse seisukohast on teoste ja muude kultuuriv\u00e4\u00e4rtuste digiteerimine h\u00e4davajalik. Samas tuleb hinnata selle t\u00f6\u00f6ga kaasnevaid kulusid ja nende suhet taotletava eesm\u00e4rgiga.&nbsp;<\/p>\n\n\n\n<h4 class=\"wp-block-heading\"><strong>Arendame Kultuuriranitsat.<\/strong><\/h4>\n\n\n\n<p>Kultuuriranits on toetusmeede p\u00f5hikooli \u00f5pilastele, et tagada igale lapsele kultuurielamus. Kultuuriranitsa programm v\u00f5imaldab lastel ja noortel k\u00fclastada \u00f5ppeprogrammi osana teatrietendusi, kinoseansse, muuseume v\u00f5i muud kultuurivaldkonnas pakutavat.<\/p>\n\n\n\n<h2 class=\"wp-block-heading\"><strong>Digitaalne kultuur<\/strong><\/h2>\n\n\n\n<h4 class=\"wp-block-heading\"><strong>Riigi digitaalse taristu areng peab toetama kultuuriloomet.<\/strong><\/h4>\n\n\n\n<p>\u00dchenduste ja intellektuaalse tehnoloogia (sealhulgas tehisintellekti) arendamisel peavad riik ja \u00fclikoolid arvestama kultuuriloome vajadustega.&nbsp;<\/p>\n\n\n\n<h4 class=\"wp-block-heading\"><strong>Globaalsetel platvormidel levitatav sisu peab olema maksimaalselt k\u00e4ttesaadav ka eesti keeles.<\/strong><\/h4>\n\n\n\n<p>\u00dclemaailmse leviga platvormid (n\u00e4iteks Apple, Netflix jt) on valdavalt ingliskeelsed, kuid v\u00f5imaldavad j\u00e4rjest enam ka sisu t\u00f5lkeid kasutaja keeleruumi vajadusi silmas pidades. Eesti peab tegema pingutusi platvormide v\u00e4\u00e4rtusliku sisu k\u00e4ttesaadaks tegemiseks ka eesti keeles.<\/p>\n\n\n\n<h4 class=\"wp-block-heading\"><strong>Eestis elamine ei tohi olla takistuseks ligip\u00e4\u00e4sule digitaalsele kultuurisisule.<\/strong><\/h4>\n\n\n\n<p>Riik peab senisest j\u00f5ulisemalt kaitsma oma kodanike \u00f5igust v\u00f5rdsele ligip\u00e4\u00e4sule teostele, mida piiri\u00fcleselt digitaalselt levitatakse. Juhtumid, kus teoste levitamise territoriaalsed \u00f5igused Eesti osas on Eesti loata v\u00f5\u00f5randatud kolmandate riikide asutustele v\u00f5i \u00e4ri\u00fchingutele, peavad olema v\u00e4lissuhtluse t\u00e4helepanu all ja vaidlustatud. Eesti ja Soome avalik-\u00f5iguslike ringh\u00e4\u00e4linguorganisatsioonide saated ja programmid peavad olema vabalt k\u00e4ttesaadavad nii Eesti kui ka Soome territooriumil.<\/p>\n\n\n\n<h4 class=\"wp-block-heading\"><strong>Paremini tuleb kasutada rahvusvahelisi rahastamisv\u00f5imalusi.<\/strong><\/h4>\n\n\n\n<p>Euroopa Liidul on mitmeid digitaalse kultuuri arendamiseks m\u00f5eldud rahastamisallikaid, mida Eestis kasutatakse tagasihoidlikult, kuna teave nende v\u00f5imaluste kohta puudub v\u00f5i ei levi. Kultuuriloome rahastusv\u00f5imalusi tuleb senisest oluliselt paremini tutvustada ja selleks saab luua eraldi digitaalse keskkonna.<\/p>\n\n\n\n<h4 class=\"wp-block-heading\"><strong>Toetame eestikeelsete ja Eesti kultuuri peegeldavate filmide tootmist ning muudame filmide tagasimaksefondi reeglid paindlikumaks.<\/strong><\/h4>\n\n\n\n<p>Kehtiv rahastuse mudel ei arvesta filmitootmise pikka protsessi, seet\u00f5ttu muudame tagasimaksefondi eelarve kasutamise paindlikumaks. Samuti soovime suurendada eestikeelsete filmide tootmise rahastamist, kaasates Euroopa N\u00f5ukogu pakutavat finantseerimist.<\/p>\n\n\n\n<h2 class=\"wp-block-heading\">Riiklikult t\u00e4htsad kultuuriehitised<\/h2>\n\n\n\n<h4 class=\"wp-block-heading\"><strong>Lahendame Rahvusooper Estonia teatri t\u00f6\u00f6tingimused.<\/strong><\/h4>\n\n\n\n<p>Tuleb j\u00f5uda kokkuleppele, kuidas lahendatakse rahvusooperi ja rahvusballeti kaasaegseks tegevuseks vajalike tingimuste k\u00fcsimus.<\/p>\n\n\n\n<h4 class=\"wp-block-heading\"><strong>Kultuurkapitali poolt riiklikult t\u00e4htsate kultuuriobjektide rahastamine peab olema paindlik ja m\u00f5istlik.<\/strong><\/h4>\n\n\n\n<p>Kultuurkapitali n\u00f5ukogu peab olema vaba iseseisvalt otsustama rahaeraldiste \u00fcle. Muutuvates tingimustes ei pea kultuurkapital j\u00e4igalt kinni pidama Riigikogus otsustatud objektide rajamise j\u00e4rjekorrast. Riigikogu peab enda poolt kehtestatud nimekirjas tegema korrektiive, kui muutunud keskkond seda tingib.<\/p>\n\n\n\n<h2 class=\"wp-block-heading\">Sport ja kehakultuur&nbsp;&nbsp;<\/h2>\n\n\n\n<h4 class=\"wp-block-heading\"><strong>Eestis peab iga\u00fchel olema v\u00f5imalus oma v\u00f5imete kohaselt tegeleda kehakultuuri ja spordiga.<\/strong><\/h4>\n\n\n\n<p>Riik peab tegelema v\u00f5imaluste pakkumisega aktiivse eluviisi harrastamiseks, et meie inimesed oleksid terved ja aktiivsed kogu oma elukaare v\u00e4ltel.<\/p>\n\n\n\n<p>Kool annab inimesele liikumisharjumuse ja vastavad oskused (n\u00e4iteks ujumine), kuid ei kehtesta mingeid riiklikke normatiive ega sea riiklikke eesm\u00e4rke saavutusspordile.<\/p>\n\n\n\n<h4 class=\"wp-block-heading\"><strong>Toetame laste liikumisharjumuse kujunemist koolis.<\/strong><\/h4>\n\n\n\n<p>Toetame Tartu \u00dclikooli Liikumislabori \u201eLiikuma Kutsuva Kooli programmi\u201c laienemist k\u00f5ikidesse koolidesse, et lapsed saaksid koolip\u00e4eva sees piisavalt liikuda, mis toetab nii laste vaimset tervist kui ka \u00f5ppimisv\u00f5imet. Lisaks v\u00f5tame kasutusele uue liikumis\u00f5petuse ainekava.<\/p>\n\n\n\n<h4 class=\"wp-block-heading\"><strong>Spordielu korraldavad inimeste endi poolt moodustatatud \u00fchingud ja organisatsioonid.&nbsp;<\/strong><\/h4>\n\n\n\n<p>Omavalitsused peaksid toetama spordi\u00fchinguid nende harrastustegevuses nii vajaliku infrastruktuuri rajamisega kui ka tegevustoetusega eelk\u00f5ige laste- ja noortespordi arendamiseks. Vajadusel saab riik omavalitsusi selles osas toetada.&nbsp;<\/p>\n\n\n\n<h4 class=\"wp-block-heading\"><strong>EOK riigieelarvelist rahastamist suurendatakse 2024. aastast v\u00e4hemalt 2 miljoni euro v\u00f5rra.<\/strong><\/h4>\n\n\n\n<p>Saavutus- ja v\u00f5istlussporti toetatakse Eesti Ol\u00fcmpiakomitee (EOK) rahastamisega riigieelarvest, neile eraldatud vahendite jaotamisel on EOK vaba. &nbsp;<br>Saavutussporti ei peaks rahastatama Kultuurkapitalist, vaid see peaks toimuma \u00fcksnes EOK vahendusel. EOK rahastamise suurendamisel vabanevaid Kultuurkapitali vahendeid saab kasutada spordis\u00fcndmuste rahastamiseks ja liikumisharrastuse ning muu spordielu edendamiseks.<\/p>\n\n\n\n<h4 class=\"wp-block-heading\"><strong>Kultuurkapitalis luuakse \u00fcleriigiliselt oluliste spordirajatise arendamise toetuss\u00fcsteem, mille vahendid saadakse alkoholi- ja tubakaaktsiisidest ning hasartm\u00e4ngumaksust laekuvatest summadest.<\/strong><\/h4>\n\n\n\n<p>Riiklikult oluliste kultuuriobjektide rahastamine selleks otstarbeks eraldi alkoholi- ja tubaaktsiisist ja hasartm\u00e4ngumaksust Kultuurkapitali vastavasse rahastusse laekuvate vahenditega on end \u00f5igustanud ja samalaadset s\u00fcsteemi saab kasutada ka \u00fcleriigilist t\u00e4htsust omavate spordirajatiste rajamiseks.<\/p>\n\n\n\n<h4 class=\"wp-block-heading\"><strong>Treenerite t\u00f6\u00f6 tasustamise p\u00f5him\u00f5tted peavad olema samasugused kultuurit\u00f6\u00f6tajate tasustamisega<\/strong>.<\/h4>\n\n\n\n<p>Treenerite palgatingimused peavad olema vastavuses kultuurit\u00f6\u00f6tajatega. Riik ja omavalitsused arvestavad sellega toetuste m\u00e4\u00e4ramisel.<\/p>\n\n\n\n<h4 class=\"wp-block-heading\"><strong>Spordis peab kehtima aus konkurents ja riik toetab selle tagamist.<\/strong><\/h4>\n\n\n\n<p>Leppimatus keelatud ainete kasutamisega sportlike saavutuste parandamiseks, kokkuleppem\u00e4ngudega ja muude ebaausate v\u00f5tetega on riikliku spordipoliitika prioriteet. Riik abistab rahaliselt spordi\u00fcldsust selleks vajalike j\u00e4relevalves\u00fcsteemide loomisel ja tegutsemisel.<\/p>\n\n\n\n<h4 class=\"wp-block-heading\"><strong>Toetame rahvusvahelisi suur\u00fcritusi.<\/strong><\/h4>\n\n\n\n<p>\u00dcksikute suur\u00fcrituste erakorralise rahastamise asemel vajab Eesti s\u00fcsteemsemat, l\u00e4bipaistvamat ja strateegilisemat l\u00e4henemist suurv\u00f5istluste rahastamiseks. Selleks t\u00f6\u00f6tame v\u00e4lja selged ja l\u00e4bipaistvad suur\u00fcrituste rahastamise reeglid, mille eelduseks on Eestile huvipakkuvate suurv\u00f5istluste kaardistamine ning selleks vajalike kriteeriumite (erasektori panus, ala populaarsus, eestlaste osalus jne) defineerimine.<\/p>\n","protected":false},"excerpt":{"rendered":"<p>Reformierakonna eesm\u00e4rk on selline \u00fchiskonnakorraldus, kus eesti keele ja kultuuri s\u00e4ilimine ja areng oleks tagatud l\u00e4bi aegade. Leiame, et selle tagatiseks on demokraatlik rahvusriik kui \u00fchiskondliku organisatsiooni k\u00f5rgeim vorm.&nbsp; Eesti keel on kultuuri olulisim osa. Eesti keeles peab olema v\u00f5imalik saada ja edastada teavet k\u00f5igil tehnoloogilistel platvormidel.&nbsp; Loomevabadus Kunstilisele v\u00e4ljendusvabadusele ei sea riik piire ega [&hellip;]<\/p>\n","protected":false},"author":5,"featured_media":0,"parent":20,"menu_order":6,"comment_status":"closed","ping_status":"closed","template":"","meta":{"_acf_changed":false,"footnotes":""},"class_list":["post-3346","page","type-page","status-publish","hentry"],"acf":[],"yoast_head":"<!-- This site is optimized with the Yoast SEO plugin v27.3 - https:\/\/yoast.com\/product\/yoast-seo-wordpress\/ -->\n<title>Kultuur ja sport | Reformierakond | Riigikogu valimised 2023<\/title>\n<meta name=\"description\" content=\"Valides Riigikogu valimistel Reformierakonda on Eesti kindlates k\u00e4tes. Kindlates k\u00e4tes Eesti t\u00e4hendab kindlates k\u00e4tes julgeolekut ja liitlassuhteid, toimetulekut, majandust ja ettev\u00f5tlust, v\u00e4lispoliitikat, tervishoidu ja kvaliteetset eestikeelset haridust.\" \/>\n<meta name=\"robots\" content=\"index, follow, max-snippet:-1, max-image-preview:large, max-video-preview:-1\" \/>\n<link rel=\"canonical\" href=\"https:\/\/reform.ee\/riigikogu-valimised-2023\/valimisprogramm\/kultuur-ja-sport\/\" \/>\n<meta property=\"og:locale\" content=\"en_US\" \/>\n<meta property=\"og:type\" content=\"article\" \/>\n<meta property=\"og:title\" content=\"Kultuur ja sport | Reformierakond | Riigikogu valimised 2023\" \/>\n<meta property=\"og:description\" content=\"Valides Riigikogu valimistel Reformierakonda on Eesti kindlates k\u00e4tes. Kindlates k\u00e4tes Eesti t\u00e4hendab kindlates k\u00e4tes julgeolekut ja liitlassuhteid, toimetulekut, majandust ja ettev\u00f5tlust, v\u00e4lispoliitikat, tervishoidu ja kvaliteetset eestikeelset haridust.\" \/>\n<meta property=\"og:url\" content=\"https:\/\/reform.ee\/riigikogu-valimised-2023\/valimisprogramm\/kultuur-ja-sport\/\" \/>\n<meta property=\"og:site_name\" content=\"Riigikogu valimised 2023\" \/>\n<meta property=\"article:publisher\" content=\"https:\/\/www.facebook.com\/reformierakond\" \/>\n<meta property=\"article:modified_time\" content=\"2023-01-17T19:49:37+00:00\" \/>\n<meta property=\"og:image\" content=\"https:\/\/reform.ee\/riigikogu-valimised-2023\/wp-content\/uploads\/2023\/01\/Reformierakond-kindlates-kates-kultuur-sport.jpg\" \/>\n\t<meta property=\"og:image:width\" content=\"1200\" \/>\n\t<meta property=\"og:image:height\" content=\"630\" \/>\n\t<meta property=\"og:image:type\" content=\"image\/jpeg\" \/>\n<meta name=\"twitter:card\" content=\"summary_large_image\" \/>\n<meta name=\"twitter:image\" content=\"https:\/\/reform.ee\/riigikogu-valimised-2023\/wp-content\/uploads\/2023\/01\/Reformierakond-kindlates-kates-kultuur-sport.jpg\" \/>\n<meta name=\"twitter:site\" content=\"@reformikad\" \/>\n<meta name=\"twitter:label1\" content=\"Est. reading time\" \/>\n\t<meta name=\"twitter:data1\" content=\"6 minutes\" \/>\n<script type=\"application\/ld+json\" class=\"yoast-schema-graph\">{\"@context\":\"https:\\\/\\\/schema.org\",\"@graph\":[{\"@type\":\"WebPage\",\"@id\":\"https:\\\/\\\/reform.ee\\\/riigikogu-valimised-2023\\\/valimisprogramm\\\/kultuur-ja-sport\\\/\",\"url\":\"https:\\\/\\\/reform.ee\\\/riigikogu-valimised-2023\\\/valimisprogramm\\\/kultuur-ja-sport\\\/\",\"name\":\"Kultuur ja sport | Reformierakond | Riigikogu valimised 2023\",\"isPartOf\":{\"@id\":\"https:\\\/\\\/reform.ee\\\/riigikogu-valimised-2023\\\/#website\"},\"primaryImageOfPage\":{\"@id\":\"https:\\\/\\\/reform.ee\\\/riigikogu-valimised-2023\\\/valimisprogramm\\\/kultuur-ja-sport\\\/#primaryimage\"},\"image\":{\"@id\":\"https:\\\/\\\/reform.ee\\\/riigikogu-valimised-2023\\\/valimisprogramm\\\/kultuur-ja-sport\\\/#primaryimage\"},\"thumbnailUrl\":\"https:\\\/\\\/reform.ee\\\/riigikogu-valimised-2023\\\/wp-content\\\/uploads\\\/2023\\\/01\\\/Reformierakond-Kindlates-kates-kultuur-ja-sport.png\",\"datePublished\":\"2023-01-10T17:01:24+00:00\",\"dateModified\":\"2023-01-17T19:49:37+00:00\",\"description\":\"Valides Riigikogu valimistel Reformierakonda on Eesti kindlates k\u00e4tes. Kindlates k\u00e4tes Eesti t\u00e4hendab kindlates k\u00e4tes julgeolekut ja liitlassuhteid, toimetulekut, majandust ja ettev\u00f5tlust, v\u00e4lispoliitikat, tervishoidu ja kvaliteetset eestikeelset haridust.\",\"breadcrumb\":{\"@id\":\"https:\\\/\\\/reform.ee\\\/riigikogu-valimised-2023\\\/valimisprogramm\\\/kultuur-ja-sport\\\/#breadcrumb\"},\"inLanguage\":\"en\",\"potentialAction\":[{\"@type\":\"ReadAction\",\"target\":[\"https:\\\/\\\/reform.ee\\\/riigikogu-valimised-2023\\\/valimisprogramm\\\/kultuur-ja-sport\\\/\"]}]},{\"@type\":\"ImageObject\",\"inLanguage\":\"en\",\"@id\":\"https:\\\/\\\/reform.ee\\\/riigikogu-valimised-2023\\\/valimisprogramm\\\/kultuur-ja-sport\\\/#primaryimage\",\"url\":\"https:\\\/\\\/reform.ee\\\/riigikogu-valimised-2023\\\/wp-content\\\/uploads\\\/2023\\\/01\\\/Reformierakond-Kindlates-kates-kultuur-ja-sport.png\",\"contentUrl\":\"https:\\\/\\\/reform.ee\\\/riigikogu-valimised-2023\\\/wp-content\\\/uploads\\\/2023\\\/01\\\/Reformierakond-Kindlates-kates-kultuur-ja-sport.png\",\"width\":1024,\"height\":461,\"caption\":\"Reformierakond Kindlates ka\u0308tes kultuur ja sport\"},{\"@type\":\"BreadcrumbList\",\"@id\":\"https:\\\/\\\/reform.ee\\\/riigikogu-valimised-2023\\\/valimisprogramm\\\/kultuur-ja-sport\\\/#breadcrumb\",\"itemListElement\":[{\"@type\":\"ListItem\",\"position\":1,\"name\":\"Home\",\"item\":\"https:\\\/\\\/reform.ee\\\/riigikogu-valimised-2023\\\/\"},{\"@type\":\"ListItem\",\"position\":2,\"name\":\"Riigikogu valimised 2023 programm\",\"item\":\"https:\\\/\\\/reform.ee\\\/riigikogu-valimised-2023\\\/valimisprogramm\\\/\"},{\"@type\":\"ListItem\",\"position\":3,\"name\":\"Kultuur ja sport\"}]},{\"@type\":\"WebSite\",\"@id\":\"https:\\\/\\\/reform.ee\\\/riigikogu-valimised-2023\\\/#website\",\"url\":\"https:\\\/\\\/reform.ee\\\/riigikogu-valimised-2023\\\/\",\"name\":\"Riigikogu valimised 2023\",\"description\":\"Reformierakond\",\"potentialAction\":[{\"@type\":\"SearchAction\",\"target\":{\"@type\":\"EntryPoint\",\"urlTemplate\":\"https:\\\/\\\/reform.ee\\\/riigikogu-valimised-2023\\\/?s={search_term_string}\"},\"query-input\":{\"@type\":\"PropertyValueSpecification\",\"valueRequired\":true,\"valueName\":\"search_term_string\"}}],\"inLanguage\":\"en\"}]}<\/script>\n<!-- \/ Yoast SEO plugin. -->","yoast_head_json":{"title":"Kultuur ja sport | Reformierakond | Riigikogu valimised 2023","description":"Valides Riigikogu valimistel Reformierakonda on Eesti kindlates k\u00e4tes. Kindlates k\u00e4tes Eesti t\u00e4hendab kindlates k\u00e4tes julgeolekut ja liitlassuhteid, toimetulekut, majandust ja ettev\u00f5tlust, v\u00e4lispoliitikat, tervishoidu ja kvaliteetset eestikeelset haridust.","robots":{"index":"index","follow":"follow","max-snippet":"max-snippet:-1","max-image-preview":"max-image-preview:large","max-video-preview":"max-video-preview:-1"},"canonical":"https:\/\/reform.ee\/riigikogu-valimised-2023\/valimisprogramm\/kultuur-ja-sport\/","og_locale":"en_US","og_type":"article","og_title":"Kultuur ja sport | Reformierakond | Riigikogu valimised 2023","og_description":"Valides Riigikogu valimistel Reformierakonda on Eesti kindlates k\u00e4tes. Kindlates k\u00e4tes Eesti t\u00e4hendab kindlates k\u00e4tes julgeolekut ja liitlassuhteid, toimetulekut, majandust ja ettev\u00f5tlust, v\u00e4lispoliitikat, tervishoidu ja kvaliteetset eestikeelset haridust.","og_url":"https:\/\/reform.ee\/riigikogu-valimised-2023\/valimisprogramm\/kultuur-ja-sport\/","og_site_name":"Riigikogu valimised 2023","article_publisher":"https:\/\/www.facebook.com\/reformierakond","article_modified_time":"2023-01-17T19:49:37+00:00","og_image":[{"width":1200,"height":630,"url":"https:\/\/reform.ee\/riigikogu-valimised-2023\/wp-content\/uploads\/2023\/01\/Reformierakond-kindlates-kates-kultuur-sport.jpg","type":"image\/jpeg"}],"twitter_card":"summary_large_image","twitter_image":"https:\/\/reform.ee\/riigikogu-valimised-2023\/wp-content\/uploads\/2023\/01\/Reformierakond-kindlates-kates-kultuur-sport.jpg","twitter_site":"@reformikad","twitter_misc":{"Est. reading time":"6 minutes"},"schema":{"@context":"https:\/\/schema.org","@graph":[{"@type":"WebPage","@id":"https:\/\/reform.ee\/riigikogu-valimised-2023\/valimisprogramm\/kultuur-ja-sport\/","url":"https:\/\/reform.ee\/riigikogu-valimised-2023\/valimisprogramm\/kultuur-ja-sport\/","name":"Kultuur ja sport | Reformierakond | Riigikogu valimised 2023","isPartOf":{"@id":"https:\/\/reform.ee\/riigikogu-valimised-2023\/#website"},"primaryImageOfPage":{"@id":"https:\/\/reform.ee\/riigikogu-valimised-2023\/valimisprogramm\/kultuur-ja-sport\/#primaryimage"},"image":{"@id":"https:\/\/reform.ee\/riigikogu-valimised-2023\/valimisprogramm\/kultuur-ja-sport\/#primaryimage"},"thumbnailUrl":"https:\/\/reform.ee\/riigikogu-valimised-2023\/wp-content\/uploads\/2023\/01\/Reformierakond-Kindlates-kates-kultuur-ja-sport.png","datePublished":"2023-01-10T17:01:24+00:00","dateModified":"2023-01-17T19:49:37+00:00","description":"Valides Riigikogu valimistel Reformierakonda on Eesti kindlates k\u00e4tes. Kindlates k\u00e4tes Eesti t\u00e4hendab kindlates k\u00e4tes julgeolekut ja liitlassuhteid, toimetulekut, majandust ja ettev\u00f5tlust, v\u00e4lispoliitikat, tervishoidu ja kvaliteetset eestikeelset haridust.","breadcrumb":{"@id":"https:\/\/reform.ee\/riigikogu-valimised-2023\/valimisprogramm\/kultuur-ja-sport\/#breadcrumb"},"inLanguage":"en","potentialAction":[{"@type":"ReadAction","target":["https:\/\/reform.ee\/riigikogu-valimised-2023\/valimisprogramm\/kultuur-ja-sport\/"]}]},{"@type":"ImageObject","inLanguage":"en","@id":"https:\/\/reform.ee\/riigikogu-valimised-2023\/valimisprogramm\/kultuur-ja-sport\/#primaryimage","url":"https:\/\/reform.ee\/riigikogu-valimised-2023\/wp-content\/uploads\/2023\/01\/Reformierakond-Kindlates-kates-kultuur-ja-sport.png","contentUrl":"https:\/\/reform.ee\/riigikogu-valimised-2023\/wp-content\/uploads\/2023\/01\/Reformierakond-Kindlates-kates-kultuur-ja-sport.png","width":1024,"height":461,"caption":"Reformierakond Kindlates ka\u0308tes kultuur ja sport"},{"@type":"BreadcrumbList","@id":"https:\/\/reform.ee\/riigikogu-valimised-2023\/valimisprogramm\/kultuur-ja-sport\/#breadcrumb","itemListElement":[{"@type":"ListItem","position":1,"name":"Home","item":"https:\/\/reform.ee\/riigikogu-valimised-2023\/"},{"@type":"ListItem","position":2,"name":"Riigikogu valimised 2023 programm","item":"https:\/\/reform.ee\/riigikogu-valimised-2023\/valimisprogramm\/"},{"@type":"ListItem","position":3,"name":"Kultuur ja sport"}]},{"@type":"WebSite","@id":"https:\/\/reform.ee\/riigikogu-valimised-2023\/#website","url":"https:\/\/reform.ee\/riigikogu-valimised-2023\/","name":"Riigikogu valimised 2023","description":"Reformierakond","potentialAction":[{"@type":"SearchAction","target":{"@type":"EntryPoint","urlTemplate":"https:\/\/reform.ee\/riigikogu-valimised-2023\/?s={search_term_string}"},"query-input":{"@type":"PropertyValueSpecification","valueRequired":true,"valueName":"search_term_string"}}],"inLanguage":"en"}]}},"_links":{"self":[{"href":"https:\/\/reform.ee\/riigikogu-valimised-2023\/wp-json\/wp\/v2\/pages\/3346","targetHints":{"allow":["GET"]}}],"collection":[{"href":"https:\/\/reform.ee\/riigikogu-valimised-2023\/wp-json\/wp\/v2\/pages"}],"about":[{"href":"https:\/\/reform.ee\/riigikogu-valimised-2023\/wp-json\/wp\/v2\/types\/page"}],"author":[{"embeddable":true,"href":"https:\/\/reform.ee\/riigikogu-valimised-2023\/wp-json\/wp\/v2\/users\/5"}],"replies":[{"embeddable":true,"href":"https:\/\/reform.ee\/riigikogu-valimised-2023\/wp-json\/wp\/v2\/comments?post=3346"}],"version-history":[{"count":5,"href":"https:\/\/reform.ee\/riigikogu-valimised-2023\/wp-json\/wp\/v2\/pages\/3346\/revisions"}],"predecessor-version":[{"id":3857,"href":"https:\/\/reform.ee\/riigikogu-valimised-2023\/wp-json\/wp\/v2\/pages\/3346\/revisions\/3857"}],"up":[{"embeddable":true,"href":"https:\/\/reform.ee\/riigikogu-valimised-2023\/wp-json\/wp\/v2\/pages\/20"}],"wp:attachment":[{"href":"https:\/\/reform.ee\/riigikogu-valimised-2023\/wp-json\/wp\/v2\/media?parent=3346"}],"curies":[{"name":"wp","href":"https:\/\/api.w.org\/{rel}","templated":true}]}}