{"id":2846,"date":"2022-12-23T09:50:38","date_gmt":"2022-12-23T07:50:38","guid":{"rendered":"https:\/\/reform.ee\/riigikogu-valimised-2023\/?page_id=2846"},"modified":"2024-04-10T16:02:01","modified_gmt":"2024-04-10T13:02:01","slug":"viktoriin","status":"publish","type":"page","link":"https:\/\/reform.ee\/riigikogu-valimised-2023\/viktoriin\/","title":{"rendered":"P\u00e4hklipureja viktoriin"},"content":{"rendered":"\nViktoriin on l\u00f5ppenud!\n","protected":false},"excerpt":{"rendered":"<p>Viktoriin on l\u00f5ppenud!<\/p>\n","protected":false},"author":5,"featured_media":0,"parent":0,"menu_order":0,"comment_status":"closed","ping_status":"closed","template":"page-home.php","meta":{"_acf_changed":false,"footnotes":""},"class_list":["post-2846","page","type-page","status-publish","hentry"],"acf":[],"yoast_head":"<!-- This site is optimized with the Yoast SEO plugin v27.3 - https:\/\/yoast.com\/product\/yoast-seo-wordpress\/ -->\n<title>P\u00e4hklipureja viktoriin | Reformierakond | Riigikogu valimised 2023<\/title>\n<meta name=\"description\" content=\"Valides Riigikogu valimistel Reformierakonda on Eesti kindlates k\u00e4tes. Kindlates k\u00e4tes Eesti t\u00e4hendab kindlates k\u00e4tes julgeolekut ja liitlassuhteid, toimetulekut, majandust ja ettev\u00f5tlust, v\u00e4lispoliitikat, tervishoidu ja kvaliteetset eestikeelset haridust.\" \/>\n<meta name=\"robots\" content=\"index, follow, max-snippet:-1, max-image-preview:large, max-video-preview:-1\" \/>\n<link rel=\"canonical\" href=\"https:\/\/reform.ee\/riigikogu-valimised-2023\/viktoriin\/\" \/>\n<meta property=\"og:locale\" content=\"en_US\" \/>\n<meta property=\"og:type\" content=\"article\" \/>\n<meta property=\"og:title\" content=\"P\u00e4hklipureja viktoriin | Reformierakond | Riigikogu valimised 2023\" \/>\n<meta property=\"og:description\" content=\"Valides Riigikogu valimistel Reformierakonda on Eesti kindlates k\u00e4tes. Kindlates k\u00e4tes Eesti t\u00e4hendab kindlates k\u00e4tes julgeolekut ja liitlassuhteid, toimetulekut, majandust ja ettev\u00f5tlust, v\u00e4lispoliitikat, tervishoidu ja kvaliteetset eestikeelset haridust.\" \/>\n<meta property=\"og:url\" content=\"https:\/\/reform.ee\/riigikogu-valimised-2023\/viktoriin\/\" \/>\n<meta property=\"og:site_name\" content=\"Riigikogu valimised 2023\" \/>\n<meta property=\"article:publisher\" content=\"https:\/\/www.facebook.com\/reformierakond\" \/>\n<meta property=\"article:modified_time\" content=\"2024-04-10T13:02:01+00:00\" \/>\n<meta name=\"twitter:card\" content=\"summary_large_image\" \/>\n<meta name=\"twitter:site\" content=\"@reformikad\" \/>\n<meta name=\"twitter:label1\" content=\"Est. reading time\" \/>\n\t<meta name=\"twitter:data1\" content=\"1 minute\" \/>\n<script type=\"application\/ld+json\" class=\"yoast-schema-graph\">{\"@context\":\"https:\\\/\\\/schema.org\",\"@graph\":[{\"@type\":\"WebPage\",\"@id\":\"https:\\\/\\\/reform.ee\\\/riigikogu-valimised-2023\\\/viktoriin\\\/\",\"url\":\"https:\\\/\\\/reform.ee\\\/riigikogu-valimised-2023\\\/viktoriin\\\/\",\"name\":\"P\u00e4hklipureja viktoriin | Reformierakond | Riigikogu valimised 2023\",\"isPartOf\":{\"@id\":\"https:\\\/\\\/reform.ee\\\/riigikogu-valimised-2023\\\/#website\"},\"datePublished\":\"2022-12-23T07:50:38+00:00\",\"dateModified\":\"2024-04-10T13:02:01+00:00\",\"description\":\"Valides Riigikogu valimistel Reformierakonda on Eesti kindlates k\u00e4tes. Kindlates k\u00e4tes Eesti t\u00e4hendab kindlates k\u00e4tes julgeolekut ja liitlassuhteid, toimetulekut, majandust ja ettev\u00f5tlust, v\u00e4lispoliitikat, tervishoidu ja kvaliteetset eestikeelset haridust.\",\"breadcrumb\":{\"@id\":\"https:\\\/\\\/reform.ee\\\/riigikogu-valimised-2023\\\/viktoriin\\\/#breadcrumb\"},\"inLanguage\":\"en\",\"potentialAction\":[{\"@type\":\"ReadAction\",\"target\":[\"https:\\\/\\\/reform.ee\\\/riigikogu-valimised-2023\\\/viktoriin\\\/\"]}]},{\"@type\":\"BreadcrumbList\",\"@id\":\"https:\\\/\\\/reform.ee\\\/riigikogu-valimised-2023\\\/viktoriin\\\/#breadcrumb\",\"itemListElement\":[{\"@type\":\"ListItem\",\"position\":1,\"name\":\"Home\",\"item\":\"https:\\\/\\\/reform.ee\\\/riigikogu-valimised-2023\\\/\"},{\"@type\":\"ListItem\",\"position\":2,\"name\":\"P\u00e4hklipureja viktoriin\"}]},{\"@type\":\"WebSite\",\"@id\":\"https:\\\/\\\/reform.ee\\\/riigikogu-valimised-2023\\\/#website\",\"url\":\"https:\\\/\\\/reform.ee\\\/riigikogu-valimised-2023\\\/\",\"name\":\"Riigikogu valimised 2023\",\"description\":\"Reformierakond\",\"potentialAction\":[{\"@type\":\"SearchAction\",\"target\":{\"@type\":\"EntryPoint\",\"urlTemplate\":\"https:\\\/\\\/reform.ee\\\/riigikogu-valimised-2023\\\/?s={search_term_string}\"},\"query-input\":{\"@type\":\"PropertyValueSpecification\",\"valueRequired\":true,\"valueName\":\"search_term_string\"}}],\"inLanguage\":\"en\"}]}<\/script>\n<!-- \/ Yoast SEO plugin. -->","yoast_head_json":{"title":"P\u00e4hklipureja viktoriin | Reformierakond | Riigikogu valimised 2023","description":"Valides Riigikogu valimistel Reformierakonda on Eesti kindlates k\u00e4tes. Kindlates k\u00e4tes Eesti t\u00e4hendab kindlates k\u00e4tes julgeolekut ja liitlassuhteid, toimetulekut, majandust ja ettev\u00f5tlust, v\u00e4lispoliitikat, tervishoidu ja kvaliteetset eestikeelset haridust.","robots":{"index":"index","follow":"follow","max-snippet":"max-snippet:-1","max-image-preview":"max-image-preview:large","max-video-preview":"max-video-preview:-1"},"canonical":"https:\/\/reform.ee\/riigikogu-valimised-2023\/viktoriin\/","og_locale":"en_US","og_type":"article","og_title":"P\u00e4hklipureja viktoriin | Reformierakond | Riigikogu valimised 2023","og_description":"Valides Riigikogu valimistel Reformierakonda on Eesti kindlates k\u00e4tes. Kindlates k\u00e4tes Eesti t\u00e4hendab kindlates k\u00e4tes julgeolekut ja liitlassuhteid, toimetulekut, majandust ja ettev\u00f5tlust, v\u00e4lispoliitikat, tervishoidu ja kvaliteetset eestikeelset haridust.","og_url":"https:\/\/reform.ee\/riigikogu-valimised-2023\/viktoriin\/","og_site_name":"Riigikogu valimised 2023","article_publisher":"https:\/\/www.facebook.com\/reformierakond","article_modified_time":"2024-04-10T13:02:01+00:00","twitter_card":"summary_large_image","twitter_site":"@reformikad","twitter_misc":{"Est. reading time":"1 minute"},"schema":{"@context":"https:\/\/schema.org","@graph":[{"@type":"WebPage","@id":"https:\/\/reform.ee\/riigikogu-valimised-2023\/viktoriin\/","url":"https:\/\/reform.ee\/riigikogu-valimised-2023\/viktoriin\/","name":"P\u00e4hklipureja viktoriin | Reformierakond | Riigikogu valimised 2023","isPartOf":{"@id":"https:\/\/reform.ee\/riigikogu-valimised-2023\/#website"},"datePublished":"2022-12-23T07:50:38+00:00","dateModified":"2024-04-10T13:02:01+00:00","description":"Valides Riigikogu valimistel Reformierakonda on Eesti kindlates k\u00e4tes. Kindlates k\u00e4tes Eesti t\u00e4hendab kindlates k\u00e4tes julgeolekut ja liitlassuhteid, toimetulekut, majandust ja ettev\u00f5tlust, v\u00e4lispoliitikat, tervishoidu ja kvaliteetset eestikeelset haridust.","breadcrumb":{"@id":"https:\/\/reform.ee\/riigikogu-valimised-2023\/viktoriin\/#breadcrumb"},"inLanguage":"en","potentialAction":[{"@type":"ReadAction","target":["https:\/\/reform.ee\/riigikogu-valimised-2023\/viktoriin\/"]}]},{"@type":"BreadcrumbList","@id":"https:\/\/reform.ee\/riigikogu-valimised-2023\/viktoriin\/#breadcrumb","itemListElement":[{"@type":"ListItem","position":1,"name":"Home","item":"https:\/\/reform.ee\/riigikogu-valimised-2023\/"},{"@type":"ListItem","position":2,"name":"P\u00e4hklipureja viktoriin"}]},{"@type":"WebSite","@id":"https:\/\/reform.ee\/riigikogu-valimised-2023\/#website","url":"https:\/\/reform.ee\/riigikogu-valimised-2023\/","name":"Riigikogu valimised 2023","description":"Reformierakond","potentialAction":[{"@type":"SearchAction","target":{"@type":"EntryPoint","urlTemplate":"https:\/\/reform.ee\/riigikogu-valimised-2023\/?s={search_term_string}"},"query-input":{"@type":"PropertyValueSpecification","valueRequired":true,"valueName":"search_term_string"}}],"inLanguage":"en"}]}},"_links":{"self":[{"href":"https:\/\/reform.ee\/riigikogu-valimised-2023\/wp-json\/wp\/v2\/pages\/2846","targetHints":{"allow":["GET"]}}],"collection":[{"href":"https:\/\/reform.ee\/riigikogu-valimised-2023\/wp-json\/wp\/v2\/pages"}],"about":[{"href":"https:\/\/reform.ee\/riigikogu-valimised-2023\/wp-json\/wp\/v2\/types\/page"}],"author":[{"embeddable":true,"href":"https:\/\/reform.ee\/riigikogu-valimised-2023\/wp-json\/wp\/v2\/users\/5"}],"replies":[{"embeddable":true,"href":"https:\/\/reform.ee\/riigikogu-valimised-2023\/wp-json\/wp\/v2\/comments?post=2846"}],"version-history":[{"count":18,"href":"https:\/\/reform.ee\/riigikogu-valimised-2023\/wp-json\/wp\/v2\/pages\/2846\/revisions"}],"predecessor-version":[{"id":5344,"href":"https:\/\/reform.ee\/riigikogu-valimised-2023\/wp-json\/wp\/v2\/pages\/2846\/revisions\/5344"}],"wp:attachment":[{"href":"https:\/\/reform.ee\/riigikogu-valimised-2023\/wp-json\/wp\/v2\/media?parent=2846"}],"curies":[{"name":"wp","href":"https:\/\/api.w.org\/{rel}","templated":true}]}}