{"id":24,"date":"2022-10-04T12:44:19","date_gmt":"2022-10-04T12:44:19","guid":{"rendered":"https:\/\/reform.ee\/riigikogu-valimised-2023\/?page_id=24"},"modified":"2023-01-12T12:39:54","modified_gmt":"2023-01-12T10:39:54","slug":"kampaania-lugu","status":"publish","type":"page","link":"https:\/\/reform.ee\/riigikogu-valimised-2023\/kampaania-lugu\/","title":{"rendered":"Kindlates k\u00e4tes Eesti!"},"content":{"rendered":"\r\n<div class=\"video-player\">\r\n  <div\r\n    class=\"video\"\r\n    data-plyr-provider=\"vimeo\"\r\n    data-plyr-embed-id=\"video\/760686021\"\r\n    data-poster=\"https:\/\/reform.ee\/riigikogu-valimised-2023\/wp-content\/uploads\/2022\/12\/Kaja-Kallas-kindlates-kates-Eesti-2.jpg\"\r\n    data-plyr-config='{\r\n        \"ratio\": \"\"\r\n      }'\r\n  ><\/div>\r\n  <div\r\n    class=\"video-player__thumbnail\"\r\n    style=\"background-image: url(https:\/\/reform.ee\/riigikogu-valimised-2023\/wp-content\/uploads\/2022\/12\/Kaja-Kallas-kindlates-kates-Eesti-2.jpg);\"\r\n  >\r\n      <\/div>\r\n<\/div>\r\n\n\n<section class=\"text\">\r\n                <div class=\"text__content\"><p>Viimaste aastate kriisid n\u00e4itavad, et elame ebakindlal ajal. Peame valmis olema k\u00f5igeks \u2013 olgu selleks senitundmatu viirus, s\u00f5da Euroopas v\u00f5i neist kahest p\u00f5hjustatud enneolematu hinnat\u00f5us. Putini s\u00f5da on andnud l\u00f6\u00f6gi meie k\u00f5igi rahakoti pihta. Seda on tajuda nii arveid makstes kui ka poes k\u00e4ies. M\u00f5istame, et ajal, kus \u00fcks kriis ajab teist taga, peavad inimesed saama oma riigi peale loota, ning tundma, et mitte kedagi ei j\u00e4eta raskes olukorras \u00fcksi. V\u00f5itlus vabaduse eest k\u00e4ib igal rindel: ukrainlased v\u00f5itlevad Venemaa s\u00f5jamasina vastu ning meie peame hakkama saama Putini s\u00f5jast tingitud valusate hinnat\u00f5usudega. See m\u00f5jutab meid k\u00f5iki, kuid peame oma vabaduse kaitsel olema kindlameelsed.<\/p>\n<p>Reformierakond on peaminister Kaja Kallase juhtimisel t\u00f5estanud, et Eesti on kindlates k\u00e4tes. Kindlates k\u00e4tes Eesti t\u00e4hendab kindlates k\u00e4tes julgeolekut ja liitlassuhteid, toimetulekut, majandust ja ettev\u00f5tlust, v\u00e4lispoliitikat, tervishoidu ja kindlates k\u00e4tes kvaliteetset eestikeelset haridust. Kindlak\u00e4eliselt juhitud riiki.<\/p>\n<p>On t\u00e4htsam kui kunagi varem, et oleme liitlaste jaoks usaldusv\u00e4\u00e4rne partner, keda kuulatakse ja kellega arvestatakse. Reformierakonna kindlak\u00e4elisel juhtimisel p\u00fcsib Eesti koos s\u00f5prade ja liitlastega l\u00e4\u00e4nelikus v\u00e4\u00e4rtusruumis, kus kehtib s\u00f5navabadus ning k\u00f5igil on v\u00f5rdsed v\u00f5imalused ja \u00f5igused.<\/p>\n<p>Targad ja tulevikku vaatavad otsused on Eesti kriisidest alati tugevamana v\u00e4lja toonud. Kaja Kallase juhitud valitsus suurendas riigikaitse investeeringuid juba enne, kui algas Putini s\u00f5da Ukrainas. Suurendasime Eesti energiajulgeolekut, sidudes end lahti Venemaa gaasist ja kiirendades uute energiaallikate kasutuselev\u00f5ttu, sest kriisides tuleb k\u00e4ituda otsustavalt! Me v\u00e4hendame energia hinnat\u00f5usu m\u00f5ju peredele ning suurendame lastetoetusi ja pensioneid. T\u00f5stame politseinike, p\u00e4\u00e4stjate ja tervishoiut\u00f6\u00f6tajate palku, sest nemad on kriiside eesliinil. Samuti t\u00f5usevad \u00f5petajate palgad, sest nende k\u00e4tes on Eesti tulevik.<\/p>\n<p><img loading=\"lazy\" decoding=\"async\" class=\"size-medium wp-image-1205 alignright\" src=\"https:\/\/reform.ee\/riigikogu-valimised-2023\/wp-content\/uploads\/2022\/12\/Kaja-Kallas-Kindlates-kates-Eesti-300x300.jpg\" alt=\"Kaja Kallas - Kindlates K\u00e4tes Eesti\" width=\"300\" height=\"300\" srcset=\"https:\/\/reform.ee\/riigikogu-valimised-2023\/wp-content\/uploads\/2022\/12\/Kaja-Kallas-Kindlates-kates-Eesti-300x300.jpg 300w, https:\/\/reform.ee\/riigikogu-valimised-2023\/wp-content\/uploads\/2022\/12\/Kaja-Kallas-Kindlates-kates-Eesti-150x150.jpg 150w, https:\/\/reform.ee\/riigikogu-valimised-2023\/wp-content\/uploads\/2022\/12\/Kaja-Kallas-Kindlates-kates-Eesti-50x50.jpg 50w, https:\/\/reform.ee\/riigikogu-valimised-2023\/wp-content\/uploads\/2022\/12\/Kaja-Kallas-Kindlates-kates-Eesti.jpg 500w\" sizes=\"auto, (max-width: 300px) 100vw, 300px\" \/><\/p>\n<p>Tegutseme \u00fcheskoos liitlastega kindlalt Euroopa Liidus ja NATOs ning see tagab, et igal inimesel on v\u00f5imalik v\u00e4\u00e4rtustada k\u00f5iki neid vabadusi, mille eest Ukraina praegu v\u00f5itleb. Meie mets, meie loodus, meie vabadus ja suurim vara \u2013 iseseisev riik \u2013 on kindlalt hoitud.<\/p>\n<h3>Reformierakonnaga on Eesti kindlates k\u00e4tes!<\/h3>\n<p>Vali kindlates k\u00e4tes tulevik, vali Reformierakond!<\/p>\n<\/div>\r\n    <\/section>","protected":false},"excerpt":{"rendered":"","protected":false},"author":2,"featured_media":0,"parent":0,"menu_order":0,"comment_status":"closed","ping_status":"closed","template":"","meta":{"_acf_changed":false,"footnotes":""},"class_list":["post-24","page","type-page","status-publish","hentry"],"acf":[],"yoast_head":"<!-- This site is optimized with the Yoast SEO plugin v27.3 - https:\/\/yoast.com\/product\/yoast-seo-wordpress\/ -->\n<title>Kindlates k\u00e4tes Eesti! | Reformierakond | Riigikogu valimised 2023<\/title>\n<meta name=\"description\" content=\"Valides Riigikogu valimistel Reformierakonda on Eesti kindlates k\u00e4tes. Kindlates k\u00e4tes Eesti t\u00e4hendab kindlates k\u00e4tes julgeolekut ja liitlassuhteid, toimetulekut, majandust ja ettev\u00f5tlust, v\u00e4lispoliitikat, tervishoidu ja kvaliteetset eestikeelset haridust.\" \/>\n<meta name=\"robots\" content=\"index, follow, max-snippet:-1, max-image-preview:large, max-video-preview:-1\" \/>\n<link rel=\"canonical\" href=\"https:\/\/reform.ee\/riigikogu-valimised-2023\/kampaania-lugu\/\" \/>\n<meta property=\"og:locale\" content=\"en_US\" \/>\n<meta property=\"og:type\" content=\"article\" \/>\n<meta property=\"og:title\" content=\"Kindlates k\u00e4tes Eesti! | Reformierakond | Riigikogu valimised 2023\" \/>\n<meta property=\"og:description\" content=\"Valides Riigikogu valimistel Reformierakonda on Eesti kindlates k\u00e4tes. Kindlates k\u00e4tes Eesti t\u00e4hendab kindlates k\u00e4tes julgeolekut ja liitlassuhteid, toimetulekut, majandust ja ettev\u00f5tlust, v\u00e4lispoliitikat, tervishoidu ja kvaliteetset eestikeelset haridust.\" \/>\n<meta property=\"og:url\" content=\"https:\/\/reform.ee\/riigikogu-valimised-2023\/kampaania-lugu\/\" \/>\n<meta property=\"og:site_name\" content=\"Riigikogu valimised 2023\" \/>\n<meta property=\"article:publisher\" content=\"https:\/\/www.facebook.com\/reformierakond\" \/>\n<meta property=\"article:modified_time\" content=\"2023-01-12T10:39:54+00:00\" \/>\n<meta name=\"twitter:card\" content=\"summary_large_image\" \/>\n<meta name=\"twitter:description\" content=\"Valides Riigikogu valimistel Reformierakonda on Eesti kindlates k\u00e4tes. Kindlates k\u00e4tes Eesti t\u00e4hendab kindlates k\u00e4tes julgeolekut ja liitlassuhteid, toimetulekut, majandust ja ettev\u00f5tlust, v\u00e4lispoliitikat, tervishoidu ja kvaliteetset eestikeelset haridust.\" \/>\n<meta name=\"twitter:site\" content=\"@reformikad\" \/>\n<script type=\"application\/ld+json\" class=\"yoast-schema-graph\">{\"@context\":\"https:\\\/\\\/schema.org\",\"@graph\":[{\"@type\":\"WebPage\",\"@id\":\"https:\\\/\\\/reform.ee\\\/riigikogu-valimised-2023\\\/kampaania-lugu\\\/\",\"url\":\"https:\\\/\\\/reform.ee\\\/riigikogu-valimised-2023\\\/kampaania-lugu\\\/\",\"name\":\"Kindlates k\u00e4tes Eesti! | Reformierakond | Riigikogu valimised 2023\",\"isPartOf\":{\"@id\":\"https:\\\/\\\/reform.ee\\\/riigikogu-valimised-2023\\\/#website\"},\"datePublished\":\"2022-10-04T12:44:19+00:00\",\"dateModified\":\"2023-01-12T10:39:54+00:00\",\"description\":\"Valides Riigikogu valimistel Reformierakonda on Eesti kindlates k\u00e4tes. Kindlates k\u00e4tes Eesti t\u00e4hendab kindlates k\u00e4tes julgeolekut ja liitlassuhteid, toimetulekut, majandust ja ettev\u00f5tlust, v\u00e4lispoliitikat, tervishoidu ja kvaliteetset eestikeelset haridust.\",\"breadcrumb\":{\"@id\":\"https:\\\/\\\/reform.ee\\\/riigikogu-valimised-2023\\\/kampaania-lugu\\\/#breadcrumb\"},\"inLanguage\":\"en\",\"potentialAction\":[{\"@type\":\"ReadAction\",\"target\":[\"https:\\\/\\\/reform.ee\\\/riigikogu-valimised-2023\\\/kampaania-lugu\\\/\"]}]},{\"@type\":\"BreadcrumbList\",\"@id\":\"https:\\\/\\\/reform.ee\\\/riigikogu-valimised-2023\\\/kampaania-lugu\\\/#breadcrumb\",\"itemListElement\":[{\"@type\":\"ListItem\",\"position\":1,\"name\":\"Home\",\"item\":\"https:\\\/\\\/reform.ee\\\/riigikogu-valimised-2023\\\/\"},{\"@type\":\"ListItem\",\"position\":2,\"name\":\"Kindlates k\u00e4tes Eesti!\"}]},{\"@type\":\"WebSite\",\"@id\":\"https:\\\/\\\/reform.ee\\\/riigikogu-valimised-2023\\\/#website\",\"url\":\"https:\\\/\\\/reform.ee\\\/riigikogu-valimised-2023\\\/\",\"name\":\"Riigikogu valimised 2023\",\"description\":\"Reformierakond\",\"potentialAction\":[{\"@type\":\"SearchAction\",\"target\":{\"@type\":\"EntryPoint\",\"urlTemplate\":\"https:\\\/\\\/reform.ee\\\/riigikogu-valimised-2023\\\/?s={search_term_string}\"},\"query-input\":{\"@type\":\"PropertyValueSpecification\",\"valueRequired\":true,\"valueName\":\"search_term_string\"}}],\"inLanguage\":\"en\"}]}<\/script>\n<!-- \/ Yoast SEO plugin. -->","yoast_head_json":{"title":"Kindlates k\u00e4tes Eesti! | Reformierakond | Riigikogu valimised 2023","description":"Valides Riigikogu valimistel Reformierakonda on Eesti kindlates k\u00e4tes. Kindlates k\u00e4tes Eesti t\u00e4hendab kindlates k\u00e4tes julgeolekut ja liitlassuhteid, toimetulekut, majandust ja ettev\u00f5tlust, v\u00e4lispoliitikat, tervishoidu ja kvaliteetset eestikeelset haridust.","robots":{"index":"index","follow":"follow","max-snippet":"max-snippet:-1","max-image-preview":"max-image-preview:large","max-video-preview":"max-video-preview:-1"},"canonical":"https:\/\/reform.ee\/riigikogu-valimised-2023\/kampaania-lugu\/","og_locale":"en_US","og_type":"article","og_title":"Kindlates k\u00e4tes Eesti! | Reformierakond | Riigikogu valimised 2023","og_description":"Valides Riigikogu valimistel Reformierakonda on Eesti kindlates k\u00e4tes. Kindlates k\u00e4tes Eesti t\u00e4hendab kindlates k\u00e4tes julgeolekut ja liitlassuhteid, toimetulekut, majandust ja ettev\u00f5tlust, v\u00e4lispoliitikat, tervishoidu ja kvaliteetset eestikeelset haridust.","og_url":"https:\/\/reform.ee\/riigikogu-valimised-2023\/kampaania-lugu\/","og_site_name":"Riigikogu valimised 2023","article_publisher":"https:\/\/www.facebook.com\/reformierakond","article_modified_time":"2023-01-12T10:39:54+00:00","twitter_card":"summary_large_image","twitter_description":"Valides Riigikogu valimistel Reformierakonda on Eesti kindlates k\u00e4tes. Kindlates k\u00e4tes Eesti t\u00e4hendab kindlates k\u00e4tes julgeolekut ja liitlassuhteid, toimetulekut, majandust ja ettev\u00f5tlust, v\u00e4lispoliitikat, tervishoidu ja kvaliteetset eestikeelset haridust.","twitter_site":"@reformikad","schema":{"@context":"https:\/\/schema.org","@graph":[{"@type":"WebPage","@id":"https:\/\/reform.ee\/riigikogu-valimised-2023\/kampaania-lugu\/","url":"https:\/\/reform.ee\/riigikogu-valimised-2023\/kampaania-lugu\/","name":"Kindlates k\u00e4tes Eesti! | Reformierakond | Riigikogu valimised 2023","isPartOf":{"@id":"https:\/\/reform.ee\/riigikogu-valimised-2023\/#website"},"datePublished":"2022-10-04T12:44:19+00:00","dateModified":"2023-01-12T10:39:54+00:00","description":"Valides Riigikogu valimistel Reformierakonda on Eesti kindlates k\u00e4tes. Kindlates k\u00e4tes Eesti t\u00e4hendab kindlates k\u00e4tes julgeolekut ja liitlassuhteid, toimetulekut, majandust ja ettev\u00f5tlust, v\u00e4lispoliitikat, tervishoidu ja kvaliteetset eestikeelset haridust.","breadcrumb":{"@id":"https:\/\/reform.ee\/riigikogu-valimised-2023\/kampaania-lugu\/#breadcrumb"},"inLanguage":"en","potentialAction":[{"@type":"ReadAction","target":["https:\/\/reform.ee\/riigikogu-valimised-2023\/kampaania-lugu\/"]}]},{"@type":"BreadcrumbList","@id":"https:\/\/reform.ee\/riigikogu-valimised-2023\/kampaania-lugu\/#breadcrumb","itemListElement":[{"@type":"ListItem","position":1,"name":"Home","item":"https:\/\/reform.ee\/riigikogu-valimised-2023\/"},{"@type":"ListItem","position":2,"name":"Kindlates k\u00e4tes Eesti!"}]},{"@type":"WebSite","@id":"https:\/\/reform.ee\/riigikogu-valimised-2023\/#website","url":"https:\/\/reform.ee\/riigikogu-valimised-2023\/","name":"Riigikogu valimised 2023","description":"Reformierakond","potentialAction":[{"@type":"SearchAction","target":{"@type":"EntryPoint","urlTemplate":"https:\/\/reform.ee\/riigikogu-valimised-2023\/?s={search_term_string}"},"query-input":{"@type":"PropertyValueSpecification","valueRequired":true,"valueName":"search_term_string"}}],"inLanguage":"en"}]}},"_links":{"self":[{"href":"https:\/\/reform.ee\/riigikogu-valimised-2023\/wp-json\/wp\/v2\/pages\/24","targetHints":{"allow":["GET"]}}],"collection":[{"href":"https:\/\/reform.ee\/riigikogu-valimised-2023\/wp-json\/wp\/v2\/pages"}],"about":[{"href":"https:\/\/reform.ee\/riigikogu-valimised-2023\/wp-json\/wp\/v2\/types\/page"}],"author":[{"embeddable":true,"href":"https:\/\/reform.ee\/riigikogu-valimised-2023\/wp-json\/wp\/v2\/users\/2"}],"replies":[{"embeddable":true,"href":"https:\/\/reform.ee\/riigikogu-valimised-2023\/wp-json\/wp\/v2\/comments?post=24"}],"version-history":[{"count":35,"href":"https:\/\/reform.ee\/riigikogu-valimised-2023\/wp-json\/wp\/v2\/pages\/24\/revisions"}],"predecessor-version":[{"id":2752,"href":"https:\/\/reform.ee\/riigikogu-valimised-2023\/wp-json\/wp\/v2\/pages\/24\/revisions\/2752"}],"wp:attachment":[{"href":"https:\/\/reform.ee\/riigikogu-valimised-2023\/wp-json\/wp\/v2\/media?parent=24"}],"curies":[{"name":"wp","href":"https:\/\/api.w.org\/{rel}","templated":true}]}}