{"id":1406,"date":"2022-12-14T15:09:19","date_gmt":"2022-12-14T13:09:19","guid":{"rendered":"https:\/\/reform.ee\/riigikogu-valimised-2023\/?page_id=1406"},"modified":"2024-03-22T15:24:05","modified_gmt":"2024-03-22T13:24:05","slug":"tulumaks","status":"publish","type":"page","link":"https:\/\/reform.ee\/riigikogu-valimised-2023\/tulumaks\/","title":{"rendered":"Reformierakonna maksulangetus keskklassile"},"content":{"rendered":"<section class=\"text\">\r\n                <div class=\"text__content\"><ul>\n<li>Kaotame maksuk\u00fc\u00fcru<\/li>\n<li>Teeme 700 eurot kuus maksuvabaks k\u00f5igile<\/li>\n<li>Inimesele j\u00e4tab see t\u00e4nasega v\u00f5rreldes aastas t\u00e4iendavalt k\u00e4tte kuni 1380 eurot<\/li>\n<li>Taastame Eestile edu toonud lihtsa ja \u00f5iglase, \u00fchetaolise maksus\u00fcsteemi<\/li>\n<li>Keskklassi maksulangetusest v\u00f5idavad maksumaksjad t\u00e4iendavad 340 miljonit eurot aastas<\/li>\n<\/ul>\n<\/div>\r\n    <\/section>\n\n<section class=\"text\">\r\n            <h2 class=\"text__title\">Maksuk\u00fc\u00fcr<\/h2>\r\n                <div class=\"text__content\"><p style=\"text-align: justify;\"><img loading=\"lazy\" decoding=\"async\" class=\"wp-image-3169  alignleft\" src=\"https:\/\/reform.ee\/riigikogu-valimised-2023\/wp-content\/uploads\/2023\/01\/Maksukuur-2023-e1673122353587-300x208.jpg\" alt=\"Maksuk\u00fc\u00fcr 2023\" width=\"303\" height=\"210\" srcset=\"https:\/\/reform.ee\/riigikogu-valimised-2023\/wp-content\/uploads\/2023\/01\/Maksukuur-2023-e1673122353587-300x208.jpg 300w, https:\/\/reform.ee\/riigikogu-valimised-2023\/wp-content\/uploads\/2023\/01\/Maksukuur-2023-e1673122353587-1024x711.jpg 1024w, https:\/\/reform.ee\/riigikogu-valimised-2023\/wp-content\/uploads\/2023\/01\/Maksukuur-2023-e1673122353587-768x533.jpg 768w, https:\/\/reform.ee\/riigikogu-valimised-2023\/wp-content\/uploads\/2023\/01\/Maksukuur-2023-e1673122353587-1536x1066.jpg 1536w, https:\/\/reform.ee\/riigikogu-valimised-2023\/wp-content\/uploads\/2023\/01\/Maksukuur-2023-e1673122353587-1556x1080.jpg 1556w, https:\/\/reform.ee\/riigikogu-valimised-2023\/wp-content\/uploads\/2023\/01\/Maksukuur-2023-e1673122353587-512x355.jpg 512w, https:\/\/reform.ee\/riigikogu-valimised-2023\/wp-content\/uploads\/2023\/01\/Maksukuur-2023-e1673122353587.jpg 1596w\" sizes=\"auto, (max-width: 303px) 100vw, 303px\" \/>Venemaa alustatud t\u00e4iemahuline sissetung Ukrainasse puudutab hinnas\u00f5ja ja energias\u00f5ja kaudu iga Eesti inimest. Reformierakond pakub hinnat\u00f5usudega v\u00f5itlemiseks v\u00e4lja parempoolse ja liberaalse lahenduse: j\u00e4tame inimestele rohkem nende teenitud raha k\u00e4tte, et nad saaksid ise otsustada, kuhu see paigutada.<\/p>\n<\/div>\r\n    <\/section>\n\n\n<div style=\"height:15px\" aria-hidden=\"true\" class=\"wp-block-spacer\"><\/div>\n\n\n<section class=\"text\">\r\n            <h2 class=\"text__title\">Reformierakonna maksuplaan &#8211; 700\u20ac tulumaksuvaba k\u00f5igile<\/h2>\r\n                <div class=\"text__content\"><p style=\"text-align: justify;\"><img loading=\"lazy\" decoding=\"async\" class=\"alignleft wp-image-5261 \" src=\"https:\/\/reform.ee\/riigikogu-valimised-2023\/wp-content\/uploads\/2023\/05\/maksuplaan.jpeg\" alt=\"\" width=\"302\" height=\"198\" srcset=\"https:\/\/reform.ee\/riigikogu-valimised-2023\/wp-content\/uploads\/2023\/05\/maksuplaan.jpeg 2048w, https:\/\/reform.ee\/riigikogu-valimised-2023\/wp-content\/uploads\/2023\/05\/maksuplaan-300x197.jpeg 300w, https:\/\/reform.ee\/riigikogu-valimised-2023\/wp-content\/uploads\/2023\/05\/maksuplaan-1024x673.jpeg 1024w, https:\/\/reform.ee\/riigikogu-valimised-2023\/wp-content\/uploads\/2023\/05\/maksuplaan-768x504.jpeg 768w, https:\/\/reform.ee\/riigikogu-valimised-2023\/wp-content\/uploads\/2023\/05\/maksuplaan-1536x1009.jpeg 1536w, https:\/\/reform.ee\/riigikogu-valimised-2023\/wp-content\/uploads\/2023\/05\/maksuplaan-1644x1080.jpeg 1644w, https:\/\/reform.ee\/riigikogu-valimised-2023\/wp-content\/uploads\/2023\/05\/maksuplaan-512x336.jpeg 512w\" sizes=\"auto, (max-width: 302px) 100vw, 302px\" \/>Seni on kriisiaastate toetusmeetmed keskendunud madalama sissetulekuga inimestele. Reformierakonna juhtimisel on t\u00f5usnud tulumaksuvaba miinimum, pensionid, toimetuleku- ja peretoetused. Reformierakond on seisukohal, et samamoodi tuleks toetada ka keskklassi. Meil on selleks kaks ettepanekut &#8211; esiteks kaotame \u00e4ra maksuk\u00fc\u00fcru, mis 1200-2100 eurost sissetulekut saavate inimeste palgat\u00f5usust s\u00f6\u00f6b \u00e4ra iga kolmanda euro. Ja teiseks, t\u00f5stame tulumaksuvabastuse 700 euroni kuus. Esimesed sammud sel teel astume juba jaanuaris, kui keskmine pension muutub tulumaksuvabaks ja tulumaksuvabaks saab 654 eurot kuus.<\/p>\n<\/div>\r\n    <\/section>\n\n\n<div style=\"height:5px\" aria-hidden=\"true\" class=\"wp-block-spacer\"><\/div>\n\n\n\n<div style=\"height:15px\" aria-hidden=\"true\" class=\"wp-block-spacer\"><\/div>\n\n\n<section class=\"text\">\r\n                <div class=\"text__content\"><p style=\"text-align: justify;\">J\u00fcri Ratase esimene valitsus kehtestas 2018. aastal \u00fclikeerulise, 6000 tuluastmega astmelise tulumaksu. See n\u00e4eb ette, et alates 1200-eurosest kuusissetulekust hakkab inimesele eraldatud tulumaksuvaba miinimum iga teenitud euroga v\u00e4henema, j\u00f5udes 2100-eurose palga juures nullini. Sisuliselt kehtestab see keskklassile t\u00e4iendava, k\u00f5rgema maksu \u2013 seda nimetataksegi maksuk\u00fc\u00fcruks \u2013 millega iga kolmas euro palgat\u00f5usust l\u00e4heb riigile. <span style=\"font-weight: 400;\">Maksuvaba miinimumi v\u00e4hendamine t\u00e4hendab, et sisuliselt meil kehtib vahemikus 1200-2100 eurot marginaalne maksum\u00e4\u00e4r 34,5%. Ehk iga euro palgat\u00f5usu t\u00e4hendab p\u00e4rast maksude mahaarvamist vaid 65,5 sendist palgat\u00f5usu. <\/span>Kui te ei usu, minge m\u00f5ne teise maksukalkulaatori lehele ja veenduge. Kui inimese brutopalka vahemikus 1200-2100 eurot t\u00f5sta saja euro v\u00f5rra, j\u00e4\u00e4b talle sellest k\u00e4tte <span style=\"font-weight: 400;\">65,5 eurot<\/span>.<\/p>\n<p style=\"text-align: justify;\">See s\u00fcsteem karistab edasip\u00fc\u00fcdlikkust ja seda eriti just keskklassile. Kui maksuk\u00fc\u00fcr 2018. aastal loodi, oli keskmine palk Eestis 1200 euro kandis. See v\u00f5imaldas v\u00e4ita, et maksut\u00f5us puudutab vaid j\u00f5ukamaid inimesi. T\u00e4na aga on meil keskmine palk 1700 euro kandis, mis t\u00e4hendab, et maksuk\u00fc\u00fcru alla j\u00e4\u00e4b just keskklass \u2013 politseinikud, \u00f5petajad, kultuurit\u00f6\u00f6tajad, meditsiini\u00f5ed, p\u00e4\u00e4stjad. K\u00f5ik valdkonnad, kelle palkade t\u00f5stmiseks riik teeb iga-aastaselt suuri pingutusi, et sellest maksut\u00f5usust suur osa teise k\u00e4ega maksuk\u00fc\u00fcru kaudu tagasi v\u00f5tta. Kuigi maksuk\u00fc\u00fcru loonud erakonnad on p\u00e4rast selle kehtestamist olnud esindatud igas valitsuses, pole seda kuidagi reformitud, vaid see on j\u00e4\u00e4nud paika t\u00e4pselt vanale kohale.<\/p>\n<\/div>\r\n    <\/section>\n\n\n<div style=\"height:30px\" aria-hidden=\"true\" class=\"wp-block-spacer\"><\/div>\n\n\n<section class=\"text\">\r\n            <h2 class=\"text__title\">M\u00f5ned n\u00e4ited:<\/h2>\r\n                <div class=\"text__content\"><p style=\"text-align: justify;\"><strong>K\u00f5rgharidusega kultuurit\u00f6\u00f6taja<\/strong> miinimumpalk t\u00f5usis 2023. aastal <strong>1600 euroni<\/strong>. Maksuk\u00fc\u00fcru kaotamine j\u00e4tab k\u00f5rgharidusega kultuurit\u00f6\u00f6tajale 2024. a jaanuarist <strong>t\u00e4iendavalt k\u00e4tte 50 eurot kuus<\/strong> ehk 600 eurot aastas.<\/p>\n<\/div>\r\n    <\/section>\n\n\n<div style=\"height:15px\" aria-hidden=\"true\" class=\"wp-block-spacer\"><\/div>\n\n\n<section class=\"text\">\r\n                <div class=\"text__content\"><p style=\"text-align: justify;\"><strong>Politseiniku miinimumpalk<\/strong> on 2023. aastast alates <strong>1849 eurot<\/strong>, Reformierakonna keskklassi maksuvabastus t\u00e4hendaks <strong>politseinikule 81 eurot rohkem k\u00e4tte<\/strong>, aastas teeb see 982 eurot.<strong><br \/>\n<\/strong><\/p>\n<\/div>\r\n    <\/section>\n\n\n<div style=\"height:15px\" aria-hidden=\"true\" class=\"wp-block-spacer\"><\/div>\n\n\n<section class=\"text\">\r\n                <div class=\"text__content\"><p style=\"text-align: justify;\"><strong>\u00d5petajate arvestuslik keskmine palk<\/strong> t\u00f5usis 2024. aastal <strong>2164 euroni<\/strong>. Reformierakonna juhtimisel vastu v\u00f5etud tulumaksureformiga saab sellist palka saav \u00f5petaja t\u00e4nasega v\u00f5rreldes <strong>t\u00e4iendavad 113 eurot palgat\u00f5usu<\/strong>, aastapalga t\u00f5us 1356 eurot.<\/p>\n<\/div>\r\n    <\/section>\n\n\n<div style=\"height:15px\" aria-hidden=\"true\" class=\"wp-block-spacer\"><\/div>\n\n\n<section class=\"text\">\r\n                <div class=\"text__content\"><p style=\"text-align: justify;\">Teine probleem selle s\u00fcsteemiga on, et kui inimene ei suuda oma sissetulekuid aasta l\u00f5ikes ette planeerida, siis v\u00f5ib teda aasta l\u00f5pus tabada t\u00e4iendav maksuarve, sest ta on saanud rohkem sissetulekuid, kui riigile \u00f6elnud. V\u00f5i siis ei kasuta ta maksuvabastust \u00fcldse ja j\u00e4tab oma teenitud raha riigi arvele, see aga t\u00e4hendab, et raha v\u00e4\u00e4rtus inflatsiooni t\u00f5ttu v\u00e4heneb. \u00dchetaoline maksus\u00fcsteem, mida pakub Reformierakond, t\u00e4hendaks, et kogu maksuvabastuse v\u00f5ib iga kuu julgesti v\u00e4lja v\u00f5tta ja aasta jooksul t\u00e4iendavalt saadud tulu seda ei muudaks.<\/p>\n<p style=\"text-align: justify;\">J\u00fcri Ratase maksuk\u00fc\u00fcr tabas julmalt t\u00f6\u00f6tavaid pension\u00e4re, kes kaotasid sissetulekutest eriti palju. Nii t\u00e4nasime inimesi, kellele riik pidevalt r\u00e4\u00e4gib, et nende panus t\u00f6\u00f6turul on eriti oodatud. Kaja Kallase valitsus on esimese sammu maksuk\u00fc\u00fcru kaotamiseks astunud, muutes keskmise pensioni alates 1. jaanuarist 2023 tulumaksuvabaks. See t\u00e4hendab, et v\u00e4hemalt t\u00f6\u00f6tavad pension\u00e4rid toome me l\u00f5puks ometi maksuk\u00fc\u00fcru alt v\u00e4lja. P\u00e4rast Riigikogu valimisi m\u00e4rtsis on meie soov teha sama k\u00f5igi \u00fclej\u00e4\u00e4nud inimestega. Samuti t\u00f5usis tulumaksuvaba miinimum 1. jaanuarist 2023 500lt 654 euroni, mis inimeste palkades kajastub veebruaris.<\/p>\n<p style=\"text-align: justify;\">Meie oponendid k\u00fcsivad meilt, mis see plaan maksab ja kust see raha tuleb. Selle m\u00f5ju riigieelarvele on esimesel aastal hinnanguliselt 340 miljonit eurot. Need on 340 miljonit, mis j\u00e4\u00e4vad Eesti keskklassile aastas rohkem k\u00e4tte, mille ulatuses inimesed saavad ise otsustada, kuhu see raha paigutada. Ka ettev\u00f5tete tulumaksu kaotamisel s\u00fc\u00fcdistati meid, et selleks sammuks pole piisavalt raha. Oleme siiski veendunud, et nelja aasta jooksul, samal ajal riigieelarvet vastutustundlikult majandades ja Eesti majandust kasvatades on see raha absoluutselt v\u00f5imalik leida. Ka teised erakonnad n\u00f5ustuvad, et maksuk\u00fc\u00fcr on ajale jalgu j\u00e4\u00e4nud ja tabab k\u00f5ige raskemalt just keskklassi, mida tuleks muuta. T\u00f6\u00f6j\u00f5umaksud on t\u00e4na Eestis pigem k\u00f5rged, nende langetamine soodustab rohkem t\u00f6\u00f6tamist, mida Reformierakond on alati toetanud.<\/p>\n<p style=\"text-align: justify;\"><strong>Mida t\u00e4hendab Reformierakonna maksulangetus Sinule? Palgakasv on arvestatud v\u00f5rreldes 700-eurose tulumaksuvaba miinimumiga. Leia allpool oma sissetulek:<\/strong><\/p>\n<p style=\"text-align: justify;\"><strong>1000 \u20ac<\/strong>: Sinu v\u00f5it kuus <strong>3,92 \u20ac<\/strong><br \/>\n<strong>1300 \u20ac<\/strong>: Sinu v\u00f5it kuus <strong>12,67 \u20ac<\/strong><br \/>\n<strong>1400 \u20ac<\/strong>: Sinu v\u00f5it kuus <strong>25,27 \u20ac<\/strong><br \/>\n<strong>1500 \u20ac<\/strong>: Sinu v\u00f5it kuus <strong>37,88\u00a0\u20ac<\/strong><br \/>\n<strong>1600 \u20ac<\/strong>: Sinu v\u00f5it kuus <strong>50,48\u00a0\u20ac<\/strong><br \/>\n<strong>1700 \u20ac<\/strong>: Sinu v\u00f5it kuus <strong>63,09\u00a0\u20ac<\/strong><br \/>\n<strong>1800 \u20ac<\/strong>: Sinu v\u00f5it kuus <strong>75,7\u00a0\u20ac<\/strong><br \/>\n<strong>1900 \u20ac<\/strong>: Sinu v\u00f5it kuus <strong>88,3 \u20ac<\/strong><br \/>\n<strong>2000 \u20ac<\/strong>: Sinu v\u00f5it kuus <strong>100,91 \u20ac<\/strong><br \/>\n<strong>alates 2100+\u20ac<\/strong>: Sinu v\u00f5it kuus kuni<strong> 115\u00a0\u20ac<\/strong><\/p>\n<p style=\"text-align: justify;\">Reformierakond taastab Eestile edu toonud lihtsa ja \u00f5iglase, \u00fchetaolise maksus\u00fcsteemi, kus igal inimesel on kuus kasutada 700 eurot tulumaksuvabalt ja p\u00e4rast seda kehtib sissetulekule tulumaks 22% ehk igalt eurolt tuleb maksta 22 senti.<\/p>\n<\/div>\r\n    <\/section>\n\n\n<figure class=\"wp-block-image size-large\"><img loading=\"lazy\" decoding=\"async\" width=\"1024\" height=\"1024\" src=\"https:\/\/reform.ee\/riigikogu-valimised-2023\/wp-content\/uploads\/2024\/02\/TMReformi-voit-1024x1024.jpeg\" alt=\"\" class=\"wp-image-5337\" srcset=\"https:\/\/reform.ee\/riigikogu-valimised-2023\/wp-content\/uploads\/2024\/02\/TMReformi-voit-1024x1024.jpeg 1024w, https:\/\/reform.ee\/riigikogu-valimised-2023\/wp-content\/uploads\/2024\/02\/TMReformi-voit-300x300.jpeg 300w, https:\/\/reform.ee\/riigikogu-valimised-2023\/wp-content\/uploads\/2024\/02\/TMReformi-voit-150x150.jpeg 150w, https:\/\/reform.ee\/riigikogu-valimised-2023\/wp-content\/uploads\/2024\/02\/TMReformi-voit-768x768.jpeg 768w, https:\/\/reform.ee\/riigikogu-valimised-2023\/wp-content\/uploads\/2024\/02\/TMReformi-voit-1536x1536.jpeg 1536w, https:\/\/reform.ee\/riigikogu-valimised-2023\/wp-content\/uploads\/2024\/02\/TMReformi-voit-1080x1080.jpeg 1080w, https:\/\/reform.ee\/riigikogu-valimised-2023\/wp-content\/uploads\/2024\/02\/TMReformi-voit-512x512.jpeg 512w, https:\/\/reform.ee\/riigikogu-valimised-2023\/wp-content\/uploads\/2024\/02\/TMReformi-voit-50x50.jpeg 50w, https:\/\/reform.ee\/riigikogu-valimised-2023\/wp-content\/uploads\/2024\/02\/TMReformi-voit.jpeg 1600w\" sizes=\"auto, (max-width: 1024px) 100vw, 1024px\" \/><\/figure>\n\n\n<section class=\"text\">\r\n        <\/section>","protected":false},"excerpt":{"rendered":"","protected":false},"author":5,"featured_media":0,"parent":0,"menu_order":0,"comment_status":"closed","ping_status":"closed","template":"","meta":{"_acf_changed":false,"footnotes":""},"class_list":["post-1406","page","type-page","status-publish","hentry"],"acf":[],"yoast_head":"<!-- This site is optimized with the Yoast SEO plugin v27.4 - https:\/\/yoast.com\/product\/yoast-seo-wordpress\/ -->\n<title>Reformierakonna maksulangetus keskklassile | Reformierakond | Riigikogu valimised 2023<\/title>\n<meta name=\"description\" content=\"Kaotame maksuk\u00fc\u00fcru. Teeme 700 eurot kuus maksuvabaks k\u00f5igile. Inimesele j\u00e4tab see aastas t\u00e4iendavalt k\u00e4tte kuni 1680 eurot.\" \/>\n<meta name=\"robots\" content=\"index, follow, max-snippet:-1, max-image-preview:large, max-video-preview:-1\" \/>\n<link rel=\"canonical\" href=\"https:\/\/reform.ee\/tulumaks\/\" \/>\n<meta property=\"og:locale\" content=\"en_US\" \/>\n<meta property=\"og:type\" content=\"article\" \/>\n<meta property=\"og:title\" content=\"Reformierakonna maksulangetus keskklassile | Reformierakond | Riigikogu valimised 2023\" \/>\n<meta property=\"og:description\" content=\"Kaotame maksuk\u00fc\u00fcru. Teeme 700 eurot kuus maksuvabaks k\u00f5igile. Inimesele j\u00e4tab see aastas t\u00e4iendavalt k\u00e4tte kuni 1680 eurot.\" \/>\n<meta property=\"og:url\" content=\"https:\/\/reform.ee\/tulumaks\/\" \/>\n<meta property=\"og:site_name\" content=\"Riigikogu valimised 2023\" \/>\n<meta property=\"article:publisher\" content=\"https:\/\/www.facebook.com\/reformierakond\" \/>\n<meta property=\"article:modified_time\" content=\"2024-03-22T13:24:05+00:00\" \/>\n<meta property=\"og:image\" content=\"https:\/\/reform.ee\/riigikogu-valimised-2023\/wp-content\/uploads\/2022\/12\/Kindlates-kates-Eesti-Riigikogu-valimised-2023.jpg\" \/>\n\t<meta property=\"og:image:width\" content=\"1200\" \/>\n\t<meta property=\"og:image:height\" content=\"630\" \/>\n\t<meta property=\"og:image:type\" content=\"image\/jpeg\" \/>\n<meta name=\"twitter:card\" content=\"summary_large_image\" \/>\n<meta name=\"twitter:description\" content=\"Kaotame maksuk\u00fc\u00fcru. Teeme 700 eurot kuus maksuvabaks k\u00f5igile. Inimesele j\u00e4tab see aastas t\u00e4iendavalt k\u00e4tte kuni 1680 eurot.\" \/>\n<meta name=\"twitter:image\" content=\"https:\/\/reform.ee\/riigikogu-valimised-2023\/wp-content\/uploads\/2022\/12\/Kindlates-kates-Eesti-Riigikogu-valimised-2023.jpg\" \/>\n<meta name=\"twitter:site\" content=\"@reformikad\" \/>\n<meta name=\"twitter:label1\" content=\"Est. reading time\" \/>\n\t<meta name=\"twitter:data1\" content=\"1 minute\" \/>\n<script type=\"application\/ld+json\" class=\"yoast-schema-graph\">{\"@context\":\"https:\\\/\\\/schema.org\",\"@graph\":[{\"@type\":\"WebPage\",\"@id\":\"https:\\\/\\\/reform.ee\\\/riigikogu-valimised-2023\\\/tulumaks\\\/\",\"url\":\"https:\\\/\\\/reform.ee\\\/tulumaks\\\/\",\"name\":\"Reformierakonna maksulangetus keskklassile | Reformierakond | Riigikogu valimised 2023\",\"isPartOf\":{\"@id\":\"https:\\\/\\\/reform.ee\\\/riigikogu-valimised-2023\\\/#website\"},\"primaryImageOfPage\":{\"@id\":\"https:\\\/\\\/reform.ee\\\/tulumaks\\\/#primaryimage\"},\"image\":{\"@id\":\"https:\\\/\\\/reform.ee\\\/tulumaks\\\/#primaryimage\"},\"thumbnailUrl\":\"https:\\\/\\\/reform.ee\\\/riigikogu-valimised-2023\\\/wp-content\\\/uploads\\\/2024\\\/02\\\/TMReformi-voit-1024x1024.jpeg\",\"datePublished\":\"2022-12-14T13:09:19+00:00\",\"dateModified\":\"2024-03-22T13:24:05+00:00\",\"description\":\"Kaotame maksuk\u00fc\u00fcru. Teeme 700 eurot kuus maksuvabaks k\u00f5igile. Inimesele j\u00e4tab see aastas t\u00e4iendavalt k\u00e4tte kuni 1680 eurot.\",\"breadcrumb\":{\"@id\":\"https:\\\/\\\/reform.ee\\\/tulumaks\\\/#breadcrumb\"},\"inLanguage\":\"en\",\"potentialAction\":[{\"@type\":\"ReadAction\",\"target\":[\"https:\\\/\\\/reform.ee\\\/tulumaks\\\/\"]}]},{\"@type\":\"ImageObject\",\"inLanguage\":\"en\",\"@id\":\"https:\\\/\\\/reform.ee\\\/tulumaks\\\/#primaryimage\",\"url\":\"https:\\\/\\\/reform.ee\\\/riigikogu-valimised-2023\\\/wp-content\\\/uploads\\\/2024\\\/02\\\/TMReformi-voit.jpeg\",\"contentUrl\":\"https:\\\/\\\/reform.ee\\\/riigikogu-valimised-2023\\\/wp-content\\\/uploads\\\/2024\\\/02\\\/TMReformi-voit.jpeg\",\"width\":1600,\"height\":1600},{\"@type\":\"BreadcrumbList\",\"@id\":\"https:\\\/\\\/reform.ee\\\/tulumaks\\\/#breadcrumb\",\"itemListElement\":[{\"@type\":\"ListItem\",\"position\":1,\"name\":\"Home\",\"item\":\"https:\\\/\\\/reform.ee\\\/riigikogu-valimised-2023\\\/\"},{\"@type\":\"ListItem\",\"position\":2,\"name\":\"Reformierakonna maksulangetus keskklassile\"}]},{\"@type\":\"WebSite\",\"@id\":\"https:\\\/\\\/reform.ee\\\/riigikogu-valimised-2023\\\/#website\",\"url\":\"https:\\\/\\\/reform.ee\\\/riigikogu-valimised-2023\\\/\",\"name\":\"Riigikogu valimised 2023\",\"description\":\"Reformierakond\",\"potentialAction\":[{\"@type\":\"SearchAction\",\"target\":{\"@type\":\"EntryPoint\",\"urlTemplate\":\"https:\\\/\\\/reform.ee\\\/riigikogu-valimised-2023\\\/?s={search_term_string}\"},\"query-input\":{\"@type\":\"PropertyValueSpecification\",\"valueRequired\":true,\"valueName\":\"search_term_string\"}}],\"inLanguage\":\"en\"}]}<\/script>\n<!-- \/ Yoast SEO plugin. -->","yoast_head_json":{"title":"Reformierakonna maksulangetus keskklassile | Reformierakond | Riigikogu valimised 2023","description":"Kaotame maksuk\u00fc\u00fcru. Teeme 700 eurot kuus maksuvabaks k\u00f5igile. Inimesele j\u00e4tab see aastas t\u00e4iendavalt k\u00e4tte kuni 1680 eurot.","robots":{"index":"index","follow":"follow","max-snippet":"max-snippet:-1","max-image-preview":"max-image-preview:large","max-video-preview":"max-video-preview:-1"},"canonical":"https:\/\/reform.ee\/tulumaks\/","og_locale":"en_US","og_type":"article","og_title":"Reformierakonna maksulangetus keskklassile | Reformierakond | Riigikogu valimised 2023","og_description":"Kaotame maksuk\u00fc\u00fcru. Teeme 700 eurot kuus maksuvabaks k\u00f5igile. Inimesele j\u00e4tab see aastas t\u00e4iendavalt k\u00e4tte kuni 1680 eurot.","og_url":"https:\/\/reform.ee\/tulumaks\/","og_site_name":"Riigikogu valimised 2023","article_publisher":"https:\/\/www.facebook.com\/reformierakond","article_modified_time":"2024-03-22T13:24:05+00:00","og_image":[{"width":1200,"height":630,"url":"https:\/\/reform.ee\/riigikogu-valimised-2023\/wp-content\/uploads\/2022\/12\/Kindlates-kates-Eesti-Riigikogu-valimised-2023.jpg","type":"image\/jpeg"}],"twitter_card":"summary_large_image","twitter_description":"Kaotame maksuk\u00fc\u00fcru. Teeme 700 eurot kuus maksuvabaks k\u00f5igile. Inimesele j\u00e4tab see aastas t\u00e4iendavalt k\u00e4tte kuni 1680 eurot.","twitter_image":"https:\/\/reform.ee\/riigikogu-valimised-2023\/wp-content\/uploads\/2022\/12\/Kindlates-kates-Eesti-Riigikogu-valimised-2023.jpg","twitter_site":"@reformikad","twitter_misc":{"Est. reading time":"1 minute"},"schema":{"@context":"https:\/\/schema.org","@graph":[{"@type":"WebPage","@id":"https:\/\/reform.ee\/riigikogu-valimised-2023\/tulumaks\/","url":"https:\/\/reform.ee\/tulumaks\/","name":"Reformierakonna maksulangetus keskklassile | Reformierakond | Riigikogu valimised 2023","isPartOf":{"@id":"https:\/\/reform.ee\/riigikogu-valimised-2023\/#website"},"primaryImageOfPage":{"@id":"https:\/\/reform.ee\/tulumaks\/#primaryimage"},"image":{"@id":"https:\/\/reform.ee\/tulumaks\/#primaryimage"},"thumbnailUrl":"https:\/\/reform.ee\/riigikogu-valimised-2023\/wp-content\/uploads\/2024\/02\/TMReformi-voit-1024x1024.jpeg","datePublished":"2022-12-14T13:09:19+00:00","dateModified":"2024-03-22T13:24:05+00:00","description":"Kaotame maksuk\u00fc\u00fcru. Teeme 700 eurot kuus maksuvabaks k\u00f5igile. Inimesele j\u00e4tab see aastas t\u00e4iendavalt k\u00e4tte kuni 1680 eurot.","breadcrumb":{"@id":"https:\/\/reform.ee\/tulumaks\/#breadcrumb"},"inLanguage":"en","potentialAction":[{"@type":"ReadAction","target":["https:\/\/reform.ee\/tulumaks\/"]}]},{"@type":"ImageObject","inLanguage":"en","@id":"https:\/\/reform.ee\/tulumaks\/#primaryimage","url":"https:\/\/reform.ee\/riigikogu-valimised-2023\/wp-content\/uploads\/2024\/02\/TMReformi-voit.jpeg","contentUrl":"https:\/\/reform.ee\/riigikogu-valimised-2023\/wp-content\/uploads\/2024\/02\/TMReformi-voit.jpeg","width":1600,"height":1600},{"@type":"BreadcrumbList","@id":"https:\/\/reform.ee\/tulumaks\/#breadcrumb","itemListElement":[{"@type":"ListItem","position":1,"name":"Home","item":"https:\/\/reform.ee\/riigikogu-valimised-2023\/"},{"@type":"ListItem","position":2,"name":"Reformierakonna maksulangetus keskklassile"}]},{"@type":"WebSite","@id":"https:\/\/reform.ee\/riigikogu-valimised-2023\/#website","url":"https:\/\/reform.ee\/riigikogu-valimised-2023\/","name":"Riigikogu valimised 2023","description":"Reformierakond","potentialAction":[{"@type":"SearchAction","target":{"@type":"EntryPoint","urlTemplate":"https:\/\/reform.ee\/riigikogu-valimised-2023\/?s={search_term_string}"},"query-input":{"@type":"PropertyValueSpecification","valueRequired":true,"valueName":"search_term_string"}}],"inLanguage":"en"}]}},"_links":{"self":[{"href":"https:\/\/reform.ee\/riigikogu-valimised-2023\/wp-json\/wp\/v2\/pages\/1406","targetHints":{"allow":["GET"]}}],"collection":[{"href":"https:\/\/reform.ee\/riigikogu-valimised-2023\/wp-json\/wp\/v2\/pages"}],"about":[{"href":"https:\/\/reform.ee\/riigikogu-valimised-2023\/wp-json\/wp\/v2\/types\/page"}],"author":[{"embeddable":true,"href":"https:\/\/reform.ee\/riigikogu-valimised-2023\/wp-json\/wp\/v2\/users\/5"}],"replies":[{"embeddable":true,"href":"https:\/\/reform.ee\/riigikogu-valimised-2023\/wp-json\/wp\/v2\/comments?post=1406"}],"version-history":[{"count":90,"href":"https:\/\/reform.ee\/riigikogu-valimised-2023\/wp-json\/wp\/v2\/pages\/1406\/revisions"}],"predecessor-version":[{"id":5338,"href":"https:\/\/reform.ee\/riigikogu-valimised-2023\/wp-json\/wp\/v2\/pages\/1406\/revisions\/5338"}],"wp:attachment":[{"href":"https:\/\/reform.ee\/riigikogu-valimised-2023\/wp-json\/wp\/v2\/media?parent=1406"}],"curies":[{"name":"wp","href":"https:\/\/api.w.org\/{rel}","templated":true}]}}