{"id":12,"date":"2022-10-04T12:18:41","date_gmt":"2022-10-04T12:18:41","guid":{"rendered":"https:\/\/reform.ee\/riigikogu-valimised-2023\/?page_id=12"},"modified":"2023-02-18T11:26:56","modified_gmt":"2023-02-18T09:26:56","slug":"riigikogu-valimised-2023-2","status":"publish","type":"page","link":"https:\/\/reform.ee\/riigikogu-valimised-2023\/","title":{"rendered":"Reformierakond"},"content":{"rendered":"<section class=\"text-image right square \">\r\n  <div class=\"text-image__image\">\r\n    <img decoding=\"async\" src=\"https:\/\/reform.ee\/riigikogu-valimised-2023\/wp-content\/uploads\/2022\/12\/Kindlates-kates-Eesti_Kaja_Kallas.jpg\" alt=\"Kindlates k\u00e4tes Eesti Kaja Kallas\" \/>\r\n  <\/div>\r\n  <div class=\"text-image__content\">\r\n    <h2 class=\"text-image__content-title\">Kindlates k\u00e4tes Eesti<\/h2>\r\n    <div class=\"text-image__content-text\"><p><span style=\"color: #0000aa; font-size: 20px;\">Reformierakonna juhtimisel on Eesti riik hoitud kindlates k\u00e4tes. Kindlates k\u00e4tes Eesti t\u00e4hendab kindlates k\u00e4tes julgeolekut ja liitlassuhteid, toimetulekut, majandust ja ettev\u00f5tlust, v\u00e4lispoliitikat, tervishoidu ja kindlates k\u00e4tes kvaliteetset eestikeelset haridust. Kindlak\u00e4eliselt juhitud riiki, kus Pika Hermanni tornis lehvib n\u00fc\u00fcd ja igavesti sinimustvalge lipp.<\/span><\/p>\n<p><span style=\"color: #0000aa; font-size: 20px;\">Oleme liitlaste jaoks usaldusv\u00e4\u00e4rne partner, keda kuulatakse ja kellega arvestatakse. Reformierakonna kindlak\u00e4elisel juhtimisel p\u00fcsib Eesti koos s\u00f5prade ja liitlastega l\u00e4\u00e4nelikus v\u00e4\u00e4rtusruumis. Eesti majanduse ja ettev\u00f5tete konkurentsiv\u00f5ime tagamiseks suurendame Eesti energiajulgeolekut, kiirendades uute energiallikate kasutuselev\u00f5ttu, mille tulemusena saavad paremini hakkama t\u00f6\u00f6inimesed, lastega pered ja eakad.<\/span><\/p>\n<p><span style=\"color: #0000aa; font-size: 20px;\">Reformierakonnaga on Eesti kindlates k\u00e4tes!<\/span><\/p>\n<p><span style=\"color: #0000aa; font-size: 20px;\">Riigikogu valimistel vali kindlates k\u00e4tes tulevik, vali Reformierakond!<\/span><\/p>\n<p><a href=\"https:\/\/reform.ee\/riigikogu-valimised-2023\/harju-ja-raplamaa\/kandidaat\/kaja-kallas\/\"><span style=\"color: #0000aa; font-size: 20px;\">Kaja Kallas<\/span><\/a><br \/>\n<span style=\"color: #0000aa; font-size: 20px;\">Peaminister<\/span><\/p>\n<\/div>\r\n      <\/div>\r\n<\/section>\r\n\n\n<section class=\"text-image left square \">\r\n  <div class=\"text-image__image\">\r\n    <img decoding=\"async\" src=\"https:\/\/reform.ee\/riigikogu-valimised-2023\/wp-content\/uploads\/2022\/12\/Kindlates-Kates_Julgeolek.png\" alt=\"Kindlates K\u00e4tes Julgeolek\" \/>\r\n  <\/div>\r\n  <div class=\"text-image__content\">\r\n    <h2 class=\"text-image__content-title\">Kindlates k\u00e4tes julgeolek!<\/h2>\r\n    <div class=\"text-image__content-text\"><ul>\n<li>T\u00f5stame ja hoiame <a href=\"https:\/\/reform.ee\/riigikogu-valimised-2023\/valimisprogramm\/julgeolek-ja-riigikaitse\/#riigikaitse\">riigikaitsekulud<\/a> \u00fcle 3% SKPst.<\/li>\n<li><a href=\"https:\/\/reform.ee\/riigikogu-valimised-2023\/valimisprogramm\/julgeolek-ja-riigikaitse\/#kaitsev\u00e4gi\">Keskmaa \u00f5hut\u00f5rje<\/a> Eestisse 2025.aastaks!<\/li>\n<li>T\u00f5stame oluliselt <a href=\"https:\/\/reform.ee\/riigikogu-valimised-2023\/valimisprogramm\/julgeolek-ja-riigikaitse\/#kaitseliit\">Kaitseliidu v\u00f5imekust<\/a>, suurendades maakaitse isikkoosseisu kahekordseks ehk 20 000 inimeseni.<\/li>\n<li>Loome <a href=\"https:\/\/reform.ee\/riigikogu-valimised-2023\/valimisprogramm\/julgeolek-ja-riigikaitse\/#kaitsev\u00e4gi\">Eesti kaitsmiseks diviisisuuruse \u00fcksuse<\/a>, kuhu kuulub liitlaste brigaad.<\/li>\n<li>Muudame <a href=\"https:\/\/reform.ee\/riigikogu-valimised-2023\/valimisprogramm\/julgeolek-ja-riigikaitse\/#riigikaitseopetus\">riigikaitse\u00f5ppe<\/a> osaks g\u00fcmnaasiumi \u00f5ppekavast.<\/li>\n<li>Peatame Venemaa kodanike valimis\u00f5iguse KOVi valimistel.<\/li>\n<\/ul>\n<p>Tutvu valimisprogrammiga: <a href=\"https:\/\/reform.ee\/riigikogu-valimised-2023\/valimisprogramm\/julgeolek-ja-riigikaitse\/\">Kindlates k\u00e4tes julgeolek ja riigikaitse<\/a><\/p>\n<\/div>\r\n      <\/div>\r\n<\/section>\r\n\n\n<section class=\"text-image right square \">\r\n  <div class=\"text-image__image\">\r\n    <img decoding=\"async\" src=\"https:\/\/reform.ee\/riigikogu-valimised-2023\/wp-content\/uploads\/2022\/12\/Kindlates-Kates_Majandus.png\" alt=\"Kindlates K\u00e4tes Majandus\" \/>\r\n  <\/div>\r\n  <div class=\"text-image__content\">\r\n    <h2 class=\"text-image__content-title\">Kindlates k\u00e4tes majandus!<\/h2>\r\n    <div class=\"text-image__content-text\"><ul>\n<li>Kehtestame <a href=\"https:\/\/reform.ee\/riigikogu-valimised-2023\/valimisprogramm\/majandus-ja-rahandus\/#uhetaolisedmaksud\">lihtsa ja \u00fchetaolise maksus\u00fcsteemi<\/a>, 700 eurot tulumaksuvabaks k\u00f5igile.<\/li>\n<li>Loome majandus- ja maksukeskkonna, mis toob Eestisse uusi <a href=\"https:\/\/reform.ee\/riigikogu-valimised-2023\/valimisprogramm\/majandus-ja-rahandus\/#avatudmajandus\">investeeringuid ja k\u00f5rgepalgalised t\u00f6\u00f6kohad<\/a>.<\/li>\n<li>Rajame <a href=\"https:\/\/reform.ee\/riigikogu-valimised-2023\/valimisprogramm\/majandus-ja-rahandus\/#uhendused\">s\u00e4\u00e4stlikke ja turvalisi \u00fchendusi<\/a> \u2013 toome Eestisse uued rongid ja ehitame l\u00f5puni Rail Balticu.<\/li>\n<li>Hoiame <a href=\"https:\/\/reform.ee\/riigikogu-valimised-2023\/valimisprogramm\/majandus-ja-rahandus\/#korrasrahandus\">riigi rahanduse korras<\/a>, p\u00fcsikuludeks laenu ei v\u00f5ta!<\/li>\n<li>Planeerime taastuvenergia v\u00f5imsusi s\u00f5jaaja kiirusega, muutes Eesti <a href=\"https:\/\/reform.ee\/riigikogu-valimised-2023\/valimisprogramm\/majandus-ja-rahandus\/\/#energia\">energias\u00f5ltumatuks<\/a>.<\/li>\n<\/ul>\n<p>Tutvu valimisprogrammiga: <a href=\"https:\/\/reform.ee\/riigikogu-valimised-2023\/valimisprogramm\/majandus-ja-rahandus\/\">Kindlates k\u00e4tes majandus ja rahandus.<\/a><\/p>\n<\/div>\r\n      <\/div>\r\n<\/section>\r\n\n\n<section class=\"text-image left square \">\r\n  <div class=\"text-image__image\">\r\n    <img decoding=\"async\" src=\"https:\/\/reform.ee\/riigikogu-valimised-2023\/wp-content\/uploads\/2022\/12\/Kindlates-Kates_Haridus.png\" alt=\"Kindlates K\u00e4tes Haridus\" \/>\r\n  <\/div>\r\n  <div class=\"text-image__content\">\r\n    <h2 class=\"text-image__content-title\">Kindlates k\u00e4tes haridus!<\/h2>\r\n    <div class=\"text-image__content-text\"><ul>\n<li>\u00dcleminek <a href=\"https:\/\/reform.ee\/riigikogu-valimised-2023\/valimisprogramm\/haridus-ja-noored\/#eestikeelneharidus\">\u00fchtsele eestikeelsele haridusele<\/a> algab 2024. aastast.<\/li>\n<li><a href=\"https:\/\/reform.ee\/riigikogu-valimised-2023\/valimisprogramm\/haridus-ja-noored\/#opetajatepalk\">T\u00f5stame \u00f5petaja palga 120% keskmisest palgast<\/a>.<\/li>\n<li>Kasvatame <a href=\"https:\/\/reform.ee\/riigikogu-valimised-2023\/valimisprogramm\/haridus-ja-noored\/#korgharidus\">k\u00f5rghariduse<\/a> rahastamist 15% igal aastal.<\/li>\n<li>Suurendame <a href=\"https:\/\/reform.ee\/riigikogu-valimised-2023\/valimisprogramm\/haridus-ja-noored\/#teadus\">teadus- ja arendustegevuse<\/a> rahastust 1,5% SKPst.<\/li>\n<li>Muudame <a href=\"https:\/\/reform.ee\/riigikogu-valimised-2023\/valimisprogramm\/haridus-ja-noored\/#vaimnetervis\">vaimse tervise<\/a> abi k\u00e4ttesaadavamaks.<\/li>\n<li><a href=\"https:\/\/reform.ee\/riigikogu-valimised-2023\/valimisprogramm\/regionaalpoliitika\/#lasteaiakohatasu\">Kaotame lasteaia kohatasu<\/a>.<\/li>\n<\/ul>\n<p>Tutvu valimisprogrammiga:\u00a0<a href=\"https:\/\/reform.ee\/riigikogu-valimised-2023\/valimisprogramm\/haridus-ja-noored\/\">Kindlates k\u00e4tes haridus ja noored.<\/a><\/p>\n<\/div>\r\n      <\/div>\r\n<\/section>\r\n\n\n<section class=\"text-image right square \">\r\n  <div class=\"text-image__image\">\r\n    <img decoding=\"async\" src=\"https:\/\/reform.ee\/riigikogu-valimised-2023\/wp-content\/uploads\/2022\/12\/Kindlates-Kates_Eakad.png\" alt=\"Kindlates K\u00e4tes Eakad\" \/>\r\n  <\/div>\r\n  <div class=\"text-image__content\">\r\n    <h2 class=\"text-image__content-title\">Kindlates k\u00e4tes vanadusp\u00f5lv!<\/h2>\r\n    <div class=\"text-image__content-text\"><ul>\n<li><a href=\"https:\/\/reform.ee\/riigikogu-valimised-2023\/valimisprogramm\/sotsiaalpoliitika-ja-tervishoid\/#pension\">Keskmine vanaduspension 1000 eurot<\/a>!<\/li>\n<li><a href=\"https:\/\/reform.ee\/riigikogu-valimised-2023\/valimisprogramm\/sotsiaalpoliitika-ja-tervishoid\/#pension\">T\u00f5stame pensioni nelja aastaga 400 eurot<\/a>.<\/li>\n<li>Hoiame keskmise pensioni <a href=\"https:\/\/reform.ee\/riigikogu-valimised-2023\/valimisprogramm\/sotsiaalpoliitika-ja-tervishoid\/#pension\">tulumaksuvaba<\/a>.<\/li>\n<li>Rakendame hooldereformi ja <a href=\"https:\/\/reform.ee\/riigikogu-valimised-2023\/valimisprogramm\/sotsiaalpoliitika-ja-tervishoid\/#hooldereform\">toetame koduteenuse suurendamist<\/a>.<\/li>\n<li><a href=\"https:\/\/reform.ee\/riigikogu-valimised-2023\/valimisprogramm\/sotsiaalpoliitika-ja-tervishoid\/#hooldereform\">Hooldekodukoht<\/a> pensioni eest!<\/li>\n<\/ul>\n<p>Tutvu valimisprogrammiga: <a href=\"https:\/\/reform.ee\/riigikogu-valimised-2023\/valimisprogramm\/sotsiaalpoliitika-ja-tervishoid\/\">Kindlates k\u00e4tes\u00a0sotsiaalpoliitika ja tervishoid.<\/a><\/p>\n<\/div>\r\n      <\/div>\r\n<\/section>\r\n","protected":false},"excerpt":{"rendered":"","protected":false},"author":2,"featured_media":0,"parent":0,"menu_order":0,"comment_status":"closed","ping_status":"closed","template":"page-home.php","meta":{"_acf_changed":false,"footnotes":""},"class_list":["post-12","page","type-page","status-publish","hentry"],"acf":[],"yoast_head":"<!-- This site is optimized with the Yoast SEO plugin v27.3 - https:\/\/yoast.com\/product\/yoast-seo-wordpress\/ -->\n<title>Reformierakond | Riigikogu valimised 2023<\/title>\n<meta name=\"description\" content=\"Riigikogu valimised 2023: Eel- ja elektrooniline h\u00e4\u00e4letamine toimub 27. veebruar \u2013 4. m\u00e4rts 2023. Valimisp\u00e4ev 5. m\u00e4rts 2023.\" \/>\n<meta name=\"robots\" content=\"index, follow, max-snippet:-1, max-image-preview:large, max-video-preview:-1\" \/>\n<link rel=\"canonical\" href=\"https:\/\/reform.ee\/riigikogu-valimised-2023\/\" \/>\n<meta property=\"og:locale\" content=\"en_US\" \/>\n<meta property=\"og:type\" content=\"article\" \/>\n<meta property=\"og:title\" content=\"Reformierakond | Kindlates k\u00e4tes Eesti!\" \/>\n<meta property=\"og:description\" content=\"VALIDES Riigikogu valimistel REFORMIERAKONDA on Eesti kindlates k\u00e4tes. Kindlates k\u00e4tes Eesti t\u00e4hendab kindlates k\u00e4tes julgeolekut ja liitlassuhteid, toimetulekut, majandust ja ettev\u00f5tlust, v\u00e4lispoliitikat, tervishoidu ja kvaliteetset eestikeelset haridust.\" \/>\n<meta property=\"og:url\" content=\"https:\/\/reform.ee\/riigikogu-valimised-2023\/\" \/>\n<meta property=\"og:site_name\" content=\"Riigikogu valimised 2023\" \/>\n<meta property=\"article:publisher\" content=\"https:\/\/www.facebook.com\/reformierakond\" \/>\n<meta property=\"article:modified_time\" content=\"2023-02-18T09:26:56+00:00\" \/>\n<meta property=\"og:image\" content=\"https:\/\/reform.ee\/riigikogu-valimised-2023\/wp-content\/uploads\/2022\/12\/Kindlates-kates-Eesti-Riigikogu-valimised-2023.jpg\" \/>\n\t<meta property=\"og:image:width\" content=\"1200\" \/>\n\t<meta property=\"og:image:height\" content=\"630\" \/>\n\t<meta property=\"og:image:type\" content=\"image\/jpeg\" \/>\n<meta name=\"twitter:card\" content=\"summary_large_image\" \/>\n<meta name=\"twitter:title\" content=\"Kindlates k\u00e4tes Eesti!\" \/>\n<meta name=\"twitter:description\" content=\"VALIDES Riigikogu valimistel REFORMIERAKONDA on Eesti kindlates k\u00e4tes. Kindlates k\u00e4tes Eesti t\u00e4hendab kindlates k\u00e4tes julgeolekut ja liitlassuhteid, toimetulekut, majandust ja ettev\u00f5tlust, v\u00e4lispoliitikat, tervishoidu ja kvaliteetset eestikeelset haridust.\" \/>\n<meta name=\"twitter:image\" content=\"https:\/\/reform.ee\/riigikogu-valimised-2023\/wp-content\/uploads\/2022\/12\/Kindlates-kates-Eesti-Riigikogu-valimised-2023.jpg\" \/>\n<meta name=\"twitter:site\" content=\"@reformikad\" \/>\n<script type=\"application\/ld+json\" class=\"yoast-schema-graph\">{\"@context\":\"https:\\\/\\\/schema.org\",\"@graph\":[{\"@type\":\"WebPage\",\"@id\":\"https:\\\/\\\/reform.ee\\\/riigikogu-valimised-2023\\\/\",\"url\":\"https:\\\/\\\/reform.ee\\\/riigikogu-valimised-2023\\\/\",\"name\":\"Reformierakond | Riigikogu valimised 2023\",\"isPartOf\":{\"@id\":\"https:\\\/\\\/reform.ee\\\/riigikogu-valimised-2023\\\/#website\"},\"datePublished\":\"2022-10-04T12:18:41+00:00\",\"dateModified\":\"2023-02-18T09:26:56+00:00\",\"description\":\"Riigikogu valimised 2023: Eel- ja elektrooniline h\u00e4\u00e4letamine toimub 27. veebruar \u2013 4. m\u00e4rts 2023. Valimisp\u00e4ev 5. m\u00e4rts 2023.\",\"breadcrumb\":{\"@id\":\"https:\\\/\\\/reform.ee\\\/riigikogu-valimised-2023\\\/#breadcrumb\"},\"inLanguage\":\"en\",\"potentialAction\":[{\"@type\":\"ReadAction\",\"target\":[\"https:\\\/\\\/reform.ee\\\/riigikogu-valimised-2023\\\/\"]}]},{\"@type\":\"BreadcrumbList\",\"@id\":\"https:\\\/\\\/reform.ee\\\/riigikogu-valimised-2023\\\/#breadcrumb\",\"itemListElement\":[{\"@type\":\"ListItem\",\"position\":1,\"name\":\"Home\",\"item\":\"https:\\\/\\\/reform.ee\\\/riigikogu-valimised-2023\\\/\"},{\"@type\":\"ListItem\",\"position\":2,\"name\":\"Reformierakond\"}]},{\"@type\":\"WebSite\",\"@id\":\"https:\\\/\\\/reform.ee\\\/riigikogu-valimised-2023\\\/#website\",\"url\":\"https:\\\/\\\/reform.ee\\\/riigikogu-valimised-2023\\\/\",\"name\":\"Riigikogu valimised 2023\",\"description\":\"Reformierakond\",\"potentialAction\":[{\"@type\":\"SearchAction\",\"target\":{\"@type\":\"EntryPoint\",\"urlTemplate\":\"https:\\\/\\\/reform.ee\\\/riigikogu-valimised-2023\\\/?s={search_term_string}\"},\"query-input\":{\"@type\":\"PropertyValueSpecification\",\"valueRequired\":true,\"valueName\":\"search_term_string\"}}],\"inLanguage\":\"en\"}]}<\/script>\n<!-- \/ Yoast SEO plugin. -->","yoast_head_json":{"title":"Reformierakond | Riigikogu valimised 2023","description":"Riigikogu valimised 2023: Eel- ja elektrooniline h\u00e4\u00e4letamine toimub 27. veebruar \u2013 4. m\u00e4rts 2023. Valimisp\u00e4ev 5. m\u00e4rts 2023.","robots":{"index":"index","follow":"follow","max-snippet":"max-snippet:-1","max-image-preview":"max-image-preview:large","max-video-preview":"max-video-preview:-1"},"canonical":"https:\/\/reform.ee\/riigikogu-valimised-2023\/","og_locale":"en_US","og_type":"article","og_title":"Reformierakond | Kindlates k\u00e4tes Eesti!","og_description":"VALIDES Riigikogu valimistel REFORMIERAKONDA on Eesti kindlates k\u00e4tes. Kindlates k\u00e4tes Eesti t\u00e4hendab kindlates k\u00e4tes julgeolekut ja liitlassuhteid, toimetulekut, majandust ja ettev\u00f5tlust, v\u00e4lispoliitikat, tervishoidu ja kvaliteetset eestikeelset haridust.","og_url":"https:\/\/reform.ee\/riigikogu-valimised-2023\/","og_site_name":"Riigikogu valimised 2023","article_publisher":"https:\/\/www.facebook.com\/reformierakond","article_modified_time":"2023-02-18T09:26:56+00:00","og_image":[{"width":1200,"height":630,"url":"https:\/\/reform.ee\/riigikogu-valimised-2023\/wp-content\/uploads\/2022\/12\/Kindlates-kates-Eesti-Riigikogu-valimised-2023.jpg","type":"image\/jpeg"}],"twitter_card":"summary_large_image","twitter_title":"Kindlates k\u00e4tes Eesti!","twitter_description":"VALIDES Riigikogu valimistel REFORMIERAKONDA on Eesti kindlates k\u00e4tes. Kindlates k\u00e4tes Eesti t\u00e4hendab kindlates k\u00e4tes julgeolekut ja liitlassuhteid, toimetulekut, majandust ja ettev\u00f5tlust, v\u00e4lispoliitikat, tervishoidu ja kvaliteetset eestikeelset haridust.","twitter_image":"https:\/\/reform.ee\/riigikogu-valimised-2023\/wp-content\/uploads\/2022\/12\/Kindlates-kates-Eesti-Riigikogu-valimised-2023.jpg","twitter_site":"@reformikad","schema":{"@context":"https:\/\/schema.org","@graph":[{"@type":"WebPage","@id":"https:\/\/reform.ee\/riigikogu-valimised-2023\/","url":"https:\/\/reform.ee\/riigikogu-valimised-2023\/","name":"Reformierakond | Riigikogu valimised 2023","isPartOf":{"@id":"https:\/\/reform.ee\/riigikogu-valimised-2023\/#website"},"datePublished":"2022-10-04T12:18:41+00:00","dateModified":"2023-02-18T09:26:56+00:00","description":"Riigikogu valimised 2023: Eel- ja elektrooniline h\u00e4\u00e4letamine toimub 27. veebruar \u2013 4. m\u00e4rts 2023. Valimisp\u00e4ev 5. m\u00e4rts 2023.","breadcrumb":{"@id":"https:\/\/reform.ee\/riigikogu-valimised-2023\/#breadcrumb"},"inLanguage":"en","potentialAction":[{"@type":"ReadAction","target":["https:\/\/reform.ee\/riigikogu-valimised-2023\/"]}]},{"@type":"BreadcrumbList","@id":"https:\/\/reform.ee\/riigikogu-valimised-2023\/#breadcrumb","itemListElement":[{"@type":"ListItem","position":1,"name":"Home","item":"https:\/\/reform.ee\/riigikogu-valimised-2023\/"},{"@type":"ListItem","position":2,"name":"Reformierakond"}]},{"@type":"WebSite","@id":"https:\/\/reform.ee\/riigikogu-valimised-2023\/#website","url":"https:\/\/reform.ee\/riigikogu-valimised-2023\/","name":"Riigikogu valimised 2023","description":"Reformierakond","potentialAction":[{"@type":"SearchAction","target":{"@type":"EntryPoint","urlTemplate":"https:\/\/reform.ee\/riigikogu-valimised-2023\/?s={search_term_string}"},"query-input":{"@type":"PropertyValueSpecification","valueRequired":true,"valueName":"search_term_string"}}],"inLanguage":"en"}]}},"_links":{"self":[{"href":"https:\/\/reform.ee\/riigikogu-valimised-2023\/wp-json\/wp\/v2\/pages\/12","targetHints":{"allow":["GET"]}}],"collection":[{"href":"https:\/\/reform.ee\/riigikogu-valimised-2023\/wp-json\/wp\/v2\/pages"}],"about":[{"href":"https:\/\/reform.ee\/riigikogu-valimised-2023\/wp-json\/wp\/v2\/types\/page"}],"author":[{"embeddable":true,"href":"https:\/\/reform.ee\/riigikogu-valimised-2023\/wp-json\/wp\/v2\/users\/2"}],"replies":[{"embeddable":true,"href":"https:\/\/reform.ee\/riigikogu-valimised-2023\/wp-json\/wp\/v2\/comments?post=12"}],"version-history":[{"count":378,"href":"https:\/\/reform.ee\/riigikogu-valimised-2023\/wp-json\/wp\/v2\/pages\/12\/revisions"}],"predecessor-version":[{"id":5063,"href":"https:\/\/reform.ee\/riigikogu-valimised-2023\/wp-json\/wp\/v2\/pages\/12\/revisions\/5063"}],"wp:attachment":[{"href":"https:\/\/reform.ee\/riigikogu-valimised-2023\/wp-json\/wp\/v2\/media?parent=12"}],"curies":[{"name":"wp","href":"https:\/\/api.w.org\/{rel}","templated":true}]}}