{"id":1173,"date":"2022-12-07T18:08:14","date_gmt":"2022-12-07T16:08:14","guid":{"rendered":"https:\/\/reform.ee\/riigikogu-valimised-2023\/?page_id=1173"},"modified":"2023-01-11T16:13:15","modified_gmt":"2023-01-11T14:13:15","slug":"reformierakonna-julgeolekutuur","status":"publish","type":"page","link":"https:\/\/reform.ee\/riigikogu-valimised-2023\/reformierakonna-julgeolekutuur\/","title":{"rendered":"Reformierakonna julgeolekutuur"},"content":{"rendered":"\n<p>Muutlikel aegadel on oluline hoida kokku, sest ainult sel moel saame \u00fcheskoos raskustest \u00fcle. Muutunud julgeolekuolukorraga maailmas n\u00e4eme, kui olulised on liitlased ning kui t\u00e4htis roll on liitlassuhetel. Euroopa Liit ja NATO on Eesti suurimaks liitlaseks, et oleksime t\u00e4htsate otsuste tegemise juures ning v\u00f5rdv\u00e4\u00e4rse partnerina laua taga. Nii saame olla kindlad, et meie arvamust kuulatakse ning sellega arvestatakse.<\/p>\n\n\n\n<p>Reformierakond alustas oma \u00fcle-eestilise julgeolekutuuriga, kus erakonna liikmed ning uued liitujad arutlevad p\u00e4evakajalistel teemadel. Alustades sellest, kuidas hoida kindlates k\u00e4tes julgeolekut ning liitlassuhteid, kuidas hoida kindlates k\u00e4tes meie inimesi ja nende toimetulekut, kuidas hoida kindlates k\u00e4tes tervishoidu ja eestikeelset haridust ehk kuidas juhtida kindlak\u00e4eliselt Eesti riiki. Alates septembrist toimuvad Eesti erinevates paikades avalikud kohtumised, kus arutleme, kuidas haritud ja tark rahvas saab hoida Eesti julgeolekut.<\/p>\n\n\n\n<h2 class=\"wp-block-heading\">Missuguseid julgeolekuvaldkondi peame Eestis hoidma kindlates k\u00e4tes?<\/h2>\n\n\n\n<p><strong>S\u00f5jaline julgeolek<\/strong> on kindlates k\u00e4tes, kui meil on h\u00e4sti varustatud ning v\u00e4lja \u00f5petatud Eesti Kaitsev\u00e4gi koos liitlaste toega. Meie iseseisvuse garantii on kollektiivkaitse ning laiapindne riigikaitse, kus on igal inimesel oma kindel roll riigi vabaduse hoidmisel.<\/p>\n\n\n\n<p><strong>Energiajulgeolek<\/strong> on kindlates k\u00e4tes, kui meil on s\u00f5ltumatud energia tootmisv\u00f5imekused, mis tagavad Eestile varustuskindluse ning toetavad kliimaeesm\u00e4rkide saavutamist. Peame olema t\u00e4ielikult s\u00f5ltumatud Venemaa energiast, ent samas tagama meie inimestele taskukohase hinnaga energiat.&nbsp;<\/p>\n\n\n\n<p><strong>Haridusjulgeolek<\/strong> on kindlates k\u00e4tes, kui meil on \u00fchtne ning kvaliteetne eestikeelne hariduss\u00fcsteem, kus v\u00e4\u00e4rtustatakse \u00f5petajaid ja l\u00e4henetakse \u00f5pilastele v\u00f5imalikult individuaalselt. Hariduss\u00fcsteem peab looma \u00fchtses inforuumis m\u00f5tleva \u00fchiskonna.<\/p>\n\n\n\n<p><strong>Majandusjulgeolek<\/strong> on kindlates k\u00e4tes, kui meil on konkurentsiv\u00f5imeline maksus\u00fcsteem ja majanduskeskkond, mis on atraktiivne ka v\u00e4lisinvestorite silmis. Turut\u00f5rgete korral on riik valmis tulema appi, kuid tavaolukorras peab majandus toimima turumajanduse p\u00f5hit\u00f5dede j\u00e4rgi. Teisis\u00f5nu peab riigi roll majanduses olema minimaalne.<\/p>\n\n\n\n<p><strong>Kliimajulgeolek<\/strong> on kindlates k\u00e4tes, kui meie maavaraliste ressursside kasutus on korraldatud heaperemehelikult, arvestades k\u00f5iki kaasnevaid keskkonna- ja kliimaaspekte. Eelk\u00f5ige peame v\u00e4\u00e4rtustama rohelisele tulevikule suunatud lahendusi, mis tagaksid j\u00e4tkusuutliku ja rohep\u00f6\u00f6rdeks valmis \u00fchiskonna.<\/p>\n\n\n\n<p><strong>Ps\u00fchholoogiline julgeolek <\/strong>on kindlates k\u00e4tes, kui meie inimesed on hoitud ja neil on tagatud k\u00f5ik v\u00f5imalused abi ja n\u00f5ustamise jaoks. Riik, kus inimesed on m\u00e4rgatud ning neist hoolitakse. F\u00fc\u00fcsiline ja vaimne tervis k\u00e4ivad k\u00e4sik\u00e4es ning vaimse tervise mured vajavad t\u00e4helepanu.&nbsp;<\/p>\n\n\n\n<p>\u00c4revas ning muutlikus julgeolekuolukorras peame l\u00e4henema igale olukorrale lahendusega, kuidas on v\u00f5imalik sellega tugevdada meie riigi julgeolekut, et meie vabariik ja iseseisvus kestaks igavesti ning meie inimesed oleksid kindlates k\u00e4tes.&nbsp;<\/p>\n\n\n\n<p><\/p>\n\n\n\n<figure class=\"wp-block-gallery has-nested-images columns-default is-cropped wp-block-gallery-1 is-layout-flex wp-block-gallery-is-layout-flex\">\n<figure class=\"wp-block-image size-large\"><img loading=\"lazy\" decoding=\"async\" width=\"1024\" height=\"683\" data-id=\"1528\" src=\"https:\/\/reform.ee\/riigikogu-valimised-2023\/wp-content\/uploads\/2022\/12\/narva-julgeolek-1024x683.jpeg\" alt=\"\" class=\"wp-image-1528\" srcset=\"https:\/\/reform.ee\/riigikogu-valimised-2023\/wp-content\/uploads\/2022\/12\/narva-julgeolek-1024x683.jpeg 1024w, https:\/\/reform.ee\/riigikogu-valimised-2023\/wp-content\/uploads\/2022\/12\/narva-julgeolek-300x200.jpeg 300w, https:\/\/reform.ee\/riigikogu-valimised-2023\/wp-content\/uploads\/2022\/12\/narva-julgeolek-768x512.jpeg 768w, https:\/\/reform.ee\/riigikogu-valimised-2023\/wp-content\/uploads\/2022\/12\/narva-julgeolek-1536x1025.jpeg 1536w, https:\/\/reform.ee\/riigikogu-valimised-2023\/wp-content\/uploads\/2022\/12\/narva-julgeolek-1619x1080.jpeg 1619w, https:\/\/reform.ee\/riigikogu-valimised-2023\/wp-content\/uploads\/2022\/12\/narva-julgeolek-512x342.jpeg 512w, https:\/\/reform.ee\/riigikogu-valimised-2023\/wp-content\/uploads\/2022\/12\/narva-julgeolek.jpeg 2048w\" sizes=\"auto, (max-width: 1024px) 100vw, 1024px\" \/><\/figure>\n\n\n\n<figure class=\"wp-block-image size-large\"><img loading=\"lazy\" decoding=\"async\" width=\"1024\" height=\"683\" data-id=\"1511\" src=\"https:\/\/reform.ee\/riigikogu-valimised-2023\/wp-content\/uploads\/2022\/12\/julgeolek-parnu-1024x683.jpeg\" alt=\"\" class=\"wp-image-1511\" srcset=\"https:\/\/reform.ee\/riigikogu-valimised-2023\/wp-content\/uploads\/2022\/12\/julgeolek-parnu-1024x683.jpeg 1024w, https:\/\/reform.ee\/riigikogu-valimised-2023\/wp-content\/uploads\/2022\/12\/julgeolek-parnu-300x200.jpeg 300w, https:\/\/reform.ee\/riigikogu-valimised-2023\/wp-content\/uploads\/2022\/12\/julgeolek-parnu-768x512.jpeg 768w, https:\/\/reform.ee\/riigikogu-valimised-2023\/wp-content\/uploads\/2022\/12\/julgeolek-parnu-1536x1024.jpeg 1536w, https:\/\/reform.ee\/riigikogu-valimised-2023\/wp-content\/uploads\/2022\/12\/julgeolek-parnu-512x341.jpeg 512w, https:\/\/reform.ee\/riigikogu-valimised-2023\/wp-content\/uploads\/2022\/12\/julgeolek-parnu.jpeg 1620w\" sizes=\"auto, (max-width: 1024px) 100vw, 1024px\" \/><\/figure>\n\n\n\n<figure class=\"wp-block-image size-full\"><img loading=\"lazy\" decoding=\"async\" width=\"768\" height=\"576\" data-id=\"1500\" src=\"https:\/\/reform.ee\/riigikogu-valimised-2023\/wp-content\/uploads\/2022\/12\/tartu.jpeg\" alt=\"\" class=\"wp-image-1500\" srcset=\"https:\/\/reform.ee\/riigikogu-valimised-2023\/wp-content\/uploads\/2022\/12\/tartu.jpeg 768w, https:\/\/reform.ee\/riigikogu-valimised-2023\/wp-content\/uploads\/2022\/12\/tartu-300x225.jpeg 300w, https:\/\/reform.ee\/riigikogu-valimised-2023\/wp-content\/uploads\/2022\/12\/tartu-512x384.jpeg 512w\" sizes=\"auto, (max-width: 768px) 100vw, 768px\" \/><\/figure>\n<\/figure>\n\n\n\n<p><\/p>\n\n\n\n<h3 class=\"wp-block-heading\"><strong>Toimunud julgeolekutuuri kohtumised:<\/strong><\/h3>\n\n\n\n<h4 class=\"wp-block-heading\">13.09 Harju- ja Raplamaa:<\/h4>\n\n\n\n<p><a href=\"https:\/\/reform.ee\/uudised\/reformierakond-alustas-keilas-julgeolekutuuriga\/\" target=\"_blank\" rel=\"noreferrer noopener\">&#8220;Haritud ja tark rahvas loob kaitstud riigi&#8221; \u2013 Kaja Kallas ja Mario Kadastik<\/a><\/p>\n\n\n\n<h4 class=\"wp-block-heading\">3.10 V\u00f5ru-, Valga- ja P\u00f5lvamaa:<\/h4>\n\n\n\n<p><a href=\"https:\/\/reform.ee\/uudised\/reformierakond-pidas-uue-julgeolekutuuri-kohtumise-otepaal\/\" target=\"_blank\" rel=\"noreferrer noopener\">&#8220;Haritud ja tark rahvas loob kaitstud riigi&#8221; \u2013 Liina Kersna ja Mait Klaassen<\/a><\/p>\n\n\n\n<h4 class=\"wp-block-heading\">10.10 Tallinn:<\/h4>\n\n\n\n<p><a href=\"https:\/\/reform.ee\/uudised\/tallinnas-toimus-reformierakonna-julgeolekutuur-kindlalt-kaitstud-riik\/\" target=\"_blank\" rel=\"noreferrer noopener\">&#8220;Kindlalt kaitstud riik&#8221; \u2013 Hanno Pevkur ja Igor Schvede<\/a><\/p>\n\n\n\n<h4 class=\"wp-block-heading\">1.11 Ida-Virumaa:<\/h4>\n\n\n\n<p><a href=\"https:\/\/reform.ee\/uudised\/reformierakonna-julgeolekutuur-kindlates-kates-julgeolek-joudis-narvasse\/\">&#8220;Kindlates k\u00e4tes julgeolek&#8221; \u2013 Andres Sutt ja Meelis Kiili<\/a><\/p>\n\n\n\n<h4 class=\"wp-block-heading\">8.11 Hiiu-, Saare- ja L\u00e4\u00e4nemaa:<\/h4>\n\n\n\n<p><a href=\"https:\/\/reform.ee\/uudised\/reformierakonna-julgeolekutuuril-astus-kuressaares-ules-peaminister-kaja-kallas\/\">&#8220;Kindlates k\u00e4tes julgeolek&#8221; \u2013 Kaja Kallas ja Kalle Laanet<\/a><\/p>\n\n\n\n<h4 class=\"wp-block-heading\"><strong>9.11 P\u00e4rnumaa:<\/strong><\/h4>\n\n\n\n<p><a href=\"https:\/\/reform.ee\/uudised\/eile-vaisas-reformierakonna-julgeolekutuur-suvepealinna-parnut\/\">&#8220;Kindlates k\u00e4tes energiajulgeolek!&#8221; \u2013 Annely Akkermann ja Kristen Michal<\/a><\/p>\n\n\n\n<h4 class=\"wp-block-heading\"><strong>17.11 Tartu:<\/strong><\/h4>\n\n\n\n<p><a href=\"https:\/\/reform.ee\/uudised\/neljapaeval-toimus-tartus-keskkonnateemaline-julgeolekutuur\/\">&#8220;Kliimajulgeolek \u2013 kindlates k\u00e4tes keskkond!&#8221; \u2013 Yoko Alender ja Raimond Tamm<\/a><\/p>\n\n\n\n<h4 class=\"wp-block-heading\"><strong>30.11 J\u00e4rva- ja Viljandimaa:<\/strong><\/h4>\n\n\n\n<p><a href=\"https:\/\/reform.ee\/uudised\/reformierakonna-julgeolekutuuril-arutleti-viljandis-majandusjulgeolekust\/\">Julgeolekutuur &#8220;Kindlates k\u00e4tes rahandus ja majandus!&#8221; \u2013 J\u00fcrgen Ligi ja Madis Timpson<\/a><\/p>\n\n\n\n<h4 class=\"wp-block-heading\"><strong>5.12 L\u00e4\u00e4ne-Virumaa:<\/strong><\/h4>\n\n\n\n<p><a href=\"https:\/\/fb.me\/e\/31RSPGDX8\">Julgeolekutuur &#8220;Kuidas tagada Eesti julgeolek?&#8221; \u2013 Hanno Pevkur ja Indrek Keskk\u00fcla<\/a><\/p>\n\n\n\n<h4 class=\"wp-block-heading\"><strong>9.12 Tartu- ja J\u00f5gevamaa:<\/strong><\/h4>\n\n\n\n<p><a href=\"https:\/\/fb.me\/e\/4Wytw4UM2\">Julgeolekutuur &#8220;Kuidas tagada Eesti toidujulgeolek?&#8221; \u2013 Urmas Kruuse ja Mait Klaassen<\/a><\/p>\n\n\n\n<h4 class=\"wp-block-heading\"><strong>14.12 Tallinn:<\/strong><\/h4>\n\n\n\n<p><a href=\"https:\/\/fb.me\/e\/2Q23ED5iv\">Julgeolekutuur &#8220;Kindlates k\u00e4tes e-riik ja merejulgeolek&#8221; \u2013 Igor Schvede, Viljar Jaamu ja Tiit Vapper<\/a><\/p>\n","protected":false},"excerpt":{"rendered":"<p>Muutlikel aegadel on oluline hoida kokku, sest ainult sel moel saame \u00fcheskoos raskustest \u00fcle. Muutunud julgeolekuolukorraga maailmas n\u00e4eme, kui olulised on liitlased ning kui t\u00e4htis roll on liitlassuhetel. Euroopa Liit ja NATO on Eesti suurimaks liitlaseks, et oleksime t\u00e4htsate otsuste tegemise juures ning v\u00f5rdv\u00e4\u00e4rse partnerina laua taga. Nii saame olla kindlad, et meie arvamust kuulatakse [&hellip;]<\/p>\n","protected":false},"author":3,"featured_media":0,"parent":0,"menu_order":0,"comment_status":"closed","ping_status":"closed","template":"","meta":{"_acf_changed":false,"footnotes":""},"class_list":["post-1173","page","type-page","status-publish","hentry"],"acf":[],"yoast_head":"<!-- This site is optimized with the Yoast SEO plugin v27.3 - https:\/\/yoast.com\/product\/yoast-seo-wordpress\/ -->\n<title>Reformierakonna julgeolekutuur | Reformierakond | Riigikogu valimised 2023<\/title>\n<meta name=\"description\" content=\"Valides Riigikogu valimistel Reformierakonda on Eesti kindlates k\u00e4tes. Kindlates k\u00e4tes Eesti t\u00e4hendab kindlates k\u00e4tes julgeolekut ja liitlassuhteid, toimetulekut, majandust ja ettev\u00f5tlust, v\u00e4lispoliitikat, tervishoidu ja kvaliteetset eestikeelset haridust.\" \/>\n<meta name=\"robots\" content=\"index, follow, max-snippet:-1, max-image-preview:large, max-video-preview:-1\" \/>\n<link rel=\"canonical\" href=\"https:\/\/reform.ee\/riigikogu-valimised-2023\/reformierakonna-julgeolekutuur\/\" \/>\n<meta property=\"og:locale\" content=\"en_US\" \/>\n<meta property=\"og:type\" content=\"article\" \/>\n<meta property=\"og:title\" content=\"Reformierakonna julgeolekutuur | Reformierakond | Riigikogu valimised 2023\" \/>\n<meta property=\"og:description\" content=\"Valides Riigikogu valimistel Reformierakonda on Eesti kindlates k\u00e4tes. Kindlates k\u00e4tes Eesti t\u00e4hendab kindlates k\u00e4tes julgeolekut ja liitlassuhteid, toimetulekut, majandust ja ettev\u00f5tlust, v\u00e4lispoliitikat, tervishoidu ja kvaliteetset eestikeelset haridust.\" \/>\n<meta property=\"og:url\" content=\"https:\/\/reform.ee\/riigikogu-valimised-2023\/reformierakonna-julgeolekutuur\/\" \/>\n<meta property=\"og:site_name\" content=\"Riigikogu valimised 2023\" \/>\n<meta property=\"article:publisher\" content=\"https:\/\/www.facebook.com\/reformierakond\" \/>\n<meta property=\"article:modified_time\" content=\"2023-01-11T14:13:15+00:00\" \/>\n<meta property=\"og:image\" content=\"https:\/\/reform.ee\/riigikogu-valimised-2023\/wp-content\/uploads\/2022\/12\/narva-julgeolek-1024x683.jpeg\" \/>\n<meta name=\"twitter:card\" content=\"summary_large_image\" \/>\n<meta name=\"twitter:description\" content=\"Valides Riigikogu valimistel Reformierakonda on Eesti kindlates k\u00e4tes. Kindlates k\u00e4tes Eesti t\u00e4hendab kindlates k\u00e4tes julgeolekut ja liitlassuhteid, toimetulekut, majandust ja ettev\u00f5tlust, v\u00e4lispoliitikat, tervishoidu ja kvaliteetset eestikeelset haridust.\" \/>\n<meta name=\"twitter:site\" content=\"@reformikad\" \/>\n<meta name=\"twitter:label1\" content=\"Est. reading time\" \/>\n\t<meta name=\"twitter:data1\" content=\"3 minutes\" \/>\n<script type=\"application\/ld+json\" class=\"yoast-schema-graph\">{\"@context\":\"https:\\\/\\\/schema.org\",\"@graph\":[{\"@type\":\"WebPage\",\"@id\":\"https:\\\/\\\/reform.ee\\\/riigikogu-valimised-2023\\\/reformierakonna-julgeolekutuur\\\/\",\"url\":\"https:\\\/\\\/reform.ee\\\/riigikogu-valimised-2023\\\/reformierakonna-julgeolekutuur\\\/\",\"name\":\"Reformierakonna julgeolekutuur | Reformierakond | Riigikogu valimised 2023\",\"isPartOf\":{\"@id\":\"https:\\\/\\\/reform.ee\\\/riigikogu-valimised-2023\\\/#website\"},\"primaryImageOfPage\":{\"@id\":\"https:\\\/\\\/reform.ee\\\/riigikogu-valimised-2023\\\/reformierakonna-julgeolekutuur\\\/#primaryimage\"},\"image\":{\"@id\":\"https:\\\/\\\/reform.ee\\\/riigikogu-valimised-2023\\\/reformierakonna-julgeolekutuur\\\/#primaryimage\"},\"thumbnailUrl\":\"https:\\\/\\\/reform.ee\\\/riigikogu-valimised-2023\\\/wp-content\\\/uploads\\\/2022\\\/12\\\/narva-julgeolek-1024x683.jpeg\",\"datePublished\":\"2022-12-07T16:08:14+00:00\",\"dateModified\":\"2023-01-11T14:13:15+00:00\",\"description\":\"Valides Riigikogu valimistel Reformierakonda on Eesti kindlates k\u00e4tes. Kindlates k\u00e4tes Eesti t\u00e4hendab kindlates k\u00e4tes julgeolekut ja liitlassuhteid, toimetulekut, majandust ja ettev\u00f5tlust, v\u00e4lispoliitikat, tervishoidu ja kvaliteetset eestikeelset haridust.\",\"breadcrumb\":{\"@id\":\"https:\\\/\\\/reform.ee\\\/riigikogu-valimised-2023\\\/reformierakonna-julgeolekutuur\\\/#breadcrumb\"},\"inLanguage\":\"en\",\"potentialAction\":[{\"@type\":\"ReadAction\",\"target\":[\"https:\\\/\\\/reform.ee\\\/riigikogu-valimised-2023\\\/reformierakonna-julgeolekutuur\\\/\"]}]},{\"@type\":\"ImageObject\",\"inLanguage\":\"en\",\"@id\":\"https:\\\/\\\/reform.ee\\\/riigikogu-valimised-2023\\\/reformierakonna-julgeolekutuur\\\/#primaryimage\",\"url\":\"https:\\\/\\\/reform.ee\\\/riigikogu-valimised-2023\\\/wp-content\\\/uploads\\\/2022\\\/12\\\/narva-julgeolek.jpeg\",\"contentUrl\":\"https:\\\/\\\/reform.ee\\\/riigikogu-valimised-2023\\\/wp-content\\\/uploads\\\/2022\\\/12\\\/narva-julgeolek.jpeg\",\"width\":2048,\"height\":1366},{\"@type\":\"BreadcrumbList\",\"@id\":\"https:\\\/\\\/reform.ee\\\/riigikogu-valimised-2023\\\/reformierakonna-julgeolekutuur\\\/#breadcrumb\",\"itemListElement\":[{\"@type\":\"ListItem\",\"position\":1,\"name\":\"Home\",\"item\":\"https:\\\/\\\/reform.ee\\\/riigikogu-valimised-2023\\\/\"},{\"@type\":\"ListItem\",\"position\":2,\"name\":\"Reformierakonna julgeolekutuur\"}]},{\"@type\":\"WebSite\",\"@id\":\"https:\\\/\\\/reform.ee\\\/riigikogu-valimised-2023\\\/#website\",\"url\":\"https:\\\/\\\/reform.ee\\\/riigikogu-valimised-2023\\\/\",\"name\":\"Riigikogu valimised 2023\",\"description\":\"Reformierakond\",\"potentialAction\":[{\"@type\":\"SearchAction\",\"target\":{\"@type\":\"EntryPoint\",\"urlTemplate\":\"https:\\\/\\\/reform.ee\\\/riigikogu-valimised-2023\\\/?s={search_term_string}\"},\"query-input\":{\"@type\":\"PropertyValueSpecification\",\"valueRequired\":true,\"valueName\":\"search_term_string\"}}],\"inLanguage\":\"en\"}]}<\/script>\n<!-- \/ Yoast SEO plugin. -->","yoast_head_json":{"title":"Reformierakonna julgeolekutuur | Reformierakond | Riigikogu valimised 2023","description":"Valides Riigikogu valimistel Reformierakonda on Eesti kindlates k\u00e4tes. Kindlates k\u00e4tes Eesti t\u00e4hendab kindlates k\u00e4tes julgeolekut ja liitlassuhteid, toimetulekut, majandust ja ettev\u00f5tlust, v\u00e4lispoliitikat, tervishoidu ja kvaliteetset eestikeelset haridust.","robots":{"index":"index","follow":"follow","max-snippet":"max-snippet:-1","max-image-preview":"max-image-preview:large","max-video-preview":"max-video-preview:-1"},"canonical":"https:\/\/reform.ee\/riigikogu-valimised-2023\/reformierakonna-julgeolekutuur\/","og_locale":"en_US","og_type":"article","og_title":"Reformierakonna julgeolekutuur | Reformierakond | Riigikogu valimised 2023","og_description":"Valides Riigikogu valimistel Reformierakonda on Eesti kindlates k\u00e4tes. Kindlates k\u00e4tes Eesti t\u00e4hendab kindlates k\u00e4tes julgeolekut ja liitlassuhteid, toimetulekut, majandust ja ettev\u00f5tlust, v\u00e4lispoliitikat, tervishoidu ja kvaliteetset eestikeelset haridust.","og_url":"https:\/\/reform.ee\/riigikogu-valimised-2023\/reformierakonna-julgeolekutuur\/","og_site_name":"Riigikogu valimised 2023","article_publisher":"https:\/\/www.facebook.com\/reformierakond","article_modified_time":"2023-01-11T14:13:15+00:00","og_image":[{"url":"https:\/\/reform.ee\/riigikogu-valimised-2023\/wp-content\/uploads\/2022\/12\/narva-julgeolek-1024x683.jpeg","type":"","width":"","height":""}],"twitter_card":"summary_large_image","twitter_description":"Valides Riigikogu valimistel Reformierakonda on Eesti kindlates k\u00e4tes. Kindlates k\u00e4tes Eesti t\u00e4hendab kindlates k\u00e4tes julgeolekut ja liitlassuhteid, toimetulekut, majandust ja ettev\u00f5tlust, v\u00e4lispoliitikat, tervishoidu ja kvaliteetset eestikeelset haridust.","twitter_site":"@reformikad","twitter_misc":{"Est. reading time":"3 minutes"},"schema":{"@context":"https:\/\/schema.org","@graph":[{"@type":"WebPage","@id":"https:\/\/reform.ee\/riigikogu-valimised-2023\/reformierakonna-julgeolekutuur\/","url":"https:\/\/reform.ee\/riigikogu-valimised-2023\/reformierakonna-julgeolekutuur\/","name":"Reformierakonna julgeolekutuur | Reformierakond | Riigikogu valimised 2023","isPartOf":{"@id":"https:\/\/reform.ee\/riigikogu-valimised-2023\/#website"},"primaryImageOfPage":{"@id":"https:\/\/reform.ee\/riigikogu-valimised-2023\/reformierakonna-julgeolekutuur\/#primaryimage"},"image":{"@id":"https:\/\/reform.ee\/riigikogu-valimised-2023\/reformierakonna-julgeolekutuur\/#primaryimage"},"thumbnailUrl":"https:\/\/reform.ee\/riigikogu-valimised-2023\/wp-content\/uploads\/2022\/12\/narva-julgeolek-1024x683.jpeg","datePublished":"2022-12-07T16:08:14+00:00","dateModified":"2023-01-11T14:13:15+00:00","description":"Valides Riigikogu valimistel Reformierakonda on Eesti kindlates k\u00e4tes. Kindlates k\u00e4tes Eesti t\u00e4hendab kindlates k\u00e4tes julgeolekut ja liitlassuhteid, toimetulekut, majandust ja ettev\u00f5tlust, v\u00e4lispoliitikat, tervishoidu ja kvaliteetset eestikeelset haridust.","breadcrumb":{"@id":"https:\/\/reform.ee\/riigikogu-valimised-2023\/reformierakonna-julgeolekutuur\/#breadcrumb"},"inLanguage":"en","potentialAction":[{"@type":"ReadAction","target":["https:\/\/reform.ee\/riigikogu-valimised-2023\/reformierakonna-julgeolekutuur\/"]}]},{"@type":"ImageObject","inLanguage":"en","@id":"https:\/\/reform.ee\/riigikogu-valimised-2023\/reformierakonna-julgeolekutuur\/#primaryimage","url":"https:\/\/reform.ee\/riigikogu-valimised-2023\/wp-content\/uploads\/2022\/12\/narva-julgeolek.jpeg","contentUrl":"https:\/\/reform.ee\/riigikogu-valimised-2023\/wp-content\/uploads\/2022\/12\/narva-julgeolek.jpeg","width":2048,"height":1366},{"@type":"BreadcrumbList","@id":"https:\/\/reform.ee\/riigikogu-valimised-2023\/reformierakonna-julgeolekutuur\/#breadcrumb","itemListElement":[{"@type":"ListItem","position":1,"name":"Home","item":"https:\/\/reform.ee\/riigikogu-valimised-2023\/"},{"@type":"ListItem","position":2,"name":"Reformierakonna julgeolekutuur"}]},{"@type":"WebSite","@id":"https:\/\/reform.ee\/riigikogu-valimised-2023\/#website","url":"https:\/\/reform.ee\/riigikogu-valimised-2023\/","name":"Riigikogu valimised 2023","description":"Reformierakond","potentialAction":[{"@type":"SearchAction","target":{"@type":"EntryPoint","urlTemplate":"https:\/\/reform.ee\/riigikogu-valimised-2023\/?s={search_term_string}"},"query-input":{"@type":"PropertyValueSpecification","valueRequired":true,"valueName":"search_term_string"}}],"inLanguage":"en"}]}},"_links":{"self":[{"href":"https:\/\/reform.ee\/riigikogu-valimised-2023\/wp-json\/wp\/v2\/pages\/1173","targetHints":{"allow":["GET"]}}],"collection":[{"href":"https:\/\/reform.ee\/riigikogu-valimised-2023\/wp-json\/wp\/v2\/pages"}],"about":[{"href":"https:\/\/reform.ee\/riigikogu-valimised-2023\/wp-json\/wp\/v2\/types\/page"}],"author":[{"embeddable":true,"href":"https:\/\/reform.ee\/riigikogu-valimised-2023\/wp-json\/wp\/v2\/users\/3"}],"replies":[{"embeddable":true,"href":"https:\/\/reform.ee\/riigikogu-valimised-2023\/wp-json\/wp\/v2\/comments?post=1173"}],"version-history":[{"count":7,"href":"https:\/\/reform.ee\/riigikogu-valimised-2023\/wp-json\/wp\/v2\/pages\/1173\/revisions"}],"predecessor-version":[{"id":3554,"href":"https:\/\/reform.ee\/riigikogu-valimised-2023\/wp-json\/wp\/v2\/pages\/1173\/revisions\/3554"}],"wp:attachment":[{"href":"https:\/\/reform.ee\/riigikogu-valimised-2023\/wp-json\/wp\/v2\/media?parent=1173"}],"curies":[{"name":"wp","href":"https:\/\/api.w.org\/{rel}","templated":true}]}}